{"id":26496,"date":"2021-05-21T16:39:04","date_gmt":"2021-05-21T16:39:04","guid":{"rendered":"https:\/\/workerscompensationlawyersatlanta.com\/?page_id=26496"},"modified":"2023-08-07T11:44:53","modified_gmt":"2023-08-07T15:44:53","slug":"informar-una-lesion-laboral","status":"publish","type":"page","link":"https:\/\/workerscompensationlawyersatlanta.com\/es\/atlanta\/informar-una-lesion-laboral\/","title":{"rendered":"Informar Una Lesi\u00f3n Laboral en Atlanta"},"content":{"rendered":"<p class=\"p1\">La compensaci\u00f3n para trabajadores, tambi\u00e9n conocida como compensaci\u00f3n para trabajadores, es una forma de seguro exigida por el gobierno que brinda beneficios monetarios a los trabajadores que se lesionan o se enferman en el curso de su empleo. Dichos beneficios se otorgan para cubrir los costos m\u00e9dicos y los salarios perdidos de los trabajadores lesionados o enfermos que pueden encontrarse fuera de sus lugares de trabajo durante mucho tiempo.<\/p>\n<p class=\"p1\">De acuerdo con la ley de Georgia, se espera que las empresas que emplean a tres o m\u00e1s trabajadores, incluidos los trabajadores a tiempo parcial, proporcionen cobertura de seguro de compensaci\u00f3n para trabajadores. En las reclamaciones de compensaci\u00f3n de trabajadores, los empleados lesionados reciben beneficios por sus da\u00f1os y, a su vez, deben renunciar a su derecho de seguir persiguiendo a su empleador o emprender cualquier otra acci\u00f3n legal.<\/p>\n<p class=\"p1\">Los reclamos de compensaci\u00f3n para trabajadores no siempre son f\u00e1ciles para los empleados, ya que algunos empleadores pueden intentar privarlos de todos sus beneficios. Es importante trabajar con un abogado experimentado en compensaci\u00f3n para trabajadores antes de presentar su reclamo para asegurarse de obtener todos los beneficios a los que tiene derecho y de presentar su reclamo a tiempo. Si est\u00e1 buscando comenzar su proceso de reclamo, ll\u00e1menos hoy a la Coalici\u00f3n de <a href=\"https:\/\/workerscompensationlawyersatlanta.com\/es\/atlanta\/abogado-de-compensacion-de-los-trabajadores\/\">Abogados de Compensaci\u00f3n para Trabajadores de Atlanta<\/a> al <a href=\"tel:+14705185026\"><i class=\"fa fa-phone-alt\"><\/i>470-518-5026<\/a> para averiguar los beneficios a los que tiene derecho en su reclamo.<\/p>\n\t\t<div data-elementor-type=\"section\" data-elementor-id=\"208\" class=\"elementor elementor-208\" data-elementor-post-type=\"elementor_library\">\n\t\t\t\t\t<section class=\"elementor-section elementor-top-section elementor-element elementor-element-485e576a elementor-section-boxed elementor-section-height-default elementor-section-height-default\" data-id=\"485e576a\" data-element_type=\"section\" data-e-type=\"section\">\n\t\t\t\t\t\t<div class=\"elementor-container elementor-column-gap-default\">\n\t\t\t\t\t<div class=\"elementor-column elementor-col-100 elementor-top-column elementor-element elementor-element-635c38c0 section-toc\" data-id=\"635c38c0\" data-element_type=\"column\" data-e-type=\"column\">\n\t\t\t<div class=\"elementor-widget-wrap elementor-element-populated\">\n\t\t\t\t\t\t<div class=\"elementor-element elementor-element-3ba95c8a elementor-toc--minimized-on-tablet elementor-widget elementor-widget-table-of-contents\" data-id=\"3ba95c8a\" data-element_type=\"widget\" data-e-type=\"widget\" data-settings=\"{&quot;exclude_headings_by_selector&quot;:&quot;.toc-remove&quot;,&quot;headings_by_tags&quot;:[&quot;h2&quot;,&quot;h3&quot;,&quot;h4&quot;,&quot;h5&quot;,&quot;h6&quot;],&quot;marker_view&quot;:&quot;numbers&quot;,&quot;no_headings_message&quot;:&quot;No se ha encontrado ning\\u00fan encabezado en esta p\\u00e1gina.&quot;,&quot;minimize_box&quot;:&quot;yes&quot;,&quot;minimized_on&quot;:&quot;tablet&quot;,&quot;hierarchical_view&quot;:&quot;yes&quot;,&quot;min_height&quot;:{&quot;unit&quot;:&quot;px&quot;,&quot;size&quot;:&quot;&quot;,&quot;sizes&quot;:[]},&quot;min_height_tablet&quot;:{&quot;unit&quot;:&quot;px&quot;,&quot;size&quot;:&quot;&quot;,&quot;sizes&quot;:[]},&quot;min_height_mobile&quot;:{&quot;unit&quot;:&quot;px&quot;,&quot;size&quot;:&quot;&quot;,&quot;sizes&quot;:[]}}\" data-widget_type=\"table-of-contents.default\">\n\t\t\t\t<div class=\"elementor-widget-container\">\n\t\t\t\t\t\t\t\t\t<div class=\"elementor-toc__header\">\n\t\t\t\t\t\t<h4 class=\"elementor-toc__header-title\">\n\t\t\t\tTable of Contents\t\t\t<\/h4>\n\t\t\t\t\t\t\t\t\t\t<div class=\"elementor-toc__toggle-button elementor-toc__toggle-button--expand\" role=\"button\" tabindex=\"0\" aria-controls=\"elementor-toc__3ba95c8a\" aria-expanded=\"true\" aria-label=\"Abrir la tabla de contenidos\"><svg aria-hidden=\"true\" class=\"e-font-icon-svg e-fas-chevron-down\" viewBox=\"0 0 448 512\" xmlns=\"http:\/\/www.w3.org\/2000\/svg\"><path d=\"M207.029 381.476L12.686 187.132c-9.373-9.373-9.373-24.569 0-33.941l22.667-22.667c9.357-9.357 24.522-9.375 33.901-.04L224 284.505l154.745-154.021c9.379-9.335 24.544-9.317 33.901.04l22.667 22.667c9.373 9.373 9.373 24.569 0 33.941L240.971 381.476c-9.373 9.372-24.569 9.372-33.942 0z\"><\/path><\/svg><\/div>\n\t\t\t\t<div class=\"elementor-toc__toggle-button elementor-toc__toggle-button--collapse\" role=\"button\" tabindex=\"0\" aria-controls=\"elementor-toc__3ba95c8a\" aria-expanded=\"true\" aria-label=\"Cerrar la tabla de contenidos\"><svg aria-hidden=\"true\" class=\"e-font-icon-svg e-fas-chevron-up\" viewBox=\"0 0 448 512\" xmlns=\"http:\/\/www.w3.org\/2000\/svg\"><path d=\"M240.971 130.524l194.343 194.343c9.373 9.373 9.373 24.569 0 33.941l-22.667 22.667c-9.357 9.357-24.522 9.375-33.901.04L224 227.495 69.255 381.516c-9.379 9.335-24.544 9.317-33.901-.04l-22.667-22.667c-9.373-9.373-9.373-24.569 0-33.941L207.03 130.525c9.372-9.373 24.568-9.373 33.941-.001z\"><\/path><\/svg><\/div>\n\t\t\t\t\t<\/div>\n\t\t\t\t<div id=\"elementor-toc__3ba95c8a\" class=\"elementor-toc__body\">\n\t\t\t<div class=\"elementor-toc__spinner-container\">\n\t\t\t\t<svg class=\"elementor-toc__spinner eicon-animation-spin e-font-icon-svg e-eicon-loading\" aria-hidden=\"true\" viewBox=\"0 0 1000 1000\" xmlns=\"http:\/\/www.w3.org\/2000\/svg\"><path d=\"M500 975V858C696 858 858 696 858 500S696 142 500 142 142 304 142 500H25C25 237 238 25 500 25S975 237 975 500 763 975 500 975Z\"><\/path><\/svg>\t\t\t<\/div>\n\t\t<\/div>\n\t\t\t\t\t\t<\/div>\n\t\t\t\t<\/div>\n\t\t\t\t\t<\/div>\n\t\t<\/div>\n\t\t\t\t\t<\/div>\n\t\t<\/section>\n\t\t\t\t<\/div>\n\t\t\n<h2 class=\"p1\">\u00bfCu\u00e1nto tiempo tengo para denunciar una lesi\u00f3n en el lugar de trabajo en Atlanta?<\/h2>\n<p class=\"p1\">De acuerdo con las leyes de compensaci\u00f3n para trabajadores de Georgia, un empleado lesionado debe proporcionar a su empleador un aviso inmediato de sus lesiones laborales. Espec\u00edficamente, la ley establece que los empleados que sufren una lesi\u00f3n en el lugar de trabajo tienen 30 d\u00edas para informar esa lesi\u00f3n a su empleador.<\/p>\n<p class=\"p1\">La disposici\u00f3n de notificaci\u00f3n de 30 d\u00edas se incluy\u00f3 en la ley de compensaci\u00f3n de trabajadores de Georgia para brindar a los empleadores tiempo suficiente para investigar el reclamo por lesiones mientras a\u00fan hay evidencia cre\u00edble disponible. Si no informa su lesi\u00f3n antes de que expire este per\u00edodo de 30 d\u00edas, puede perder su derecho a recibir los beneficios de compensaci\u00f3n para trabajadores.<\/p>\n<h2 class=\"p1\">\u00bfA qui\u00e9n tengo que informar una lesi\u00f3n en el lugar de trabajo?<\/h2>\n<p class=\"p1\">Si se lesion\u00f3 despu\u00e9s de un accidente relacionado con el trabajo o se enferm\u00f3 durante el empleo, es imperativo que informe a su empleador de su lesi\u00f3n o enfermedad dentro del tiempo permitido. En ausencia de su empleador, puede hacer el informe a su representante, su supervisor inmediato o su capataz.<\/p>\n<p class=\"p1\">Responsabilidades del empleador despu\u00e9s de una lesi\u00f3n en el lugar de trabajo<\/p>\n<p class=\"p1\">Incluso antes de una lesi\u00f3n en el lugar de trabajo, los empleadores deben proporcionar a sus empleados un lugar de trabajo seguro. En el caso de una lesi\u00f3n en el lugar de trabajo, se supone que el empleador debe recopilar todos los hechos del accidente. Estos hechos deben luego compartirse con la compa\u00f1\u00eda de seguros. De acuerdo con la ley de Georgia, los empleadores deben informar a sus compa\u00f1\u00edas de seguros sobre las lesiones de los empleados, sin importar cu\u00e1n menores sean.<\/p>\n<p class=\"p1\">Todos los detalles de la lesi\u00f3n de un empleado se informan a su compa\u00f1\u00eda de seguros en el Primer Informe de Lesi\u00f3n o documento similar. Despu\u00e9s de informar a la compa\u00f1\u00eda de seguros, la aseguradora debe informar la lesi\u00f3n a la Administraci\u00f3n de Seguridad y Salud Ocupacional (OSHA) dentro de las 24 horas.<\/p>\n<p class=\"p1\">Los empleadores tambi\u00e9n deben asegurarse de que sus empleados reciban tratamiento m\u00e9dico despu\u00e9s de su lesi\u00f3n. Esto se hace proporcionando a los empleados una lista de m\u00e9dicos en su panel de m\u00e9dicos. El empleador permite que un empleado elija un m\u00e9dico de esta lista para que le sirva como proveedor de autom\u00f3vil. Si es necesario, el empleador debe enviar al empleado a un especialista autorizado para una evaluaci\u00f3n m\u00e9dica adicional.<\/p>\n<p class=\"p1\">Responsabilidad del empleado despu\u00e9s de una lesi\u00f3n en el lugar de trabajo<\/p>\n<p class=\"p1\">Estas son algunas de las responsabilidades del empleado en un reclamo de compensaci\u00f3n para trabajadores:<\/p>\n<h3 class=\"p1\">Informe la lesi\u00f3n al empleador<\/h3>\n<p class=\"p1\">Siempre que ocurre una lesi\u00f3n en el lugar de trabajo, hay varias cosas que un empleado debe hacer para proteger su derecho a recibir los beneficios de compensaci\u00f3n para trabajadores. En primer lugar, es responsabilidad del empleado informar de su lesi\u00f3n en el lugar de trabajo y de manera oportuna. Esencialmente, deben informar la lesi\u00f3n de inmediato y no deben esperar hasta que expire el l\u00edmite de tiempo de 30 d\u00edas.<\/p>\n<h3 class=\"p1\">Busque tratamiento m\u00e9dico<\/h3>\n<p class=\"p1\">Los empleados tambi\u00e9n deben asegurarse de recibir tratamiento m\u00e9dico despu\u00e9s de su lesi\u00f3n. Deben concertar una cita con un m\u00e9dico autorizado y seg\u00fan las indicaciones de su empleador. Buscar tratamiento para otro m\u00e9dico, que no sean los aprobados por su empleador, podr\u00eda hacer que pierda su derecho a recibir los beneficios de compensaci\u00f3n para trabajadores.<\/p>\n<h3 class=\"p1\">Presentar una reclamaci\u00f3n<\/h3>\n<p class=\"p1\">Los empleados que han sufrido una lesi\u00f3n en el lugar de trabajo en Georgia tambi\u00e9n deben completar el formulario WC-14 y presentarlo ante la Junta de Compensaci\u00f3n para Trabajadores del Estado de Georgia. Se debe enviar una copia del mismo formulario al empleador y a la compa\u00f1\u00eda de seguros de compensaci\u00f3n para trabajadores.<\/p>\n<h3 class=\"p1\">Mantener registros<\/h3>\n<p class=\"p1\">Otra responsabilidad otorgada a los empleados es mantener seguros los diversos informes en un reclamo de compensaci\u00f3n de trabajadores. Deben pedir a sus empleadores una copia del informe presentado a su aseguradora. Los empleadores tambi\u00e9n deben guardar una copia del formulario WC-14 presentado ante la Junta Estatal.<\/p>\n<h3 class=\"p1\">Actualizar al empleador<\/h3>\n<p class=\"p1\">Los empleados tambi\u00e9n deben mantener actualizado a su empleador. Por ejemplo, si un m\u00e9dico le indica que se ausente del trabajo, debe dejarlo por escrito y enviarlo a su empleador. Cuando un m\u00e9dico le haga salir del trabajo por tiempo indefinido, comun\u00edqueselo a su empleador y averig\u00fce con qu\u00e9 frecuencia necesitan que llame.<\/p>\n<h2 class=\"p1\">Ll\u00e1menos hoy cuando informe una lesi\u00f3n laboral en Atlanta<\/h2>\n<p class=\"p1\">Antes de que pueda comenzar su proceso de reclamo en Atlanta, es importante comunicarse con un abogado con experiencia en compensaci\u00f3n para trabajadores. Un abogado lo guiar\u00e1 a trav\u00e9s del proceso y lo ayudar\u00e1 a evitar errores comunes en los procesos de reclamos de compensaci\u00f3n para trabajadores.<\/p>\n<p class=\"p1\">Trabajar con un abogado de compensaci\u00f3n para trabajadores de Atlanta garantizar\u00e1 que su derecho a recibir beneficios de compensaci\u00f3n para trabajadores est\u00e9 protegido. Adem\u00e1s, un abogado lo representar\u00e1 y se asegurar\u00e1 de que su reclamo no sea rechazado injustamente.<\/p>\n<h2 class=\"p1\">Conclusi\u00f3n<\/h2>\n<p class=\"p1\">La compensaci\u00f3n para trabajadores es un tipo de cobertura de seguro ordenada por el gobierno para proteger financieramente a los empleados en caso de lesiones relacionadas con el trabajo. Los empleados que se lesionan o enferman en el curso del empleo generalmente son elegibles para los beneficios de compensaci\u00f3n para trabajadores.<\/p>\n<p class=\"p1\">Es normal que la reclamaci\u00f3n de compensaci\u00f3n para trabajadores se vuelva pol\u00e9mica, ya que los empleadores pueden citar varias razones para denegar su reclamaci\u00f3n. Tener un abogado de compensaci\u00f3n para trabajadores que lo represente puede ayudarlo a evitar la denegaci\u00f3n de su reclamo y garantizar que reciba todos los beneficios de compensaci\u00f3n para trabajadores. Si ha resultado lesionado en su lugar de trabajo y desea presentar un reclamo, ll\u00e1menos hoy a la Coalici\u00f3n de Abogados de Compensaci\u00f3n Laboral al <a href=\"tel:+14705185026\"><i class=\"fa fa-phone-alt\"><\/i>470-518-5026<\/a> para conocer sus derechos legales y opciones en su caso.<\/p>\n","protected":false},"excerpt":{"rendered":"<p>La compensaci\u00f3n para trabajadores, tambi\u00e9n conocida como compensaci\u00f3n para trabajadores, es una forma de seguro exigida por el gobierno que brinda beneficios monetarios a los trabajadores que se lesionan o se enferman en el curso de su empleo. Dichos beneficios se otorgan para cubrir los costos m\u00e9dicos y los salarios perdidos de los trabajadores lesionados [&hellip;]<\/p>\n","protected":false},"author":38,"featured_media":0,"parent":26580,"menu_order":0,"comment_status":"closed","ping_status":"closed","template":"","meta":{"_acf_changed":false,"rank_math_title":"Lesi\u00f3n laboral en un caso de compensaci\u00f3n laboral","rank_math_description":"","anchor_text":"","footnotes":""},"categories":[55],"tags":[62,134],"class_list":["post-26496","page","type-page","status-publish","hentry","category-atlanta-location-es","tag-compensacion-de-trabajadores","tag-workers-compensation-es-2"],"acf":[],"_links":{"self":[{"href":"https:\/\/workerscompensationlawyersatlanta.com\/es\/wp-json\/wp\/v2\/pages\/26496","targetHints":{"allow":["GET"]}}],"collection":[{"href":"https:\/\/workerscompensationlawyersatlanta.com\/es\/wp-json\/wp\/v2\/pages"}],"about":[{"href":"https:\/\/workerscompensationlawyersatlanta.com\/es\/wp-json\/wp\/v2\/types\/page"}],"author":[{"embeddable":true,"href":"https:\/\/workerscompensationlawyersatlanta.com\/es\/wp-json\/wp\/v2\/users\/38"}],"replies":[{"embeddable":true,"href":"https:\/\/workerscompensationlawyersatlanta.com\/es\/wp-json\/wp\/v2\/comments?post=26496"}],"version-history":[{"count":0,"href":"https:\/\/workerscompensationlawyersatlanta.com\/es\/wp-json\/wp\/v2\/pages\/26496\/revisions"}],"up":[{"embeddable":true,"href":"https:\/\/workerscompensationlawyersatlanta.com\/es\/wp-json\/wp\/v2\/pages\/26580"}],"wp:attachment":[{"href":"https:\/\/workerscompensationlawyersatlanta.com\/es\/wp-json\/wp\/v2\/media?parent=26496"}],"wp:term":[{"taxonomy":"category","embeddable":true,"href":"https:\/\/workerscompensationlawyersatlanta.com\/es\/wp-json\/wp\/v2\/categories?post=26496"},{"taxonomy":"post_tag","embeddable":true,"href":"https:\/\/workerscompensationlawyersatlanta.com\/es\/wp-json\/wp\/v2\/tags?post=26496"}],"curies":[{"name":"wp","href":"https:\/\/api.w.org\/{rel}","templated":true}]}}