{"id":26497,"date":"2021-05-21T16:43:20","date_gmt":"2021-05-21T16:43:20","guid":{"rendered":"https:\/\/workerscompensationlawyersatlanta.com\/?page_id=26497"},"modified":"2021-05-28T16:00:24","modified_gmt":"2021-05-28T16:00:24","slug":"disputas-de-compensacion-para-trabajadores","status":"publish","type":"page","link":"https:\/\/workerscompensationlawyersatlanta.com\/es\/alpharetta\/disputas-de-compensacion-para-trabajadores\/","title":{"rendered":"Disputas de Compensaci\u00f3n para Trabajadores en Alpharetta"},"content":{"rendered":"<p class=\"p1\">Hay tantas razones para una disputa de compensaci\u00f3n laboral como trabajadores. Dicho esto, si usted o un ser querido siente que tiene una inquietud que pueda ser una disputa de compensaci\u00f3n laboral, debe comprender c\u00f3mo presentar una demanda. Ya sea que a usted o un ser querido se le haya negado un trabajo por razones desconocidas, haya incumplido una fecha l\u00edmite, se haya lesionado, se haya enfermado o haya muerto en el trabajo debido a negligencia, usted merece una representaci\u00f3n justa en un tribunal de justicia. Es importante contratar a un profesional que comprenda c\u00f3mo funcionan las leyes en el estado de Georgia con respecto a la <a href=\"https:\/\/workerscompensationlawyersatlanta.com\/es\/alpharetta\/abogado-de-compensacion-de-los-trabajadores\/\">compensaci\u00f3n de trabajadores<\/a>. El estado de Georgia tiene muchas fechas l\u00edmite para la informaci\u00f3n que debe presentarse y si no cumple con una fecha l\u00edmite, es posible que no reciba su compensaci\u00f3n, por lo que al contratar a un abogado con experiencia reducir\u00e1 en gran medida el riesgo de no cumplir con las fechas l\u00edmite.<\/p>\n<p class=\"p1\">Es posible que merezca una compensaci\u00f3n por lesiones o una enfermedad debido a negligencia o un accidente en el trabajo, es posible que haya perdido a un ser querido debido a la negligencia de otra persona o puede haber otro problema en el pedido que debe abordarse, independientemente de la raz\u00f3n por la que merecen una compensaci\u00f3n por el dolor y el sufrimiento, el tiempo perdido en el trabajo, los salarios perdidos y las facturas m\u00e9dicas. No se arriesgue a perderse la compensaci\u00f3n que se merece, contrate a un abogado profesional y haga que su caso sea escuchado por profesionales en un tribunal de justicia. Cuanto antes presente la solicitud, antes podr\u00e1 recibir una compensaci\u00f3n por sus lesiones o enfermedades u otra situaci\u00f3n.<\/p>\n\t\t<div data-elementor-type=\"section\" data-elementor-id=\"208\" class=\"elementor elementor-208\" data-elementor-post-type=\"elementor_library\">\n\t\t\t\t\t<section class=\"elementor-section elementor-top-section elementor-element elementor-element-485e576a elementor-section-boxed elementor-section-height-default elementor-section-height-default\" data-id=\"485e576a\" data-element_type=\"section\" data-e-type=\"section\">\n\t\t\t\t\t\t<div class=\"elementor-container elementor-column-gap-default\">\n\t\t\t\t\t<div class=\"elementor-column elementor-col-100 elementor-top-column elementor-element elementor-element-635c38c0 section-toc\" data-id=\"635c38c0\" data-element_type=\"column\" data-e-type=\"column\">\n\t\t\t<div class=\"elementor-widget-wrap elementor-element-populated\">\n\t\t\t\t\t\t<div class=\"elementor-element elementor-element-3ba95c8a elementor-toc--minimized-on-tablet elementor-widget elementor-widget-table-of-contents\" data-id=\"3ba95c8a\" data-element_type=\"widget\" data-e-type=\"widget\" data-settings=\"{&quot;exclude_headings_by_selector&quot;:&quot;.toc-remove&quot;,&quot;headings_by_tags&quot;:[&quot;h2&quot;,&quot;h3&quot;,&quot;h4&quot;,&quot;h5&quot;,&quot;h6&quot;],&quot;marker_view&quot;:&quot;numbers&quot;,&quot;no_headings_message&quot;:&quot;No headings were found on this page.&quot;,&quot;minimize_box&quot;:&quot;yes&quot;,&quot;minimized_on&quot;:&quot;tablet&quot;,&quot;hierarchical_view&quot;:&quot;yes&quot;,&quot;min_height&quot;:{&quot;unit&quot;:&quot;px&quot;,&quot;size&quot;:&quot;&quot;,&quot;sizes&quot;:[]},&quot;min_height_tablet&quot;:{&quot;unit&quot;:&quot;px&quot;,&quot;size&quot;:&quot;&quot;,&quot;sizes&quot;:[]},&quot;min_height_mobile&quot;:{&quot;unit&quot;:&quot;px&quot;,&quot;size&quot;:&quot;&quot;,&quot;sizes&quot;:[]}}\" data-widget_type=\"table-of-contents.default\">\n\t\t\t\t<div class=\"elementor-widget-container\">\n\t\t\t\t\t\t\t\t\t<div class=\"elementor-toc__header\">\n\t\t\t\t\t\t<h4 class=\"elementor-toc__header-title\">\n\t\t\t\tTable of Contents\t\t\t<\/h4>\n\t\t\t\t\t\t\t\t\t\t<div class=\"elementor-toc__toggle-button elementor-toc__toggle-button--expand\" role=\"button\" tabindex=\"0\" aria-controls=\"elementor-toc__3ba95c8a\" aria-expanded=\"true\" aria-label=\"Open table of contents\"><svg aria-hidden=\"true\" class=\"e-font-icon-svg e-fas-chevron-down\" viewBox=\"0 0 448 512\" xmlns=\"http:\/\/www.w3.org\/2000\/svg\"><path d=\"M207.029 381.476L12.686 187.132c-9.373-9.373-9.373-24.569 0-33.941l22.667-22.667c9.357-9.357 24.522-9.375 33.901-.04L224 284.505l154.745-154.021c9.379-9.335 24.544-9.317 33.901.04l22.667 22.667c9.373 9.373 9.373 24.569 0 33.941L240.971 381.476c-9.373 9.372-24.569 9.372-33.942 0z\"><\/path><\/svg><\/div>\n\t\t\t\t<div class=\"elementor-toc__toggle-button elementor-toc__toggle-button--collapse\" role=\"button\" tabindex=\"0\" aria-controls=\"elementor-toc__3ba95c8a\" aria-expanded=\"true\" aria-label=\"Close table of contents\"><svg aria-hidden=\"true\" class=\"e-font-icon-svg e-fas-chevron-up\" viewBox=\"0 0 448 512\" xmlns=\"http:\/\/www.w3.org\/2000\/svg\"><path d=\"M240.971 130.524l194.343 194.343c9.373 9.373 9.373 24.569 0 33.941l-22.667 22.667c-9.357 9.357-24.522 9.375-33.901.04L224 227.495 69.255 381.516c-9.379 9.335-24.544 9.317-33.901-.04l-22.667-22.667c-9.373-9.373-9.373-24.569 0-33.941L207.03 130.525c9.372-9.373 24.568-9.373 33.941-.001z\"><\/path><\/svg><\/div>\n\t\t\t\t\t<\/div>\n\t\t\t\t<div id=\"elementor-toc__3ba95c8a\" class=\"elementor-toc__body\">\n\t\t\t<div class=\"elementor-toc__spinner-container\">\n\t\t\t\t<svg class=\"elementor-toc__spinner eicon-animation-spin e-font-icon-svg e-eicon-loading\" aria-hidden=\"true\" viewBox=\"0 0 1000 1000\" xmlns=\"http:\/\/www.w3.org\/2000\/svg\"><path d=\"M500 975V858C696 858 858 696 858 500S696 142 500 142 142 304 142 500H25C25 237 238 25 500 25S975 237 975 500 763 975 500 975Z\"><\/path><\/svg>\t\t\t<\/div>\n\t\t<\/div>\n\t\t\t\t\t\t<\/div>\n\t\t\t\t<\/div>\n\t\t\t\t\t<\/div>\n\t\t<\/div>\n\t\t\t\t\t<\/div>\n\t\t<\/section>\n\t\t\t\t<\/div>\n\t\t\n<h2 class=\"p1\">Causas de disputas por compensaci\u00f3n laboral<\/h2>\n<p class=\"p1\">Como se indic\u00f3 anteriormente, hay muchas razones por las que una persona puede solicitar una compensaci\u00f3n para trabajadores. Desde lesiones hasta enfermedades debidas a negligencia o mal funcionamiento del equipo hasta otras situaciones que pueden ser muy detalladas y espec\u00edficas, es posible que una persona desee presentar una reclamaci\u00f3n de compensaci\u00f3n para trabajadores.<\/p>\n<p class=\"p1\">En el estado de Georgia, tiene un a\u00f1o a partir de la fecha de la lesi\u00f3n para presentar su reclamo de compensaci\u00f3n laboral. Si no presenta la solicitud dentro del plazo de un a\u00f1o, es posible que se pierda cualquier compensaci\u00f3n que se le deba por sus lesiones o enfermedad.<\/p>\n<h2 class=\"p1\">Qu\u00e9 hacer si su reclamo de indemnizaci\u00f3n laboral es rechazado en el estado de Georgia<\/h2>\n<p class=\"p1\">Si presenta un reclamo de compensaci\u00f3n para trabajadores en el estado de Georgia y se le niega, puede solicitar una audiencia ante la Comisi\u00f3n Industrial, siempre que haya presentado su reclamo de compensaci\u00f3n para trabajadores dentro del plazo de un a\u00f1o a partir de la fecha de su lesi\u00f3n. o enfermedad. La mayor\u00eda de las personas optan por contratar a un abogado que est\u00e9 bien versado en reclamos de compensaci\u00f3n laboral para presentar el reclamo o la apelaci\u00f3n en su nombre.<\/p>\n<p class=\"p1\">Un abogado con experiencia en el campo de la compensaci\u00f3n del trabajador sabr\u00e1 exactamente qu\u00e9 formularios y documentos deben llenarse y presentarse y tendr\u00e1 una comprensi\u00f3n completa y completa de los tribunales y c\u00f3mo funcionan. Obtendr\u00e1 una consulta gratuita y, dependiendo del abogado que contrate, es posible que no tenga que pagar a menos que gane su caso.<\/p>\n<h2 class=\"p1\">Tipos de disputas por compensaci\u00f3n laboral<\/h2>\n<p class=\"p1\">Hay algunos tipos diferentes de disputas por compensaci\u00f3n laboral. Su abogado podr\u00e1 asesorarlo sobre c\u00f3mo proceder si tiene una disputa con respecto a problemas m\u00e9dicos o su reclamo de compensaci\u00f3n para trabajadores. Se hace todo lo posible para llegar a un acuerdo entre el empleador y el empleado. Cada disputa se maneja caso por caso y se evaluar\u00e1 completamente para llegar a un acuerdo aceptable entre las dos partes.<\/p>\n<h2 class=\"p1\">Proceso de apelaciones y disputas de compensaci\u00f3n laboral en Georgia<\/h2>\n<p class=\"p1\">En el estado de Georgia, si se le niega su reclamo de compensaci\u00f3n laboral, su abogado podr\u00e1 presentar una apelaci\u00f3n por usted. Hay muchas opciones a considerar si se le niega su reclamo de compensaci\u00f3n laboral. Por esta raz\u00f3n, es importante que tan pronto como se lesione o se enferme, contrate a un abogado para que lo ayude con su reclamo de compensaci\u00f3n para trabajadores. Hay muchos plazos que deben cumplirse para procesar su reclamo a trav\u00e9s del sistema judicial. Si no cumple con una fecha l\u00edmite, es posible que no pueda presentar su reclamo en absoluto y perder\u00e1 cualquier compensaci\u00f3n que se le deba. Si comienza con un abogado, su abogado conocer\u00e1 todas las reglas y regulaciones, as\u00ed como los plazos para presentar su reclamo, por lo que ser\u00e1 menos probable que su reclamo sea denegado. Si se rechaza su reclamo, su abogado ser\u00e1 su mejor recurso para apelar y disputar el rechazo para que reciba alguna forma de compensaci\u00f3n por su lesi\u00f3n o enfermedad.<\/p>\n<p class=\"p1\">Si usted o un ser querido se lesion\u00f3, enferm\u00f3 o incluso muri\u00f3 mientras estaba en el trabajo, merece una compensaci\u00f3n justa por las lesiones, la enfermedad o la muerte de su ser querido. Es importante abordar esto de la manera correcta, por lo que siempre es aconsejable contratar a un abogado y presentar su reclamo a trav\u00e9s de los tribunales legales lo antes posible. Tiene un a\u00f1o a partir de la fecha de la lesi\u00f3n, enfermedad o muerte de su ser querido para presentar su reclamo de compensaci\u00f3n para trabajadores, por lo que debe hacerlo r\u00e1pidamente.<\/p>\n<p class=\"p1\">Hay varias fases en el proceso y un abogado podr\u00e1 ayudarlo a cumplir con cada fecha l\u00edmite y mostrar la documentaci\u00f3n requerida para obtener su compensaci\u00f3n. Mereces una compensaci\u00f3n justa por los salarios perdidos, el dolor y el sufrimiento y tus facturas m\u00e9dicas. No deje esto al azar, contrate a un abogado con experiencia en compensaci\u00f3n para trabajadores hoy y comience su camino hacia la recuperaci\u00f3n financiera.<\/p>\n<p class=\"p1\">Ll\u00e1menos hoy y perm\u00edtanos ayudarlo a recuperar el dinero que perdi\u00f3 al lesionarse o enfermarse en el trabajo con una consulta gratuita, la consulta es gratuita y no tiene nada que perder. Lo ayudaremos a obtener la informaci\u00f3n correcta archivada y documentada para que pueda recuperar sus salarios perdidos y facturas m\u00e9dicas, as\u00ed como el dolor y el sufrimiento.<\/p>\n","protected":false},"excerpt":{"rendered":"<p>Hay tantas razones para una disputa de compensaci\u00f3n laboral como trabajadores. Dicho esto, si usted o un ser querido siente que tiene una inquietud que pueda ser una disputa de compensaci\u00f3n laboral, debe comprender c\u00f3mo presentar una demanda. Ya sea que a usted o un ser querido se le haya negado un trabajo por razones [&hellip;]<\/p>\n","protected":false},"author":38,"featured_media":26462,"parent":26581,"menu_order":0,"comment_status":"closed","ping_status":"closed","template":"","meta":{"_acf_changed":false,"rank_math_title":"Comprensi\u00f3n de las disputas de indemnizaci\u00f3n laboral de Alpharetta","rank_math_description":"","anchor_text":"","footnotes":""},"categories":[54],"tags":[62,134],"class_list":["post-26497","page","type-page","status-publish","has-post-thumbnail","hentry","category-alpharetta-location","tag-compensacion-de-trabajadores","tag-workers-compensation-es-2"],"acf":[],"_links":{"self":[{"href":"https:\/\/workerscompensationlawyersatlanta.com\/es\/wp-json\/wp\/v2\/pages\/26497","targetHints":{"allow":["GET"]}}],"collection":[{"href":"https:\/\/workerscompensationlawyersatlanta.com\/es\/wp-json\/wp\/v2\/pages"}],"about":[{"href":"https:\/\/workerscompensationlawyersatlanta.com\/es\/wp-json\/wp\/v2\/types\/page"}],"author":[{"embeddable":true,"href":"https:\/\/workerscompensationlawyersatlanta.com\/es\/wp-json\/wp\/v2\/users\/38"}],"replies":[{"embeddable":true,"href":"https:\/\/workerscompensationlawyersatlanta.com\/es\/wp-json\/wp\/v2\/comments?post=26497"}],"version-history":[{"count":0,"href":"https:\/\/workerscompensationlawyersatlanta.com\/es\/wp-json\/wp\/v2\/pages\/26497\/revisions"}],"up":[{"embeddable":true,"href":"https:\/\/workerscompensationlawyersatlanta.com\/es\/wp-json\/wp\/v2\/pages\/26581"}],"wp:featuredmedia":[{"embeddable":true,"href":"https:\/\/workerscompensationlawyersatlanta.com\/es\/wp-json\/wp\/v2\/media\/26462"}],"wp:attachment":[{"href":"https:\/\/workerscompensationlawyersatlanta.com\/es\/wp-json\/wp\/v2\/media?parent=26497"}],"wp:term":[{"taxonomy":"category","embeddable":true,"href":"https:\/\/workerscompensationlawyersatlanta.com\/es\/wp-json\/wp\/v2\/categories?post=26497"},{"taxonomy":"post_tag","embeddable":true,"href":"https:\/\/workerscompensationlawyersatlanta.com\/es\/wp-json\/wp\/v2\/tags?post=26497"}],"curies":[{"name":"wp","href":"https:\/\/api.w.org\/{rel}","templated":true}]}}