{"id":26499,"date":"2021-05-21T16:48:37","date_gmt":"2021-05-21T16:48:37","guid":{"rendered":"https:\/\/workerscompensationlawyersatlanta.com\/?page_id=26499"},"modified":"2021-05-28T15:53:53","modified_gmt":"2021-05-28T15:53:53","slug":"maxima-mejora-medica","status":"publish","type":"page","link":"https:\/\/workerscompensationlawyersatlanta.com\/es\/alpharetta\/maxima-mejora-medica\/","title":{"rendered":"Compensaci\u00f3n de Trabajadores M\u00e1xima Mejora M\u00e9dica en Alpharetta"},"content":{"rendered":"<p class=\"p1\">Los empleados sufren lesiones y enferman debido a sus funciones. Cuando se enferma o se lesiona en el lugar de trabajo en Alpharetta, tiene derecho a reclamar una compensaci\u00f3n bajo el seguro de compensaci\u00f3n para trabajadores en Georgia. Los reclamos de compensaci\u00f3n para trabajadores son complicados y requieren la asistencia de un abogado de compensaci\u00f3n para trabajadores en Alpharetta GA.<\/p>\n<p class=\"p1\">Alpharetta tiene muchos abogados de compensaci\u00f3n para trabajadores, pero no todos son de primera categor\u00eda. Su investigaci\u00f3n es crucial para seleccionar el mejor abogado de WC para manejar su reclamo. Su empleador y su compa\u00f1\u00eda de seguros confiar\u00e1n en los mejores abogados de WC de la ciudad para defender su lado del caso. Cuando est\u00e9 buscando los mejores <a href=\"https:\/\/workerscompensationlawyersatlanta.com\/es\/alpharetta\/abogado-de-compensacion-de-los-trabajadores\/\">abogados de compensaci\u00f3n para trabajadores en Alpharetta<\/a>, no necesita buscar m\u00e1s all\u00e1 de la Coalici\u00f3n de Abogados de Compensaci\u00f3n para Trabajadores de Atlanta. Somos uno de los mejores bufetes de abogados de lesiones personales que operan en la regi\u00f3n. Nuestro equipo de abogados de lesiones personales ha manejado cientos de reclamos de compensaci\u00f3n laboral y ha ganado millones de d\u00f3lares en nombre de sus clientes. Es por eso que muchos trabajadores lesionados en Alpharetta recurren a nosotros para manejar sus casos.<\/p>\n<p class=\"p1\">Los abogados de lesiones personales de la Coalici\u00f3n de Abogados de Compensaci\u00f3n Laboral de Atlanta lo tratan como una persona y no solo como un n\u00famero. Su caso es muy importante para nosotros porque lo es para usted. No tiene que preocuparse por c\u00f3mo nos pagar\u00e1 porque trabajamos de manera contingente. Le cobramos solo despu\u00e9s de que ganemos su caso y obtengamos los beneficios de compensaci\u00f3n para trabajadores que necesita. Cuando se lesiona en el trabajo, tratar con las compa\u00f1\u00edas de seguros y sus abogados puede ser abrumador. Conf\u00ede en nuestros abogados de WC para atender su reclamo mientras usted se concentra en curar sus lesiones. Comun\u00edquese con la Coalici\u00f3n de Abogados de Compensaci\u00f3n para Trabajadores de Atlanta para obtener una evaluaci\u00f3n gratuita de su caso y conocer sus derechos legales en Alpharetta GA.<\/p>\n\t\t<div data-elementor-type=\"section\" data-elementor-id=\"208\" class=\"elementor elementor-208\" data-elementor-post-type=\"elementor_library\">\n\t\t\t\t\t<section class=\"elementor-section elementor-top-section elementor-element elementor-element-485e576a elementor-section-boxed elementor-section-height-default elementor-section-height-default\" data-id=\"485e576a\" data-element_type=\"section\" data-e-type=\"section\">\n\t\t\t\t\t\t<div class=\"elementor-container elementor-column-gap-default\">\n\t\t\t\t\t<div class=\"elementor-column elementor-col-100 elementor-top-column elementor-element elementor-element-635c38c0 section-toc\" data-id=\"635c38c0\" data-element_type=\"column\" data-e-type=\"column\">\n\t\t\t<div class=\"elementor-widget-wrap elementor-element-populated\">\n\t\t\t\t\t\t<div class=\"elementor-element elementor-element-3ba95c8a elementor-toc--minimized-on-tablet elementor-widget elementor-widget-table-of-contents\" data-id=\"3ba95c8a\" data-element_type=\"widget\" data-e-type=\"widget\" data-settings=\"{&quot;exclude_headings_by_selector&quot;:&quot;.toc-remove&quot;,&quot;headings_by_tags&quot;:[&quot;h2&quot;,&quot;h3&quot;,&quot;h4&quot;,&quot;h5&quot;,&quot;h6&quot;],&quot;marker_view&quot;:&quot;numbers&quot;,&quot;no_headings_message&quot;:&quot;No headings were found on this page.&quot;,&quot;minimize_box&quot;:&quot;yes&quot;,&quot;minimized_on&quot;:&quot;tablet&quot;,&quot;hierarchical_view&quot;:&quot;yes&quot;,&quot;min_height&quot;:{&quot;unit&quot;:&quot;px&quot;,&quot;size&quot;:&quot;&quot;,&quot;sizes&quot;:[]},&quot;min_height_tablet&quot;:{&quot;unit&quot;:&quot;px&quot;,&quot;size&quot;:&quot;&quot;,&quot;sizes&quot;:[]},&quot;min_height_mobile&quot;:{&quot;unit&quot;:&quot;px&quot;,&quot;size&quot;:&quot;&quot;,&quot;sizes&quot;:[]}}\" data-widget_type=\"table-of-contents.default\">\n\t\t\t\t<div class=\"elementor-widget-container\">\n\t\t\t\t\t\t\t\t\t<div class=\"elementor-toc__header\">\n\t\t\t\t\t\t<h4 class=\"elementor-toc__header-title\">\n\t\t\t\tTable of Contents\t\t\t<\/h4>\n\t\t\t\t\t\t\t\t\t\t<div class=\"elementor-toc__toggle-button elementor-toc__toggle-button--expand\" role=\"button\" tabindex=\"0\" aria-controls=\"elementor-toc__3ba95c8a\" aria-expanded=\"true\" aria-label=\"Open table of contents\"><svg aria-hidden=\"true\" class=\"e-font-icon-svg e-fas-chevron-down\" viewBox=\"0 0 448 512\" xmlns=\"http:\/\/www.w3.org\/2000\/svg\"><path d=\"M207.029 381.476L12.686 187.132c-9.373-9.373-9.373-24.569 0-33.941l22.667-22.667c9.357-9.357 24.522-9.375 33.901-.04L224 284.505l154.745-154.021c9.379-9.335 24.544-9.317 33.901.04l22.667 22.667c9.373 9.373 9.373 24.569 0 33.941L240.971 381.476c-9.373 9.372-24.569 9.372-33.942 0z\"><\/path><\/svg><\/div>\n\t\t\t\t<div class=\"elementor-toc__toggle-button elementor-toc__toggle-button--collapse\" role=\"button\" tabindex=\"0\" aria-controls=\"elementor-toc__3ba95c8a\" aria-expanded=\"true\" aria-label=\"Close table of contents\"><svg aria-hidden=\"true\" class=\"e-font-icon-svg e-fas-chevron-up\" viewBox=\"0 0 448 512\" xmlns=\"http:\/\/www.w3.org\/2000\/svg\"><path d=\"M240.971 130.524l194.343 194.343c9.373 9.373 9.373 24.569 0 33.941l-22.667 22.667c-9.357 9.357-24.522 9.375-33.901.04L224 227.495 69.255 381.516c-9.379 9.335-24.544 9.317-33.901-.04l-22.667-22.667c-9.373-9.373-9.373-24.569 0-33.941L207.03 130.525c9.372-9.373 24.568-9.373 33.941-.001z\"><\/path><\/svg><\/div>\n\t\t\t\t\t<\/div>\n\t\t\t\t<div id=\"elementor-toc__3ba95c8a\" class=\"elementor-toc__body\">\n\t\t\t<div class=\"elementor-toc__spinner-container\">\n\t\t\t\t<svg class=\"elementor-toc__spinner eicon-animation-spin e-font-icon-svg e-eicon-loading\" aria-hidden=\"true\" viewBox=\"0 0 1000 1000\" xmlns=\"http:\/\/www.w3.org\/2000\/svg\"><path d=\"M500 975V858C696 858 858 696 858 500S696 142 500 142 142 304 142 500H25C25 237 238 25 500 25S975 237 975 500 763 975 500 975Z\"><\/path><\/svg>\t\t\t<\/div>\n\t\t<\/div>\n\t\t\t\t\t\t<\/div>\n\t\t\t\t<\/div>\n\t\t\t\t\t<\/div>\n\t\t<\/div>\n\t\t\t\t\t<\/div>\n\t\t<\/section>\n\t\t\t\t<\/div>\n\t\t\n<h2 class=\"p1\">\u00bfQu\u00e9 es la Mejora M\u00e9dica M\u00e1xima (MMI)?<\/h2>\n<p class=\"p1\">La Mejora M\u00e9dica M\u00e1xima (MMI) es cuando las lesiones de un empleado lesionado han mejorado tanto como es posible desde el punto de vista m\u00e9dico, pero a\u00fan pueden sufrir dolor y discapacidad por el resto de su vida. El profesional m\u00e9dico determinar\u00e1 que el empleado no seguir\u00e1 mejorando ya que ha alcanzado la mejor\u00eda m\u00e1xima. MMI puede ocurrir mientras el empleado todav\u00eda est\u00e1 recibiendo tratamiento. El prop\u00f3sito de los tratamientos es mantener un cierto nivel de funcionalidad en el empleado. Los tratamientos pueden ser continuos si se trata del manejo del dolor.<\/p>\n<p class=\"p1\">Al empleado se le asignar\u00e1 una calificaci\u00f3n de discapacidad parcial permanente, que representa las funciones reducidas del organismo. Esta clasificaci\u00f3n puede variar seg\u00fan la parte del cuerpo que result\u00f3 lesionada en el accidente. La calificaci\u00f3n de discapacidad parcial permanente juega un papel importante en el c\u00e1lculo de los beneficios por discapacidad que debe recibir el empleado.<\/p>\n<h2 class=\"p1\">\u00bfQui\u00e9n determina cu\u00e1ndo el empleado ha logrado la m\u00e1xima mejor\u00eda m\u00e9dica de Alpharetta?<\/h2>\n<p class=\"p1\">Un m\u00e9dico calificado debe determinar que el empleado ha logrado la m\u00e1xima mejora m\u00e9dica o MMI. El empleador, la compa\u00f1\u00eda de seguros, el fisioterapeuta o cualquier otra persona no pueden determinar la mejor\u00eda m\u00e9dica m\u00e1xima del empleado lesionado. Solo el m\u00e9dico tratante autorizado tiene derecho a determinar el MMI. De hecho, incluso si el trabajador lesionado siente que ha mejorado y est\u00e1 listo para continuar, no puede recibir ning\u00fan beneficio por discapacidad sin la autorizaci\u00f3n del m\u00e9dico tratante.<\/p>\n<p class=\"p1\">Una vez que el trabajador lesionado haya alcanzado el MMI, se le asignar\u00e1 una calificaci\u00f3n de discapacidad parcial permanente. La legislatura estatal de Georgia ha establecido una f\u00f3rmula para calcular la calificaci\u00f3n en d\u00f3lares. Cada parte del cuerpo del empleado lesionado vale una cantidad diferente de semanas de beneficios por discapacidad seg\u00fan la ley de WC de Georgia.<\/p>\n<p class=\"p1\">El hecho de que un empleado lesionado haya alcanzado el MMI no significa que los beneficios por discapacidad temporal deban detenerse. La ley de Georgia garantiza estos beneficios al empleado lesionado incluso despu\u00e9s de que haya alcanzado el MMI. La mayor\u00eda de las veces, cuando el trabajador lesionado llega a MMI, es hora de resolver el caso. Debe discutir su tratamiento m\u00e9dico con su abogado de WC en todo momento para que \u00e9l o ella pueda determinar el mejor momento para resolver su caso.\u00bfContin\u00faa el tratamiento m\u00e9dico despu\u00e9s de un diagn\u00f3stico de MMI?<\/p>\n<p class=\"p1\">Por lo general, el tratamiento m\u00e9dico puede continuar incluso despu\u00e9s de alcanzar la m\u00e1xima mejor\u00eda m\u00e9dica cuando no est\u00e1 aprobado para trabajar sin restricciones. Incluso si su m\u00e9dico determina que est\u00e1 en su MMI, puede obtener una segunda opini\u00f3n de otro m\u00e9dico si no cree que eso sea cierto. Si el segundo m\u00e9dico decide que existen otros tratamientos para mejorar su condici\u00f3n, la compensaci\u00f3n de trabajadores puede pagar por atenci\u00f3n adicional.<\/p>\n<h2 class=\"p1\">\u00bfQu\u00e9 sucede si no puede regresar a trabajar y desempe\u00f1arse al mismo nivel despu\u00e9s de su diagn\u00f3stico de MMI?<\/h2>\n<p class=\"p1\">Si su empleador no puede ofrecerle otro puesto, WC le proporcionar\u00e1 rehabilitaci\u00f3n vocacional. Significa que debe reunirse con un consejero vocacional para obtener una lista semanal de entrevistas de trabajo a las que seguramente asistir\u00e1 o perder\u00e1 sus beneficios.<\/p>\n<h2 class=\"p1\">\u00a1Ll\u00e1menos hoy para comprender su mejora m\u00e9dica m\u00e1xima Alpharetta!<\/h2>\n<p class=\"p1\">Una vez que se d\u00e9 cuenta de la importancia que tiene llegar a MMI en su futuro, es f\u00e1cil ver por qu\u00e9 necesita un buen abogado de WC para manejar su caso. Necesita un abogado de WC que haya manejado casos similares en el pasado y sepa c\u00f3mo lidiar con su situaci\u00f3n espec\u00edfica. \u00c9l o ella debe tener una experiencia profunda y un historial de manejo exitoso de reclamos de WC en Alpharetta GA. Los abogados de lesiones personales de la Coalici\u00f3n de Abogados de Compensaci\u00f3n Laboral de Atlanta est\u00e1n altamente especializados en el tratamiento de demandas de compensaci\u00f3n laboral en Alpharetta. Ellos comprenden el impacto de su lesi\u00f3n y llegar a MMI ha tenido en cada \u00e1rea de su vida. Son su elecci\u00f3n perfecta para representarlo en cualquier etapa del proceso de compensaci\u00f3n para trabajadores.<\/p>\n<h2 class=\"p1\">Conclusi\u00f3n<\/h2>\n<p class=\"p1\">Cuando se lesiona en el trabajo, tiene derecho a reclamar una compensaci\u00f3n del seguro de WC de su empleador. La ley de compensaci\u00f3n para trabajadores de Georgia es complicada y requiere asistencia profesional para manejar su reclamo. La Coalici\u00f3n de Abogados de Compensaci\u00f3n para Trabajadores de Atlanta es su socio de confianza en Alpharetta para manejar su reclamo. Comun\u00edquese con la Coalici\u00f3n de Abogados de Compensaci\u00f3n para Trabajadores de Atlanta para obtener una evaluaci\u00f3n gratuita de su caso y conocer sus derechos legales en Alpharetta GA.<\/p>\n","protected":false},"excerpt":{"rendered":"<p>Los empleados sufren lesiones y enferman debido a sus funciones. Cuando se enferma o se lesiona en el lugar de trabajo en Alpharetta, tiene derecho a reclamar una compensaci\u00f3n bajo el seguro de compensaci\u00f3n para trabajadores en Georgia. Los reclamos de compensaci\u00f3n para trabajadores son complicados y requieren la asistencia de un abogado de compensaci\u00f3n [&hellip;]<\/p>\n","protected":false},"author":38,"featured_media":0,"parent":26581,"menu_order":0,"comment_status":"closed","ping_status":"closed","template":"","meta":{"_acf_changed":false,"rank_math_title":"Compensaci\u00f3n para trabajadores de Alpharetta GA M\u00e1xima mejora m\u00e9dica","rank_math_description":"","anchor_text":"","footnotes":""},"categories":[54],"tags":[62,134],"class_list":["post-26499","page","type-page","status-publish","hentry","category-alpharetta-location","tag-compensacion-de-trabajadores","tag-workers-compensation-es-2"],"acf":[],"_links":{"self":[{"href":"https:\/\/workerscompensationlawyersatlanta.com\/es\/wp-json\/wp\/v2\/pages\/26499","targetHints":{"allow":["GET"]}}],"collection":[{"href":"https:\/\/workerscompensationlawyersatlanta.com\/es\/wp-json\/wp\/v2\/pages"}],"about":[{"href":"https:\/\/workerscompensationlawyersatlanta.com\/es\/wp-json\/wp\/v2\/types\/page"}],"author":[{"embeddable":true,"href":"https:\/\/workerscompensationlawyersatlanta.com\/es\/wp-json\/wp\/v2\/users\/38"}],"replies":[{"embeddable":true,"href":"https:\/\/workerscompensationlawyersatlanta.com\/es\/wp-json\/wp\/v2\/comments?post=26499"}],"version-history":[{"count":0,"href":"https:\/\/workerscompensationlawyersatlanta.com\/es\/wp-json\/wp\/v2\/pages\/26499\/revisions"}],"up":[{"embeddable":true,"href":"https:\/\/workerscompensationlawyersatlanta.com\/es\/wp-json\/wp\/v2\/pages\/26581"}],"wp:attachment":[{"href":"https:\/\/workerscompensationlawyersatlanta.com\/es\/wp-json\/wp\/v2\/media?parent=26499"}],"wp:term":[{"taxonomy":"category","embeddable":true,"href":"https:\/\/workerscompensationlawyersatlanta.com\/es\/wp-json\/wp\/v2\/categories?post=26499"},{"taxonomy":"post_tag","embeddable":true,"href":"https:\/\/workerscompensationlawyersatlanta.com\/es\/wp-json\/wp\/v2\/tags?post=26499"}],"curies":[{"name":"wp","href":"https:\/\/api.w.org\/{rel}","templated":true}]}}