{"id":26500,"date":"2021-05-21T16:52:27","date_gmt":"2021-05-21T16:52:27","guid":{"rendered":"https:\/\/workerscompensationlawyersatlanta.com\/?page_id=26500"},"modified":"2023-09-08T14:22:11","modified_gmt":"2023-09-08T18:22:11","slug":"informar-una-lesion-laboral","status":"publish","type":"page","link":"https:\/\/workerscompensationlawyersatlanta.com\/es\/alpharetta\/informar-una-lesion-laboral\/","title":{"rendered":"Informar Una Lesi\u00f3n Laboral en Alpharetta"},"content":{"rendered":"<p class=\"p1\">La Ley de indemnizaci\u00f3n laboral de Georgia estipula que cualquier persona que resulte lesionada mientras trabaja en un establecimiento que emplea a m\u00e1s de 3 personas tiene derecho a solicitar una indemnizaci\u00f3n a su empleador.<\/p>\n<p class=\"p1\">Sin embargo, aunque su derecho a la compensaci\u00f3n est\u00e1 protegido por la ley, su reclamo de compensaci\u00f3n puede ser denegado, especialmente si su empleador considera que el reclamo es de una semana. La mejor manera de garantizar que recibir\u00e1 una compensaci\u00f3n por sus lesiones y otras p\u00e9rdidas que acumule despu\u00e9s de un accidente en el lugar de trabajo es buscar la representaci\u00f3n de abogados altamente competentes como el equipo de Abogados de Compensaci\u00f3n Laboral de Atlanta.<\/p>\n<p class=\"p1\">La Ley de indemnizaci\u00f3n laboral de Georgia estipula que cualquier persona que resulte lesionada mientras trabaja en un establecimiento que emplea a m\u00e1s de 3 personas tiene derecho a solicitar una indemnizaci\u00f3n a su empleador.<\/p>\n<p class=\"p1\">Durante a\u00f1os, hemos demostrado que estamos dispuestos a luchar agresivamente por el derecho de nuestros clientes a una compensaci\u00f3n justa. Al contactarnos, nos encargaremos de recopilar y preservar la evidencia que fortalecer\u00e1 su reclamo, elaborar\u00e1 su reclamo de compensaci\u00f3n y actuar\u00e1 como su representante en cualquier trato con su empleador. Esto significa que tendr\u00e1 m\u00e1s tiempo para recuperarse mientras luchamos agresivamente entre bastidores para obtener la m\u00e1xima compensaci\u00f3n que pueda recibir por sus lesiones. Todo lo que necesita hacer para poner en marcha su reclamo de <a href=\"https:\/\/workerscompensationlawyersatlanta.com\/es\/alpharetta\/abogado-de-compensacion-de-los-trabajadores\/\">compensaci\u00f3n para trabajadores en Alpharetta<\/a> es llamarnos hoy al <a href=\"tel:+14705185026\"><i class=\"fa fa-phone-alt\"><\/i>470-518-5026<\/a>.<\/p>\n\t\t<div data-elementor-type=\"section\" data-elementor-id=\"208\" class=\"elementor elementor-208\" data-elementor-post-type=\"elementor_library\">\n\t\t\t\t\t<section class=\"elementor-section elementor-top-section elementor-element elementor-element-485e576a elementor-section-boxed elementor-section-height-default elementor-section-height-default\" data-id=\"485e576a\" data-element_type=\"section\" data-e-type=\"section\">\n\t\t\t\t\t\t<div class=\"elementor-container elementor-column-gap-default\">\n\t\t\t\t\t<div class=\"elementor-column elementor-col-100 elementor-top-column elementor-element elementor-element-635c38c0 section-toc\" data-id=\"635c38c0\" data-element_type=\"column\" data-e-type=\"column\">\n\t\t\t<div class=\"elementor-widget-wrap elementor-element-populated\">\n\t\t\t\t\t\t<div class=\"elementor-element elementor-element-3ba95c8a elementor-toc--minimized-on-tablet elementor-widget elementor-widget-table-of-contents\" data-id=\"3ba95c8a\" data-element_type=\"widget\" data-e-type=\"widget\" data-settings=\"{&quot;exclude_headings_by_selector&quot;:&quot;.toc-remove&quot;,&quot;headings_by_tags&quot;:[&quot;h2&quot;,&quot;h3&quot;,&quot;h4&quot;,&quot;h5&quot;,&quot;h6&quot;],&quot;marker_view&quot;:&quot;numbers&quot;,&quot;no_headings_message&quot;:&quot;No headings were found on this page.&quot;,&quot;minimize_box&quot;:&quot;yes&quot;,&quot;minimized_on&quot;:&quot;tablet&quot;,&quot;hierarchical_view&quot;:&quot;yes&quot;,&quot;min_height&quot;:{&quot;unit&quot;:&quot;px&quot;,&quot;size&quot;:&quot;&quot;,&quot;sizes&quot;:[]},&quot;min_height_tablet&quot;:{&quot;unit&quot;:&quot;px&quot;,&quot;size&quot;:&quot;&quot;,&quot;sizes&quot;:[]},&quot;min_height_mobile&quot;:{&quot;unit&quot;:&quot;px&quot;,&quot;size&quot;:&quot;&quot;,&quot;sizes&quot;:[]}}\" data-widget_type=\"table-of-contents.default\">\n\t\t\t\t<div class=\"elementor-widget-container\">\n\t\t\t\t\t\t\t\t\t<div class=\"elementor-toc__header\">\n\t\t\t\t\t\t<h4 class=\"elementor-toc__header-title\">\n\t\t\t\tTable of Contents\t\t\t<\/h4>\n\t\t\t\t\t\t\t\t\t\t<div class=\"elementor-toc__toggle-button elementor-toc__toggle-button--expand\" role=\"button\" tabindex=\"0\" aria-controls=\"elementor-toc__3ba95c8a\" aria-expanded=\"true\" aria-label=\"Open table of contents\"><svg aria-hidden=\"true\" class=\"e-font-icon-svg e-fas-chevron-down\" viewBox=\"0 0 448 512\" xmlns=\"http:\/\/www.w3.org\/2000\/svg\"><path d=\"M207.029 381.476L12.686 187.132c-9.373-9.373-9.373-24.569 0-33.941l22.667-22.667c9.357-9.357 24.522-9.375 33.901-.04L224 284.505l154.745-154.021c9.379-9.335 24.544-9.317 33.901.04l22.667 22.667c9.373 9.373 9.373 24.569 0 33.941L240.971 381.476c-9.373 9.372-24.569 9.372-33.942 0z\"><\/path><\/svg><\/div>\n\t\t\t\t<div class=\"elementor-toc__toggle-button elementor-toc__toggle-button--collapse\" role=\"button\" tabindex=\"0\" aria-controls=\"elementor-toc__3ba95c8a\" aria-expanded=\"true\" aria-label=\"Close table of contents\"><svg aria-hidden=\"true\" class=\"e-font-icon-svg e-fas-chevron-up\" viewBox=\"0 0 448 512\" xmlns=\"http:\/\/www.w3.org\/2000\/svg\"><path d=\"M240.971 130.524l194.343 194.343c9.373 9.373 9.373 24.569 0 33.941l-22.667 22.667c-9.357 9.357-24.522 9.375-33.901.04L224 227.495 69.255 381.516c-9.379 9.335-24.544 9.317-33.901-.04l-22.667-22.667c-9.373-9.373-9.373-24.569 0-33.941L207.03 130.525c9.372-9.373 24.568-9.373 33.941-.001z\"><\/path><\/svg><\/div>\n\t\t\t\t\t<\/div>\n\t\t\t\t<div id=\"elementor-toc__3ba95c8a\" class=\"elementor-toc__body\">\n\t\t\t<div class=\"elementor-toc__spinner-container\">\n\t\t\t\t<svg class=\"elementor-toc__spinner eicon-animation-spin e-font-icon-svg e-eicon-loading\" aria-hidden=\"true\" viewBox=\"0 0 1000 1000\" xmlns=\"http:\/\/www.w3.org\/2000\/svg\"><path d=\"M500 975V858C696 858 858 696 858 500S696 142 500 142 142 304 142 500H25C25 237 238 25 500 25S975 237 975 500 763 975 500 975Z\"><\/path><\/svg>\t\t\t<\/div>\n\t\t<\/div>\n\t\t\t\t\t\t<\/div>\n\t\t\t\t<\/div>\n\t\t\t\t\t<\/div>\n\t\t<\/div>\n\t\t\t\t\t<\/div>\n\t\t<\/section>\n\t\t\t\t<\/div>\n\t\t\n<h2 class=\"p1\">\u00bfCu\u00e1nto tiempo tengo para informar una lesi\u00f3n en el lugar de trabajo en Alpharetta, Georgia?<\/h2>\n<p class=\"p1\">La ley en Georgia estipula que debe informar a su empleador de cualquier lesi\u00f3n que sufra en su lugar de trabajo dentro de un per\u00edodo de 30 d\u00edas desde el momento en que se lesion\u00f3.<\/p>\n<p class=\"p1\">Es importante notificar a su empleador acerca de sus lesiones lo antes posible para que puedan comenzar a investigar la veracidad de su reclamo mientras la evidencia sobre c\u00f3mo ocurri\u00f3 su accidente a\u00fan est\u00e9 fresca.<\/p>\n<p class=\"p1\">Si no informa a su empleador de sus lesiones dentro de los 30 d\u00edas, su reclamo de compensaci\u00f3n para trabajadores puede ser rechazado incluso si tiene un caso s\u00f3lido.<\/p>\n<p class=\"p1\">En algunos casos, su empleador puede denegar su reclamo, especialmente si cree que usted contravino sus obligaciones como empleado. Si eso sucediera, puede buscar reparaci\u00f3n presentando un reclamo formal por escrito ante la Junta de Compensaci\u00f3n para Trabajadores del Estado de Georgia. Tenga en cuenta que cualquier reclamo presentado ante la junta debe hacerse dentro de un per\u00edodo de 1 a\u00f1o desde el momento en que sufre sus lesiones.<\/p>\n<p class=\"p1\">Si tiene un familiar cercano que sufri\u00f3 lesiones que eventualmente lo llevaron a la muerte, debe presentar un reclamo de compensaci\u00f3n para trabajadores antes de que transcurra un per\u00edodo de 1 a\u00f1o desde el momento de la muerte.<\/p>\n<p class=\"p1\">Sin embargo, aunque su derecho a la compensaci\u00f3n est\u00e1 protegido por la ley, su reclamo de compensaci\u00f3n puede ser denegado, especialmente si su empleador considera que el reclamo es de una semana. La mejor manera de garantizar que recibir\u00e1 una compensaci\u00f3n por sus lesiones y otras p\u00e9rdidas que acumule despu\u00e9s de un accidente en el lugar de trabajo es buscar la representaci\u00f3n de abogados altamente competentes como el equipo de Abogados de compensaci\u00f3n para trabajadores de Atlanta.<\/p>\n<p class=\"p1\">Si busca una indemnizaci\u00f3n despu\u00e9s de contraer una enfermedad profesional, debe asegurarse de presentar su reclamaci\u00f3n en el plazo de un a\u00f1o desde el momento en que se d\u00e9 cuenta de que est\u00e1 enfermo.<\/p>\n<p class=\"p1\">Idealmente, siempre debe informar inmediatamente a su empleador o supervisor de cualquier lesi\u00f3n en el lugar de trabajo.<\/p>\n<p class=\"p1\">Para proteger su derecho a una compensaci\u00f3n justa, tambi\u00e9n debe ponerse en contacto con un abogado de compensaci\u00f3n para trabajadores de Alpharetta de buena reputaci\u00f3n inmediatamente despu\u00e9s de su accidente en el lugar de trabajo.<\/p>\n<h2 class=\"p1\">\u00bfA qui\u00e9n debo informar de mi lesi\u00f3n en el lugar de trabajo?<\/h2>\n<p class=\"p1\">Si se lesiona en el trabajo, debe informar a su empleador o al representante de su empleador de sus lesiones sin demora. Si no tiene acceso directo a su empleador, debe informar a su capataz o supervisor directo que ha resultado lesionado.<\/p>\n<p class=\"p1\">Tenga en cuenta que cuando informe sus lesiones a su empleador, no es necesario que registre ni escriba ninguna declaraci\u00f3n. La ley de Georgia estipula que un informe oral es suficiente.<\/p>\n<h2 class=\"p1\">\u00bfCu\u00e1les son las responsabilidades de mi empleador despu\u00e9s de sufrir una lesi\u00f3n en el lugar de trabajo?<\/h2>\n<p class=\"p1\">La Ley de Compensaci\u00f3n para Trabajadores de Georgia estipula que cualquier empresa que tenga m\u00e1s de 3 empleados debe tener una pol\u00edtica integral de compensaci\u00f3n para trabajadores.<\/p>\n<p class=\"p1\">Al informar a su empleador que se lesion\u00f3 durante el desempe\u00f1o de sus tareas laborales asignadas, la ley le ordena hacer lo siguiente:<\/p>\n<ul>\n<li class=\"p1\">Preste la debida atenci\u00f3n a su reclamo<\/li>\n<li class=\"p1\">Lleve a cabo las investigaciones necesarias con prontitud para verificar su reclamo.<\/li>\n<li class=\"p1\">Informar de inmediato a su aseguradora que ha presentado un reclamo de compensaci\u00f3n para trabajadores<\/li>\n<li class=\"p1\">Revele detalles sobre sus ganancias a la compa\u00f1\u00eda de seguros.<\/li>\n<li class=\"p1\">Divulgar informaci\u00f3n relacionada con los beneficios m\u00e9dicos para los que es elegible.<\/li>\n<li class=\"p1\">Haga planes sobre c\u00f3mo atender\u00e1n su tratamiento si es necesario<\/li>\n<li class=\"p1\">Haga todo lo posible para asegurarse de que regrese a su trabajo normal lo antes posible<\/li>\n<\/ul>\n<p class=\"p1\">Adem\u00e1s, los empleadores tambi\u00e9n tienen el mandato de realizar las modificaciones necesarias para que todos los trabajadores tengan un entorno de trabajo seguro. Tambi\u00e9n deben asegurarse de que est\u00e1n cumpliendo con las regulaciones de salud y seguridad establecidas por la Administraci\u00f3n de Seguridad y Salud Ocupacional de Georgia.<\/p>\n<h2 class=\"p1\">\u00bfCu\u00e1les son mis responsabilidades despu\u00e9s de sufrir una lesi\u00f3n en el lugar de trabajo?<\/h2>\n<p class=\"p1\">Al lesionarse en el lugar de trabajo, existen ciertos pasos que puede tomar para proteger su derecho a recibir una compensaci\u00f3n justa. Algunas de las principales cosas que debe hacer incluyen:<\/p>\n<ul>\n<li class=\"p1\">Informar a su empleador o supervisor que ha sufrido lesiones de inmediato.<\/li>\n<li class=\"p1\">Documentar la escena en la que sufri\u00f3 lesiones.<\/li>\n<li class=\"p1\">Anotar la hora en que informa sus lesiones, as\u00ed como los detalles de la persona a la que las informa.<\/li>\n<li class=\"p1\">Visitar a un m\u00e9dico para recibir tratamiento m\u00e9dico. Primero debe visitar a un m\u00e9dico reconocido por su empleador y su compa\u00f1\u00eda de seguros.<\/li>\n<li class=\"p1\">Realizar una prueba de detecci\u00f3n de drogas si su empleador se lo solicita.<\/li>\n<li class=\"p1\">Participar en un examen m\u00e9dico independiente si su empleador o la compa\u00f1\u00eda de seguros lo solicitan.<\/li>\n<li class=\"p1\">Ponerse en contacto con abogados de compensaci\u00f3n para trabajadores de Alpharetta confiables y con experiencia, como el equipo de Abogados de compensaci\u00f3n para trabajadores<\/li>\n<\/ul>\n<h2 class=\"p1\">\u00bfEst\u00e1 buscando presentar un reclamo de indemnizaci\u00f3n laboral en Alpharetta? Danos una llamada hoy<\/h2>\n<p class=\"p1\">Si sufre una lesi\u00f3n mientras trabaja, puede terminar sufriendo lesiones debilitantes y perder sus ganancias mientras se recupera en el hospital. Seg\u00fan la ley de Georgia, no tiene que cargar con la carga de las p\u00e9rdidas econ\u00f3micas que sufra despu\u00e9s de una lesi\u00f3n en el lugar de trabajo solo. Su empleador tiene la responsabilidad de compensarlo por las p\u00e9rdidas en las que incurra si se lesiona en el lugar de trabajo.<\/p>\n<p class=\"p1\">Al lesionarse en el lugar de trabajo, existen ciertos pasos que puede tomar para proteger su derecho a recibir una compensaci\u00f3n justa. Algunas de las principales cosas que debe hacer incluyen:<\/p>\n<ul>\n<li class=\"p1\">Informar a su empleador o supervisor que ha sufrido lesiones de inmediato.<\/li>\n<li class=\"p1\">Documentar la escena en la que sufri\u00f3 lesiones.<\/li>\n<li class=\"p1\">Anotar la hora en que informa sus lesiones, as\u00ed como los detalles de la persona a la que las informa.<\/li>\n<li class=\"p1\">Visitar a un m\u00e9dico para recibir tratamiento m\u00e9dico. Primero debe visitar a un m\u00e9dico reconocido por su empleador y su compa\u00f1\u00eda de seguros.<\/li>\n<li class=\"p1\">Realizar una prueba de detecci\u00f3n de drogas si su empleador se lo solicita.<\/li>\n<li class=\"p1\">Participar en un examen m\u00e9dico independiente si su empleador o la compa\u00f1\u00eda de seguros lo solicitan.<\/li>\n<li class=\"p1\">Ponerse en contacto con abogados de compensaci\u00f3n para trabajadores de Alpharetta confiables y con experiencia, como el equipo de Abogados de compensaci\u00f3n para trabajadores<\/li>\n<\/ul>\n<h2 class=\"p1\">\u00bfEst\u00e1 buscando presentar un reclamo de indemnizaci\u00f3n laboral en Alpharetta? Danos una llamada hoy<\/h2>\n<p class=\"p1\">Presentar un reclamo de compensaci\u00f3n para trabajadores exitoso en Georgia puede ser una tarea estresante y complicada. Incluso si logra presentar un reclamo sin la ayuda de un abogado, siempre existe la posibilidad de que su empleador intente estafarlo durante el proceso de compensaci\u00f3n. La mejor manera de proteger su derecho a una compensaci\u00f3n justa y equitativa por sus lesiones es dejar que abogados experimentados manejen su reclamo de compensaci\u00f3n para trabajadores de Alpharetta.<\/p>\n<p class=\"p1\">Si est\u00e1 buscando abogados altamente capacitados y confiables que procesen su reclamo de principio a fin, \u00a1su b\u00fasqueda ha terminado! En Workers &#8216;Compensation Lawyers, contamos con un equipo dedicado de abogados de compensaci\u00f3n laboral con experiencia y habilidad que est\u00e1n listos para usar todas las herramientas y la experiencia a nuestra disposici\u00f3n para garantizar que usted reciba una compensaci\u00f3n justa.<\/p>\n<p class=\"p1\">Si desea pasar por un proceso de reclamos de compensaci\u00f3n sin estr\u00e9s y sin complicaciones, puede llamarnos al <a href=\"tel:+14705185026\"><i class=\"fa fa-phone-alt\"><\/i>470-518-5026<\/a> o visitar www.workerscompensationlawyersatlanta.com.<\/p>\n","protected":false},"excerpt":{"rendered":"<p>La Ley de indemnizaci\u00f3n laboral de Georgia estipula que cualquier persona que resulte lesionada mientras trabaja en un establecimiento que emplea a m\u00e1s de 3 personas tiene derecho a solicitar una indemnizaci\u00f3n a su empleador. Sin embargo, aunque su derecho a la compensaci\u00f3n est\u00e1 protegido por la ley, su reclamo de compensaci\u00f3n puede ser denegado, [&hellip;]<\/p>\n","protected":false},"author":38,"featured_media":31736,"parent":26581,"menu_order":0,"comment_status":"closed","ping_status":"closed","template":"","meta":{"_acf_changed":false,"rank_math_title":"Explicaci\u00f3n: una gu\u00eda simplificada sobre c\u00f3mo presentar un reclamo s\u00f3lido de indemnizaci\u00f3n por accidentes de trabajo en Alpharetta","rank_math_description":"","anchor_text":"","footnotes":""},"categories":[54],"tags":[62,134],"class_list":["post-26500","page","type-page","status-publish","has-post-thumbnail","hentry","category-alpharetta-location","tag-compensacion-de-trabajadores","tag-workers-compensation-es-2"],"acf":[],"_links":{"self":[{"href":"https:\/\/workerscompensationlawyersatlanta.com\/es\/wp-json\/wp\/v2\/pages\/26500","targetHints":{"allow":["GET"]}}],"collection":[{"href":"https:\/\/workerscompensationlawyersatlanta.com\/es\/wp-json\/wp\/v2\/pages"}],"about":[{"href":"https:\/\/workerscompensationlawyersatlanta.com\/es\/wp-json\/wp\/v2\/types\/page"}],"author":[{"embeddable":true,"href":"https:\/\/workerscompensationlawyersatlanta.com\/es\/wp-json\/wp\/v2\/users\/38"}],"replies":[{"embeddable":true,"href":"https:\/\/workerscompensationlawyersatlanta.com\/es\/wp-json\/wp\/v2\/comments?post=26500"}],"version-history":[{"count":0,"href":"https:\/\/workerscompensationlawyersatlanta.com\/es\/wp-json\/wp\/v2\/pages\/26500\/revisions"}],"up":[{"embeddable":true,"href":"https:\/\/workerscompensationlawyersatlanta.com\/es\/wp-json\/wp\/v2\/pages\/26581"}],"wp:featuredmedia":[{"embeddable":true,"href":"https:\/\/workerscompensationlawyersatlanta.com\/es\/wp-json\/wp\/v2\/media\/31736"}],"wp:attachment":[{"href":"https:\/\/workerscompensationlawyersatlanta.com\/es\/wp-json\/wp\/v2\/media?parent=26500"}],"wp:term":[{"taxonomy":"category","embeddable":true,"href":"https:\/\/workerscompensationlawyersatlanta.com\/es\/wp-json\/wp\/v2\/categories?post=26500"},{"taxonomy":"post_tag","embeddable":true,"href":"https:\/\/workerscompensationlawyersatlanta.com\/es\/wp-json\/wp\/v2\/tags?post=26500"}],"curies":[{"name":"wp","href":"https:\/\/api.w.org\/{rel}","templated":true}]}}