{"id":26503,"date":"2021-05-21T17:04:57","date_gmt":"2021-05-21T17:04:57","guid":{"rendered":"https:\/\/workerscompensationlawyersatlanta.com\/?page_id=26503"},"modified":"2023-09-08T14:19:19","modified_gmt":"2023-09-08T18:19:19","slug":"beneficios-de-compensacion-para-trabajadores","status":"publish","type":"page","link":"https:\/\/workerscompensationlawyersatlanta.com\/es\/alpharetta\/beneficios-de-compensacion-para-trabajadores\/","title":{"rendered":"Beneficios de Compensacion para Trabajadores en Alpharetta"},"content":{"rendered":"<p class=\"p1\">La ley de Georgia estipula que cualquier empresa que emplee a m\u00e1s de tres personas debe tener una cobertura integral de seguro de compensaci\u00f3n para trabajadores. Esta ley est\u00e1 dise\u00f1ada para proteger a los trabajadores que sufren lesiones mientras trabajan o contraen una enfermedad ocupacional debido a sus condiciones laborales.<\/p>\n<p class=\"p1\">Esto significa que, como trabajador en Georgia, tiene derecho a obtener una compensaci\u00f3n de su empleador por cualquier lesi\u00f3n que sufra mientras trabaja. Adem\u00e1s, si sufre una enfermedad mientras trabaja o realiza tareas en nombre de su empleador, tambi\u00e9n puede solicitar una compensaci\u00f3n.<\/p>\n<p class=\"p1\">Seg\u00fan la ley, puede ser elegible para diferentes beneficios de compensaci\u00f3n para trabajadores en Alpharetta seg\u00fan la naturaleza de las lesiones o enfermedades. Esto significa que si sufre alguna p\u00e9rdida de ingresos, enfrenta una posible ca\u00edda en los ingresos o no puede volver a trabajar debido a lesiones en el lugar de trabajo, puede buscar una compensaci\u00f3n por sus p\u00e9rdidas de su empleador.<\/p>\n<p class=\"p1\">Muchos trabajadores que han sufrido lesiones en el lugar de trabajo como usted tienden a cargar con la carga del tratamiento y otros impactos financieros por s\u00ed solos simplemente porque no comprenden sus derechos. Hoy, nuestros <a href=\"\/es\/alpharetta\/abogado-de-compensacion-de-los-trabajadores\/\">Abogados de Compensaci\u00f3n Laboral de Alpharetta<\/a> est\u00e1n aqu\u00ed para informarle que no deber\u00eda tener que asumir esta carga solo. Podemos ayudarlo a obtener una indemnizaci\u00f3n completa por las p\u00e9rdidas que sufra o que pueda sufrir en el futuro como resultado de lesiones en el lugar de trabajo.<\/p>\n\t\t<div data-elementor-type=\"section\" data-elementor-id=\"208\" class=\"elementor elementor-208\" data-elementor-post-type=\"elementor_library\">\n\t\t\t\t\t<section class=\"elementor-section elementor-top-section elementor-element elementor-element-485e576a elementor-section-boxed elementor-section-height-default elementor-section-height-default\" data-id=\"485e576a\" data-element_type=\"section\" data-e-type=\"section\">\n\t\t\t\t\t\t<div class=\"elementor-container elementor-column-gap-default\">\n\t\t\t\t\t<div class=\"elementor-column elementor-col-100 elementor-top-column elementor-element elementor-element-635c38c0 section-toc\" data-id=\"635c38c0\" data-element_type=\"column\" data-e-type=\"column\">\n\t\t\t<div class=\"elementor-widget-wrap elementor-element-populated\">\n\t\t\t\t\t\t<div class=\"elementor-element elementor-element-3ba95c8a elementor-toc--minimized-on-tablet elementor-widget elementor-widget-table-of-contents\" data-id=\"3ba95c8a\" data-element_type=\"widget\" data-e-type=\"widget\" data-settings=\"{&quot;exclude_headings_by_selector&quot;:&quot;.toc-remove&quot;,&quot;headings_by_tags&quot;:[&quot;h2&quot;,&quot;h3&quot;,&quot;h4&quot;,&quot;h5&quot;,&quot;h6&quot;],&quot;marker_view&quot;:&quot;numbers&quot;,&quot;no_headings_message&quot;:&quot;No headings were found on this page.&quot;,&quot;minimize_box&quot;:&quot;yes&quot;,&quot;minimized_on&quot;:&quot;tablet&quot;,&quot;hierarchical_view&quot;:&quot;yes&quot;,&quot;min_height&quot;:{&quot;unit&quot;:&quot;px&quot;,&quot;size&quot;:&quot;&quot;,&quot;sizes&quot;:[]},&quot;min_height_tablet&quot;:{&quot;unit&quot;:&quot;px&quot;,&quot;size&quot;:&quot;&quot;,&quot;sizes&quot;:[]},&quot;min_height_mobile&quot;:{&quot;unit&quot;:&quot;px&quot;,&quot;size&quot;:&quot;&quot;,&quot;sizes&quot;:[]}}\" data-widget_type=\"table-of-contents.default\">\n\t\t\t\t<div class=\"elementor-widget-container\">\n\t\t\t\t\t\t\t\t\t<div class=\"elementor-toc__header\">\n\t\t\t\t\t\t<h4 class=\"elementor-toc__header-title\">\n\t\t\t\tTable of Contents\t\t\t<\/h4>\n\t\t\t\t\t\t\t\t\t\t<div class=\"elementor-toc__toggle-button elementor-toc__toggle-button--expand\" role=\"button\" tabindex=\"0\" aria-controls=\"elementor-toc__3ba95c8a\" aria-expanded=\"true\" aria-label=\"Open table of contents\"><svg aria-hidden=\"true\" class=\"e-font-icon-svg e-fas-chevron-down\" viewBox=\"0 0 448 512\" xmlns=\"http:\/\/www.w3.org\/2000\/svg\"><path d=\"M207.029 381.476L12.686 187.132c-9.373-9.373-9.373-24.569 0-33.941l22.667-22.667c9.357-9.357 24.522-9.375 33.901-.04L224 284.505l154.745-154.021c9.379-9.335 24.544-9.317 33.901.04l22.667 22.667c9.373 9.373 9.373 24.569 0 33.941L240.971 381.476c-9.373 9.372-24.569 9.372-33.942 0z\"><\/path><\/svg><\/div>\n\t\t\t\t<div class=\"elementor-toc__toggle-button elementor-toc__toggle-button--collapse\" role=\"button\" tabindex=\"0\" aria-controls=\"elementor-toc__3ba95c8a\" aria-expanded=\"true\" aria-label=\"Close table of contents\"><svg aria-hidden=\"true\" class=\"e-font-icon-svg e-fas-chevron-up\" viewBox=\"0 0 448 512\" xmlns=\"http:\/\/www.w3.org\/2000\/svg\"><path d=\"M240.971 130.524l194.343 194.343c9.373 9.373 9.373 24.569 0 33.941l-22.667 22.667c-9.357 9.357-24.522 9.375-33.901.04L224 227.495 69.255 381.516c-9.379 9.335-24.544 9.317-33.901-.04l-22.667-22.667c-9.373-9.373-9.373-24.569 0-33.941L207.03 130.525c9.372-9.373 24.568-9.373 33.941-.001z\"><\/path><\/svg><\/div>\n\t\t\t\t\t<\/div>\n\t\t\t\t<div id=\"elementor-toc__3ba95c8a\" class=\"elementor-toc__body\">\n\t\t\t<div class=\"elementor-toc__spinner-container\">\n\t\t\t\t<svg class=\"elementor-toc__spinner eicon-animation-spin e-font-icon-svg e-eicon-loading\" aria-hidden=\"true\" viewBox=\"0 0 1000 1000\" xmlns=\"http:\/\/www.w3.org\/2000\/svg\"><path d=\"M500 975V858C696 858 858 696 858 500S696 142 500 142 142 304 142 500H25C25 237 238 25 500 25S975 237 975 500 763 975 500 975Z\"><\/path><\/svg>\t\t\t<\/div>\n\t\t<\/div>\n\t\t\t\t\t\t<\/div>\n\t\t\t\t<\/div>\n\t\t\t\t\t<\/div>\n\t\t<\/div>\n\t\t\t\t\t<\/div>\n\t\t<\/section>\n\t\t\t\t<\/div>\n\t\t\n<h2 class=\"p1\">\u00bfC\u00f3mo Preguntas?<\/h2>\n<p class=\"p1\">Para empezar, examinaremos su caso y lo ayudaremos a determinar el tipo de beneficios de compensaci\u00f3n para trabajadores que debe perseguir. Luego, avanzaremos para ayudarlo a elaborar un formidable reclamo de compensaci\u00f3n para trabajadores en Alpharetta que luego presentaremos a su empleador. Si su empleador niega su reclamo, nuestros abogados llevar\u00e1n su caso de reclamo de compensaci\u00f3n a los tribunales y luchar\u00e1n a trav\u00e9s del sistema legal para obtener una compensaci\u00f3n completa.<\/p>\n<p class=\"p1\">Si se lesion\u00f3 mientras trabajaba o si ha sufrido una enfermedad que afecte negativamente su capacidad de ingresos, podemos manejar su caso de reclamo de compensaci\u00f3n para trabajadores de principio a fin. Todo lo que necesita hacer es llamar a nuestros abogados con experiencia en Compensaci\u00f3n Laboral de Alpharetta al <a href=\"tel:+14705185026\"><i class=\"fa fa-phone-alt\"><\/i>470-518-5026<\/a>.<\/p>\n<h2 class=\"p1\">\u00bfQu\u00e9 tipos de beneficios puedo obtener al presentar un reclamo de compensaci\u00f3n para trabajadores en Alpharetta, GA?<\/h2>\n<p class=\"p1\">En Georgia, hay cuatro tipos de beneficios de compensaci\u00f3n para trabajadores en Alpharetta que puede recibir al presentar un reclamo contra su empleador. Dependiendo de la gravedad de las lesiones que sufri\u00f3 en el lugar de trabajo o de la duraci\u00f3n de su enfermedad, puede ser elegible para los siguientes beneficios:<\/p>\n<h3 class=\"p1\">Beneficios por discapacidad total temporal (TTD)<\/h3>\n<p class=\"p1\">Por lo general, estos beneficios se otorgan a los empleados que sufren lesiones o una enfermedad que los incapacita por completo para realizar temporalmente sus tareas laborales normales.<\/p>\n<h3 class=\"p1\">Beneficios por discapacidad parcial temporal (TPD)<\/h3>\n<p class=\"p1\">Estos beneficios generalmente se otorgan a los empleados que regresan al trabajo mientras a\u00fan se recuperan de sus lesiones o enfermedades. Para ser elegible para estos beneficios de compensaci\u00f3n para trabajadores, debe regresar al trabajo pero realizar tareas m\u00e1s livianas o estar ganando un poco menos de lo que normalmente ganar\u00eda debido a los impedimentos causados \u200b\u200bpor sus lesiones o enfermedades.<\/p>\n<h3 class=\"p1\">Beneficios por discapacidad parcial permanente (PPD)<\/h3>\n<p class=\"p1\">Estos beneficios generalmente se otorgan a los empleados que se recuperan de sus lesiones pero quedan con una discapacidad que no se espera que mejore con el tiempo. Por ejemplo, si se recupera de todas sus lesiones pero tiene dolor de espalda cr\u00f3nico, puede ser elegible para estos beneficios de compensaci\u00f3n para trabajadores.<\/p>\n<h3 class=\"p1\">Beneficios por discapacidad total permanente (PTD)<\/h3>\n<p class=\"p1\">Estos beneficios generalmente se otorgan a los trabajadores que quedan con una discapacidad permanente que los incapacita para volver a trabajar o para obtener un empleo remunerado en el futuro. Por ejemplo, si est\u00e1 involucrado en un incidente en el lugar de trabajo que lleva a la amputaci\u00f3n de sus extremidades, es elegible para estos beneficios de compensaci\u00f3n para trabajadores.<\/p>\n<h2 class=\"p1\">\u00bfC\u00f3mo se Calcular\u00e1n Mis Beneficios de Compensaci\u00f3n para Trabajadores en Georgia?<\/h2>\n<p class=\"p1\">La cantidad total de beneficios que recibe al presentar un reclamo de compensaci\u00f3n para trabajadores en <a href=\"https:\/\/en.wikipedia.org\/wiki\/Alpharetta,_Georgia\" target=\"_blank\" rel=\"noopener nofollow\">Alpharetta<\/a> a trav\u00e9s de nuestros abogados depender\u00e1 del tipo de beneficios para los que sea elegible.<\/p>\n<p class=\"p1\">Los diferentes tipos de beneficios laborales se calculan de manera diferente como explicaremos a continuaci\u00f3n &#8230;<\/p>\n<h3 class=\"p1\">\u00bfC\u00f3mo se calculan los beneficios por incapacidad total temporal?<\/h3>\n<p class=\"p1\">Si se le otorgan <a href=\"https:\/\/www.irmi.com\/term\/insurance-definitions\/temporary-total-disability#:~:text=Temporary%20Total%20Disability%20%E2%80%94%20one%20of,functions%20on%20a%20temporary%20basis.\" target=\"_blank\" rel=\"noopener nofollow\">beneficios TTD<\/a>, sus ingresos por compensaci\u00f3n ser\u00e1n dos tercios del ingreso semanal promedio que recib\u00eda en el momento de su lesi\u00f3n o enfermedad.<\/p>\n<p class=\"p1\">Por ejemplo, si recib\u00eda un ingreso anual semanal promedio de $ 2,400 en el momento en que se lesion\u00f3, sus beneficios TTD ser\u00e1n de $ 1,600.<\/p>\n<h3 class=\"p1\">\u00bfC\u00f3mo se calculan los beneficios por discapacidad parcial temporal?<\/h3>\n<p class=\"p1\">Si recibe beneficios de TPD, sus beneficios totales ser\u00e1n dos tercios de la diferencia entre el ingreso semanal promedio que recibir\u00e1 al regresar al trabajo mientras se recupera y el monto promedio que ganaba antes de lesionarse.<\/p>\n<p class=\"p1\">Por ejemplo, si ganaba una cantidad semanal promedio de $ 2,400 antes del accidente y actualmente gana $ 1,200 por reanudar el trabajo despu\u00e9s del accidente, sus beneficios de TPD ser\u00e1n dos tercios de los $ 1,200. Esto significa que recibir\u00e1 <a href=\"https:\/\/www.irmi.com\/term\/insurance-definitions\/temporary-partial-disability\" target=\"_blank\" rel=\"noopener nofollow\">beneficios de TPD<\/a> por un total de $ 800.<\/p>\n<h3 class=\"p1\">\u00bfC\u00f3mo se calculan los beneficios por discapacidad parcial permanente?<\/h3>\n<p class=\"p1\">Si su lesi\u00f3n conduce a una discapacidad que afectar\u00e1 su capacidad de ingresos en el futuro, su m\u00e9dico primero evaluar\u00e1 las partes del cuerpo en las que ha sufrido una discapacidad y luego le dar\u00e1 una calificaci\u00f3n de discapacidad que se utilizar\u00e1 para calcular sus beneficios de PPD. Tenga en cuenta que, seg\u00fan la naturaleza de su discapacidad, su clasificaci\u00f3n de discapacidad puede variar. La calificaci\u00f3n de deterioro generalmente denota el porcentaje de p\u00e9rdida de funci\u00f3n que ha sufrido en la parte del cuerpo afectada.<\/p>\n<p class=\"p1\">Tambi\u00e9n vale la pena se\u00f1alar que la ley estipula el n\u00famero m\u00e1ximo de semanas que puede cobrar los beneficios de PPD por cualquier parte del cuerpo lesionada. Por ejemplo, puede encontrar que a la espalda se le asigna un per\u00edodo de curaci\u00f3n de 200 semanas mientras que a la mano se le asigna un per\u00edodo de curaci\u00f3n de 300 semanas.<\/p>\n<p class=\"p1\">Para calcular los beneficios de PPD que se le deben, debe multiplicar la calificaci\u00f3n de deterioro asignada a la parte del cuerpo afectada por el per\u00edodo de curaci\u00f3n permitido y su ingreso semanal promedio.<\/p>\n<p class=\"p1\">Por ejemplo, si sufre una discapacidad de la espalda a la que se le asigna una calificaci\u00f3n de discapacidad del 20%, 300 semanas de curaci\u00f3n y tiene un ingreso semanal promedio de $ 300, sus beneficios de PTD ser\u00e1n:<\/p>\n<p class=\"p1\">20% * 300 semanas * $ 300 = $ 1,800<\/p>\n<p class=\"p1\">En el escenario anterior, sus beneficios de PTD ascender\u00e1n a $ 1,800.<\/p>\n<h3 class=\"p1\">\u00bfC\u00f3mo se calculan los beneficios por discapacidad total permanente?<\/h3>\n<p class=\"p1\">Si se le otorgan beneficios de PTD, el monto total de su compensaci\u00f3n se calcular\u00e1 en funci\u00f3n de las posibles ganancias futuras que probablemente perder\u00e1.<\/p>\n<h2 class=\"p1\">\u00bfCu\u00e1les son los L\u00edmites para los Beneficios de Compensaci\u00f3n para Trabajadores en Alpharetta?<\/h2>\n<p class=\"p1\">En el estado, puede haber l\u00edmites en el total de beneficios semanales que puede recibir, as\u00ed como en la cantidad de semanas que puede recibir compensaci\u00f3n, seg\u00fan el tipo de beneficios por discapacidad que est\u00e9 programado para recibir.<\/p>\n<p class=\"p1\">A partir de 2020, el conjunto ten\u00eda un l\u00edmite m\u00e1ximo de $ 1,066 si recibe beneficios TTD o TPD. Para los beneficios de TTD y TPD, el monto m\u00ednimo de compensaci\u00f3n semanal que puede recibir se establece en $ 30.<\/p>\n<p class=\"p1\">La ley tambi\u00e9n estipula que solo puede recibir beneficios TTD y TPD hasta por 500 semanas. Sin embargo, dependiendo del progreso de su curaci\u00f3n, puede buscar una extensi\u00f3n para ambos beneficios una vez que hayan transcurrido las 500 semanas.<\/p>\n<p class=\"p1\">Si es elegible para los beneficios de PTD, no hay l\u00edmite en la cantidad de compensaci\u00f3n semanal que puede recibir. Como se mencion\u00f3 anteriormente, la cantidad de semanas que puede recibir los beneficios de la PTD generalmente depende de la parte del cuerpo afectada. Recuerde que a las diferentes partes del cuerpo generalmente se les asignan diferentes semanas para curarse.<\/p>\n<p class=\"p1\">Si sus lesiones lo hacen elegible para los beneficios de PPD, no hay l\u00edmite para la cantidad total que puede recibir semanalmente. Tambi\u00e9n vale la pena se\u00f1alar que los beneficios de PPD generalmente se otorgan de por vida.<\/p>\n<h2 class=\"p1\">\u00bfSe Gravar\u00e1n Mis Beneficios de Compensaci\u00f3n Trabajadores en Alpharetta?<\/h2>\n<p class=\"p1\">Los cuatro tipos de beneficios de compensaci\u00f3n para trabajadores que se otorgan en Alpharetta tienden a estar exentos de impuestos por las autoridades estatales y federales.<\/p>\n<p class=\"p1\">Sin embargo, si regresa al trabajo mientras recibe los beneficios por discapacidad, se gravar\u00e1n los ingresos que obtenga, pero sus beneficios por discapacidad no se ver\u00e1n afectados.<\/p>\n<p>&nbsp;<\/p>\n<h2 class=\"p1\">Comun\u00edquese con los Abogados de Compensaci\u00f3n Laboral hoy mismo para Obtener sus Beneficios de Compensaci\u00f3n para Trabajadores<\/h2>\n<p class=\"p1\">El proceso de determinar los beneficios de compensaci\u00f3n para trabajadores para los que es elegible, as\u00ed como buscar los beneficios de su empleador, puede ser abrumador dado que a\u00fan se est\u00e1 recuperando de sus lesiones \/ enfermedades. Con un abogado, el proceso de reclamar sus beneficios de compensaci\u00f3n para trabajadores en Georgia ser\u00e1 m\u00e1s f\u00e1cil y sin estr\u00e9s.<\/p>\n<p class=\"p1\">Si reside en Alpharetta o en cualquier otra \u00e1rea de Georgia, nuestros abogados experimentados y de primer nivel pueden ayudarlo a garantizar que reciba la compensaci\u00f3n que le corresponde. A lo largo de los a\u00f1os, hemos demostrado nuestra experiencia y competencia a otros trabajadores como usted, como lo demuestran las rese\u00f1as y testimonios que nos han dejado.<\/p>\n<p class=\"p1\">Para obtener una evaluaci\u00f3n gratuita de su caso hoy o para hablar con los<a href=\"https:\/\/workerscompensationlawyersatlanta.com\/about-us\/\"> mejores abogados<\/a> de compensaci\u00f3n para trabajadores en Alpharetta, GA, cont\u00e1ctenos a trav\u00e9s del <a href=\"tel:+14705185026\"><i class=\"fa fa-phone-alt\"><\/i>470-518-5026<\/a> o www.workerscompensationlawyersatlanta.com.<\/p>\n","protected":false},"excerpt":{"rendered":"<p>La ley de Georgia estipula que cualquier empresa que emplee a m\u00e1s de tres personas debe tener una cobertura integral de seguro de compensaci\u00f3n para trabajadores. Esta ley est\u00e1 dise\u00f1ada para proteger a los trabajadores que sufren lesiones mientras trabajan o contraen una enfermedad ocupacional debido a sus condiciones laborales. Esto significa que, como trabajador [&hellip;]<\/p>\n","protected":false},"author":38,"featured_media":0,"parent":26581,"menu_order":0,"comment_status":"closed","ping_status":"closed","template":"","meta":{"_acf_changed":false,"rank_math_title":"Beneficios de Compensacion Para Trabajadores en Alpharetta","rank_math_description":"Para obtener tu beneficios de compensaci\u00f3n para trabajadores","anchor_text":"","footnotes":""},"categories":[54],"tags":[62,134],"class_list":["post-26503","page","type-page","status-publish","hentry","category-alpharetta-location","tag-compensacion-de-trabajadores","tag-workers-compensation-es-2"],"acf":[],"_links":{"self":[{"href":"https:\/\/workerscompensationlawyersatlanta.com\/es\/wp-json\/wp\/v2\/pages\/26503","targetHints":{"allow":["GET"]}}],"collection":[{"href":"https:\/\/workerscompensationlawyersatlanta.com\/es\/wp-json\/wp\/v2\/pages"}],"about":[{"href":"https:\/\/workerscompensationlawyersatlanta.com\/es\/wp-json\/wp\/v2\/types\/page"}],"author":[{"embeddable":true,"href":"https:\/\/workerscompensationlawyersatlanta.com\/es\/wp-json\/wp\/v2\/users\/38"}],"replies":[{"embeddable":true,"href":"https:\/\/workerscompensationlawyersatlanta.com\/es\/wp-json\/wp\/v2\/comments?post=26503"}],"version-history":[{"count":0,"href":"https:\/\/workerscompensationlawyersatlanta.com\/es\/wp-json\/wp\/v2\/pages\/26503\/revisions"}],"up":[{"embeddable":true,"href":"https:\/\/workerscompensationlawyersatlanta.com\/es\/wp-json\/wp\/v2\/pages\/26581"}],"wp:attachment":[{"href":"https:\/\/workerscompensationlawyersatlanta.com\/es\/wp-json\/wp\/v2\/media?parent=26503"}],"wp:term":[{"taxonomy":"category","embeddable":true,"href":"https:\/\/workerscompensationlawyersatlanta.com\/es\/wp-json\/wp\/v2\/categories?post=26503"},{"taxonomy":"post_tag","embeddable":true,"href":"https:\/\/workerscompensationlawyersatlanta.com\/es\/wp-json\/wp\/v2\/tags?post=26503"}],"curies":[{"name":"wp","href":"https:\/\/api.w.org\/{rel}","templated":true}]}}