{"id":26505,"date":"2021-05-21T17:19:13","date_gmt":"2021-05-21T17:19:13","guid":{"rendered":"https:\/\/workerscompensationlawyersatlanta.com\/?page_id=26505"},"modified":"2021-05-28T16:04:11","modified_gmt":"2021-05-28T16:04:11","slug":"disputas-de-compensacion-para-trabajadores","status":"publish","type":"page","link":"https:\/\/workerscompensationlawyersatlanta.com\/es\/kennesaw\/disputas-de-compensacion-para-trabajadores\/","title":{"rendered":"Disputas de Compensaci\u00f3n para Trabajadores en Kennesaw"},"content":{"rendered":"<p class=\"p1\">Varias personas sufren lesiones mientras est\u00e1n en el reloj todos los d\u00edas. Independientemente de su trabajo, existe una alta probabilidad de que se lastime. Es por eso que los empleadores y due\u00f1os de negocios en Georgia est\u00e1n obligados a proporcionar cobertura de compensaci\u00f3n para trabajadores a todos sus empleados. La compensaci\u00f3n para trabajadores se refiere a la cobertura proporcionada a los empleados que sufren lesiones relacionadas con el trabajo. Esta cobertura reembolsa a los empleados por las lesiones sufridas independientemente de qui\u00e9n tuvo la culpa. Es m\u00e1s, los empleados pueden recibir un reembolso por el tiempo que estuvieron sin trabajo debido a una lesi\u00f3n laboral.<\/p>\n<p class=\"p1\">Si ha sido v\u00edctima de un accidente laboral y est\u00e1 buscando un <a href=\"https:\/\/workerscompensationlawyersatlanta.com\/es\/sandy-springs\/abogado-de-compensacion-de-los-trabajadores\/\">abogado profesional en compensaci\u00f3n para trabajadores en Kennesaw<\/a>, no busque m\u00e1s all\u00e1 de la Coalici\u00f3n de Abogados de Compensaci\u00f3n para Trabajadores de Atlanta para obtener representaci\u00f3n legal experta. Puede comunicarse con nosotros al <a href=\"tel:+14705185026\"><i class=\"fa fa-phone-alt\"><\/i>470-518-5026<\/a> para obtener una evaluaci\u00f3n de su caso sin costo alguno.<\/p>\n\t\t<div data-elementor-type=\"section\" data-elementor-id=\"208\" class=\"elementor elementor-208\" data-elementor-post-type=\"elementor_library\">\n\t\t\t\t\t<section class=\"elementor-section elementor-top-section elementor-element elementor-element-485e576a elementor-section-boxed elementor-section-height-default elementor-section-height-default\" data-id=\"485e576a\" data-element_type=\"section\" data-e-type=\"section\">\n\t\t\t\t\t\t<div class=\"elementor-container elementor-column-gap-default\">\n\t\t\t\t\t<div class=\"elementor-column elementor-col-100 elementor-top-column elementor-element elementor-element-635c38c0 section-toc\" data-id=\"635c38c0\" data-element_type=\"column\" data-e-type=\"column\">\n\t\t\t<div class=\"elementor-widget-wrap elementor-element-populated\">\n\t\t\t\t\t\t<div class=\"elementor-element elementor-element-3ba95c8a elementor-toc--minimized-on-tablet elementor-widget elementor-widget-table-of-contents\" data-id=\"3ba95c8a\" data-element_type=\"widget\" data-e-type=\"widget\" data-settings=\"{&quot;exclude_headings_by_selector&quot;:&quot;.toc-remove&quot;,&quot;headings_by_tags&quot;:[&quot;h2&quot;,&quot;h3&quot;,&quot;h4&quot;,&quot;h5&quot;,&quot;h6&quot;],&quot;marker_view&quot;:&quot;numbers&quot;,&quot;no_headings_message&quot;:&quot;No headings were found on this page.&quot;,&quot;minimize_box&quot;:&quot;yes&quot;,&quot;minimized_on&quot;:&quot;tablet&quot;,&quot;hierarchical_view&quot;:&quot;yes&quot;,&quot;min_height&quot;:{&quot;unit&quot;:&quot;px&quot;,&quot;size&quot;:&quot;&quot;,&quot;sizes&quot;:[]},&quot;min_height_tablet&quot;:{&quot;unit&quot;:&quot;px&quot;,&quot;size&quot;:&quot;&quot;,&quot;sizes&quot;:[]},&quot;min_height_mobile&quot;:{&quot;unit&quot;:&quot;px&quot;,&quot;size&quot;:&quot;&quot;,&quot;sizes&quot;:[]}}\" data-widget_type=\"table-of-contents.default\">\n\t\t\t\t<div class=\"elementor-widget-container\">\n\t\t\t\t\t\t\t\t\t<div class=\"elementor-toc__header\">\n\t\t\t\t\t\t<h4 class=\"elementor-toc__header-title\">\n\t\t\t\tTable of Contents\t\t\t<\/h4>\n\t\t\t\t\t\t\t\t\t\t<div class=\"elementor-toc__toggle-button elementor-toc__toggle-button--expand\" role=\"button\" tabindex=\"0\" aria-controls=\"elementor-toc__3ba95c8a\" aria-expanded=\"true\" aria-label=\"Open table of contents\"><svg aria-hidden=\"true\" class=\"e-font-icon-svg e-fas-chevron-down\" viewBox=\"0 0 448 512\" xmlns=\"http:\/\/www.w3.org\/2000\/svg\"><path d=\"M207.029 381.476L12.686 187.132c-9.373-9.373-9.373-24.569 0-33.941l22.667-22.667c9.357-9.357 24.522-9.375 33.901-.04L224 284.505l154.745-154.021c9.379-9.335 24.544-9.317 33.901.04l22.667 22.667c9.373 9.373 9.373 24.569 0 33.941L240.971 381.476c-9.373 9.372-24.569 9.372-33.942 0z\"><\/path><\/svg><\/div>\n\t\t\t\t<div class=\"elementor-toc__toggle-button elementor-toc__toggle-button--collapse\" role=\"button\" tabindex=\"0\" aria-controls=\"elementor-toc__3ba95c8a\" aria-expanded=\"true\" aria-label=\"Close table of contents\"><svg aria-hidden=\"true\" class=\"e-font-icon-svg e-fas-chevron-up\" viewBox=\"0 0 448 512\" xmlns=\"http:\/\/www.w3.org\/2000\/svg\"><path d=\"M240.971 130.524l194.343 194.343c9.373 9.373 9.373 24.569 0 33.941l-22.667 22.667c-9.357 9.357-24.522 9.375-33.901.04L224 227.495 69.255 381.516c-9.379 9.335-24.544 9.317-33.901-.04l-22.667-22.667c-9.373-9.373-9.373-24.569 0-33.941L207.03 130.525c9.372-9.373 24.568-9.373 33.941-.001z\"><\/path><\/svg><\/div>\n\t\t\t\t\t<\/div>\n\t\t\t\t<div id=\"elementor-toc__3ba95c8a\" class=\"elementor-toc__body\">\n\t\t\t<div class=\"elementor-toc__spinner-container\">\n\t\t\t\t<svg class=\"elementor-toc__spinner eicon-animation-spin e-font-icon-svg e-eicon-loading\" aria-hidden=\"true\" viewBox=\"0 0 1000 1000\" xmlns=\"http:\/\/www.w3.org\/2000\/svg\"><path d=\"M500 975V858C696 858 858 696 858 500S696 142 500 142 142 304 142 500H25C25 237 238 25 500 25S975 237 975 500 763 975 500 975Z\"><\/path><\/svg>\t\t\t<\/div>\n\t\t<\/div>\n\t\t\t\t\t\t<\/div>\n\t\t\t\t<\/div>\n\t\t\t\t\t<\/div>\n\t\t<\/div>\n\t\t\t\t\t<\/div>\n\t\t<\/section>\n\t\t\t\t<\/div>\n\t\t\n<h2 class=\"p1\">Causas de los trabajadores y rsquo; Disputas de compensaci\u00f3n<\/h2>\n<p class=\"p1\">A veces, el proveedor de seguros puede disputar la responsabilidad por su reclamo y le escribir\u00e1 explicando los motivos.<\/p>\n<p class=\"p1\">A continuaci\u00f3n, se muestran ejemplos de razones comunes por las que surgen estas disputas:<\/p>\n<ul>\n<li class=\"p1\">-Estado de Empleo<\/li>\n<li class=\"p1\">-\u00c1mbito externo de empleo<\/li>\n<li class=\"p1\">-Falta de causalidad<\/li>\n<li class=\"p1\">-Fecha l\u00edmite perdida<\/li>\n<li class=\"p1\">-Informaci\u00f3n inadecuada<\/li>\n<\/ul>\n<h2 class=\"p1\">Qu\u00e9 hacer si sus trabajadores y rsquo; Reclamaci\u00f3n de compensaci\u00f3n se niega en Georgia<\/h2>\n<p class=\"p1\">Si no comienza a recibir ning\u00fan beneficio de compensaci\u00f3n para trabajadores, como compensaci\u00f3n por costos m\u00e9dicos o salarios de reemplazo por el tiempo sin trabajar, es probable que su empleador y su aseguradora hayan rechazado su reclamo de compensaci\u00f3n para trabajadores. Si este es el caso, tiene derecho a solicitar una audiencia para comparecer ante la Junta Estatal de Compensaci\u00f3n para Trabajadores para apelar el rechazo de su reclamo. El plazo de prescripci\u00f3n para hacer esto es de un a\u00f1o.<\/p>\n<p class=\"p1\">Es importante tener en cuenta que, aunque tiene un a\u00f1o para presentar su apelaci\u00f3n, actuar antes tiene sus ventajas. Una de esas buenas razones es preservar las pruebas para el proceso de apelaci\u00f3n. Otra raz\u00f3n para apelar antes es que todo el proceso de apelaci\u00f3n lleva mucho tiempo, por lo tanto, presentar la solicitud lo antes posible ayuda a asegurarse de que reciba los beneficios que necesita para cubrir las facturas r\u00e1pidamente en caso de que gane su reclamo.<\/p>\n<p class=\"p1\">El proceso de audiencia es un procedimiento legal intrincado con requisitos expl\u00edcitos cuando se trata de procedimientos judiciales. Si ha sido v\u00edctima de una enfermedad o lesi\u00f3n relacionada con el trabajo, le recomendamos que se comunique con nuestros abogados de lesiones laborales en Atlanta lo antes posible. Los casos de compensaci\u00f3n para trabajadores tienen varios plazos importantes que deben cumplirse, y estamos m\u00e1s que capacitados para ayudarlo a cumplir con todos ellos para recibir los m\u00e1ximos beneficios.<\/p>\n<p class=\"p1\">Despu\u00e9s de solicitar la audiencia, la Junta de Compensaci\u00f3n para Trabajadores del Estado de Georgia enviar\u00e1 un aviso a las partes involucradas. Este aviso estipula el lugar, la hora y la fecha de la audiencia.<\/p>\n<h2 class=\"p1\">Tipos de trabajadores y rsquo; Disputas de compensaci\u00f3n<\/h2>\n<h3 class=\"p1\">Disputas m\u00e9dicas;<\/h3>\n<p class=\"p1\">Las leyes estatales y federales estipulan que si un trabajador se lesiona o se enferma mientras trabaja, tiene derecho a recibir Medicare, costos de rehabilitaci\u00f3n, salarios perdidos y otros beneficios de compensaci\u00f3n para trabajadores.<\/p>\n<p class=\"p1\">Millones de personas se enferman o enferman durante el desempe\u00f1o de su trabajo cada a\u00f1o. Si bien la mayor\u00eda de las lesiones por accidentes de trabajo ocurren en campos que involucran materiales peligrosos o maquinaria peligrosa, las lesiones y accidentes tambi\u00e9n pueden ocurrir en los llamados entornos de trabajo \u00abseguros\u00bb. A continuaci\u00f3n, se muestran algunos ejemplos de lesiones y enfermedades en el lugar de trabajo:<\/p>\n<ul>\n<li class=\"p1\">Electrocuci\u00f3n<\/li>\n<li class=\"p1\">Desgarro del manguito rotador<\/li>\n<li class=\"p1\">P\u00e9rdida de extremidad<\/li>\n<li class=\"p1\">Envenenamiento por moho t\u00f3xico o radiaci\u00f3n<\/li>\n<li class=\"p1\">S\u00edndrome del t\u00fanel carpiano<\/li>\n<li class=\"p1\">Estr\u00e9s emocional<\/li>\n<li class=\"p1\">Quemadura qu\u00edmica<\/li>\n<li class=\"p1\">Da\u00f1o en el nervio<\/li>\n<\/ul>\n<p class=\"p1\">Si su reclamo de compensaci\u00f3n para trabajadores fue rechazado y no est\u00e1 de acuerdo con el veredicto de su caso o tiene problemas con su reclamo, tiene motivos para disputar la decisi\u00f3n con la junta de compensaci\u00f3n para trabajadores, la compa\u00f1\u00eda de seguros o incluso los tribunales. Si desea aumentar sus posibilidades de obtener un resultado favorable, debe pensar en contratar a los abogados de compensaci\u00f3n para trabajadores de Kennesaw para que lo gu\u00eden. Si ha sido v\u00edctima de una lesi\u00f3n en el lugar de trabajo, nuestros abogados expertos en compensaci\u00f3n para trabajadores en Atlanta revisar\u00e1n su caso para ver si es elegible para recibir beneficios de compensaci\u00f3n para trabajadores.<\/p>\n<h3 class=\"p1\">Disputas de reclamaciones<\/h3>\n<p class=\"p1\">En su mayor parte, los beneficios de compensaci\u00f3n para trabajadores son un t\u00f3nico exclusivo contra un empleador por sufrir una lesi\u00f3n o enfermedad durante el d\u00eda. Este sistema est\u00e1 destinado a ofrecer protecci\u00f3n legal y financiera a los empleadores y, aunque es limitado, ofrecer a los empleados beneficios garantizados. Sin embargo, los empleados pueden reclamar da\u00f1os en un tribunal civil por acciones ilegales no incluidas en la compensaci\u00f3n de trabajadores como:<\/p>\n<ul>\n<li class=\"p1\">Acoso sexual<\/li>\n<li class=\"p1\">Difamaci\u00f3n<\/li>\n<li class=\"p1\">Discriminaci\u00f3n en el lugar de trabajo<\/li>\n<li class=\"p1\">Despido en represalia<\/li>\n<li class=\"p1\">Invasi\u00f3n de privacidad<\/li>\n<li class=\"p1\">Contrataci\u00f3n negligente<\/li>\n<li class=\"p1\">Da\u00f1o a la propiedad<\/li>\n<\/ul>\n<p class=\"p1\">Las regulaciones difieren seg\u00fan el estado en el que se produjo la lesi\u00f3n. Si tiene problemas en su lugar de trabajo, hable con un abogado sobre sus derechos. La forma m\u00e1s r\u00e1pida y sencilla de resolver algunos de los problemas experimentados en el lugar de trabajo es que usted y su abogado hablen directamente con el administrador del caso o la aseguradora. Si no resuelve su problema, el siguiente curso de acci\u00f3n a seguir es iniciar una apelaci\u00f3n \/ disputa formal.<\/p>\n<h2 class=\"p1\">Trabajadores y rsquo; Proceso de apelaciones y disputas de compensaci\u00f3n en Georgia<\/h2>\n<ul>\n<li class=\"p1\">Presentar la notificaci\u00f3n de reclamo<\/li>\n<li class=\"p1\">Mediaci\u00f3n<\/li>\n<li class=\"p1\">Audiencia de indemnizaci\u00f3n laboral<\/li>\n<li class=\"p1\">Apelaciones a la Divisi\u00f3n de Apelaciones<\/li>\n<li class=\"p1\">Aplicar a la Corte Superior de Georgia<\/li>\n<li class=\"p1\">Apellar a la Corte de Apelaciones de Georgia<\/li>\n<\/ul>\n<h2 class=\"p1\">Conclusi\u00f3n<\/h2>\n<p class=\"p1\">La mayor\u00eda de las personas asocian las lesiones sufridas en el lugar de trabajo con trabajos peligrosos y pr\u00e1cticos, como la construcci\u00f3n. Sin embargo, la verdad del asunto es que las lesiones en el lugar de trabajo pueden producirse en otros entornos laborales. Si ha sido v\u00edctima de una lesi\u00f3n en el lugar de trabajo, debe considerar consultar con un abogado de compensaci\u00f3n para trabajadores de Kennesaw para obtener un reembolso por las lesiones sufridas.<\/p>\n<p class=\"p1\">Nuestra Coalici\u00f3n de Abogados de Compensaci\u00f3n para Trabajadores de Atlanta, puede estar en condiciones de ayudarlo a obtener el reembolso que se merece. Entendemos lo devastador que puede ser sufrir una lesi\u00f3n y perder su fuente de ingresos al mismo tiempo. Los empleadores est\u00e1n obligados por ley a aplicar una pol\u00edtica de compensaci\u00f3n para trabajadores para proteger a sus empleados. Lucharemos para que obtengas la m\u00e1xima compensaci\u00f3n posible para cubrir tus facturas y gastos.<\/p>\n<p class=\"p1\">Para comenzar los procedimientos legales, puede ponerse en contacto con las Oficinas Legales de Atlanta de la Coalici\u00f3n de Abogados de Compensaci\u00f3n Laboral en Atlanta al <a href=\"tel:+14705185026\"><i class=\"fa fa-phone-alt\"><\/i>470-518-5026<\/a>.<\/p>\n","protected":false},"excerpt":{"rendered":"<p>Varias personas sufren lesiones mientras est\u00e1n en el reloj todos los d\u00edas. Independientemente de su trabajo, existe una alta probabilidad de que se lastime. Es por eso que los empleadores y due\u00f1os de negocios en Georgia est\u00e1n obligados a proporcionar cobertura de compensaci\u00f3n para trabajadores a todos sus empleados. La compensaci\u00f3n para trabajadores se refiere [&hellip;]<\/p>\n","protected":false},"author":38,"featured_media":0,"parent":26583,"menu_order":0,"comment_status":"closed","ping_status":"closed","template":"","meta":{"_acf_changed":false,"rank_math_title":"Manejo de disputas de compensaci\u00f3n laboral","rank_math_description":"","anchor_text":"","footnotes":""},"categories":[57],"tags":[62,134],"class_list":["post-26505","page","type-page","status-publish","hentry","category-kennesaw-location","tag-compensacion-de-trabajadores","tag-workers-compensation-es-2"],"acf":[],"_links":{"self":[{"href":"https:\/\/workerscompensationlawyersatlanta.com\/es\/wp-json\/wp\/v2\/pages\/26505","targetHints":{"allow":["GET"]}}],"collection":[{"href":"https:\/\/workerscompensationlawyersatlanta.com\/es\/wp-json\/wp\/v2\/pages"}],"about":[{"href":"https:\/\/workerscompensationlawyersatlanta.com\/es\/wp-json\/wp\/v2\/types\/page"}],"author":[{"embeddable":true,"href":"https:\/\/workerscompensationlawyersatlanta.com\/es\/wp-json\/wp\/v2\/users\/38"}],"replies":[{"embeddable":true,"href":"https:\/\/workerscompensationlawyersatlanta.com\/es\/wp-json\/wp\/v2\/comments?post=26505"}],"version-history":[{"count":0,"href":"https:\/\/workerscompensationlawyersatlanta.com\/es\/wp-json\/wp\/v2\/pages\/26505\/revisions"}],"up":[{"embeddable":true,"href":"https:\/\/workerscompensationlawyersatlanta.com\/es\/wp-json\/wp\/v2\/pages\/26583"}],"wp:attachment":[{"href":"https:\/\/workerscompensationlawyersatlanta.com\/es\/wp-json\/wp\/v2\/media?parent=26505"}],"wp:term":[{"taxonomy":"category","embeddable":true,"href":"https:\/\/workerscompensationlawyersatlanta.com\/es\/wp-json\/wp\/v2\/categories?post=26505"},{"taxonomy":"post_tag","embeddable":true,"href":"https:\/\/workerscompensationlawyersatlanta.com\/es\/wp-json\/wp\/v2\/tags?post=26505"}],"curies":[{"name":"wp","href":"https:\/\/api.w.org\/{rel}","templated":true}]}}