{"id":26507,"date":"2021-05-21T17:30:30","date_gmt":"2021-05-21T17:30:30","guid":{"rendered":"https:\/\/workerscompensationlawyersatlanta.com\/?page_id=26507"},"modified":"2021-05-28T15:41:23","modified_gmt":"2021-05-28T15:41:23","slug":"informar-una-lesion-laboral","status":"publish","type":"page","link":"https:\/\/workerscompensationlawyersatlanta.com\/es\/kennesaw\/informar-una-lesion-laboral\/","title":{"rendered":"Informar Una Lesi\u00f3n Laboral en Kennesaw"},"content":{"rendered":"<p class=\"p1\">Cuando se lesiona en el lugar de trabajo en Kennesaw Georgia, tiene derecho a reclamar los beneficios de la cobertura del seguro de compensaci\u00f3n para trabajadores de su empleador. Todos los empleadores de Georgia deben tener un seguro de compensaci\u00f3n para trabajadores si emplean a m\u00e1s de tres empleados. El hecho de que su empleador tenga un seguro de WC no significa que la p\u00f3liza cubra autom\u00e1ticamente sus lesiones en el lugar de trabajo. Debe presentar un reclamo de WC ante la compa\u00f1\u00eda de seguros para obtener la compensaci\u00f3n requerida por sus lesiones. La ley de compensaci\u00f3n laboral en Georgia puede ser bastante compleja. No puede maximizar sus beneficios sin una representaci\u00f3n legal experimentada.<\/p>\n<p class=\"p1\">Georgia tiene su propia porci\u00f3n de abogados de lesiones personales. Pero no todos estos profesionales son iguales. Su extensa investigaci\u00f3n juega un papel crucial en la selecci\u00f3n del mejor abogado de lesiones personales para manejar su reclamo de WC. La Coalici\u00f3n de Abogados de Compensaci\u00f3n para Trabajadores de Atlanta es su socio de confianza en Kennesaw para manejar su reclamo de compensaci\u00f3n para trabajadores y obtener la compensaci\u00f3n m\u00e1xima por sus lesiones.<\/p>\n<p class=\"p1\">Los abogados de WC de la Coalici\u00f3n de Abogados de Compensaci\u00f3n Laboral de Atlanta comprenden la importancia de restaurar su rutina normal lo m\u00e1s r\u00e1pido posible despu\u00e9s de una lesi\u00f3n relacionada con el trabajo. Nuestro equipo tiene una amplia experiencia en el manejo de reclamos de compensaci\u00f3n para trabajadores en Kennesaw y gana millones de d\u00f3lares en nombre de nuestros clientes. Tratamos a cada cliente como una persona y no solo como un n\u00famero. Su caso es importante para nosotros porque afecta a todos los miembros de su familia. Cuando nos llame para manejar su reclamo de WC, le asignaremos un abogado para su caso. \u00c9l o ella se comprometer\u00e1n a revisar los detalles de su caso y recomendar la forma correcta de manejar el caso a partir de ah\u00ed. Es por eso que debe confiar en de <a href=\"https:\/\/workerscompensationlawyersatlanta.com\/es\/sandy-springs\/abogado-de-compensacion-de-los-trabajadores\/\">abogados de compensaci\u00f3n para trabajadores de Kennesaw<\/a> para reclamar los beneficios m\u00e1ximos del seguro de WC para sus lesiones. Comun\u00edquese hoy mismo con la Coalici\u00f3n de Abogados de Compensaci\u00f3n para Trabajadores de Atlanta al <a href=\"tel:+14705185026\"><i class=\"fa fa-phone-alt\"><\/i>470-518-5026<\/a> para representar su caso y obtener la compensaci\u00f3n m\u00e1xima por sus lesiones.<\/p>\n\t\t<div data-elementor-type=\"section\" data-elementor-id=\"208\" class=\"elementor elementor-208\" data-elementor-post-type=\"elementor_library\">\n\t\t\t\t\t<section class=\"elementor-section elementor-top-section elementor-element elementor-element-485e576a elementor-section-boxed elementor-section-height-default elementor-section-height-default\" data-id=\"485e576a\" data-element_type=\"section\" data-e-type=\"section\">\n\t\t\t\t\t\t<div class=\"elementor-container elementor-column-gap-default\">\n\t\t\t\t\t<div class=\"elementor-column elementor-col-100 elementor-top-column elementor-element elementor-element-635c38c0 section-toc\" data-id=\"635c38c0\" data-element_type=\"column\" data-e-type=\"column\">\n\t\t\t<div class=\"elementor-widget-wrap elementor-element-populated\">\n\t\t\t\t\t\t<div class=\"elementor-element elementor-element-3ba95c8a elementor-toc--minimized-on-tablet elementor-widget elementor-widget-table-of-contents\" data-id=\"3ba95c8a\" data-element_type=\"widget\" data-e-type=\"widget\" data-settings=\"{&quot;exclude_headings_by_selector&quot;:&quot;.toc-remove&quot;,&quot;headings_by_tags&quot;:[&quot;h2&quot;,&quot;h3&quot;,&quot;h4&quot;,&quot;h5&quot;,&quot;h6&quot;],&quot;marker_view&quot;:&quot;numbers&quot;,&quot;no_headings_message&quot;:&quot;No headings were found on this page.&quot;,&quot;minimize_box&quot;:&quot;yes&quot;,&quot;minimized_on&quot;:&quot;tablet&quot;,&quot;hierarchical_view&quot;:&quot;yes&quot;,&quot;min_height&quot;:{&quot;unit&quot;:&quot;px&quot;,&quot;size&quot;:&quot;&quot;,&quot;sizes&quot;:[]},&quot;min_height_tablet&quot;:{&quot;unit&quot;:&quot;px&quot;,&quot;size&quot;:&quot;&quot;,&quot;sizes&quot;:[]},&quot;min_height_mobile&quot;:{&quot;unit&quot;:&quot;px&quot;,&quot;size&quot;:&quot;&quot;,&quot;sizes&quot;:[]}}\" data-widget_type=\"table-of-contents.default\">\n\t\t\t\t<div class=\"elementor-widget-container\">\n\t\t\t\t\t\t\t\t\t<div class=\"elementor-toc__header\">\n\t\t\t\t\t\t<h4 class=\"elementor-toc__header-title\">\n\t\t\t\tTable of Contents\t\t\t<\/h4>\n\t\t\t\t\t\t\t\t\t\t<div class=\"elementor-toc__toggle-button elementor-toc__toggle-button--expand\" role=\"button\" tabindex=\"0\" aria-controls=\"elementor-toc__3ba95c8a\" aria-expanded=\"true\" aria-label=\"Open table of contents\"><svg aria-hidden=\"true\" class=\"e-font-icon-svg e-fas-chevron-down\" viewBox=\"0 0 448 512\" xmlns=\"http:\/\/www.w3.org\/2000\/svg\"><path d=\"M207.029 381.476L12.686 187.132c-9.373-9.373-9.373-24.569 0-33.941l22.667-22.667c9.357-9.357 24.522-9.375 33.901-.04L224 284.505l154.745-154.021c9.379-9.335 24.544-9.317 33.901.04l22.667 22.667c9.373 9.373 9.373 24.569 0 33.941L240.971 381.476c-9.373 9.372-24.569 9.372-33.942 0z\"><\/path><\/svg><\/div>\n\t\t\t\t<div class=\"elementor-toc__toggle-button elementor-toc__toggle-button--collapse\" role=\"button\" tabindex=\"0\" aria-controls=\"elementor-toc__3ba95c8a\" aria-expanded=\"true\" aria-label=\"Close table of contents\"><svg aria-hidden=\"true\" class=\"e-font-icon-svg e-fas-chevron-up\" viewBox=\"0 0 448 512\" xmlns=\"http:\/\/www.w3.org\/2000\/svg\"><path d=\"M240.971 130.524l194.343 194.343c9.373 9.373 9.373 24.569 0 33.941l-22.667 22.667c-9.357 9.357-24.522 9.375-33.901.04L224 227.495 69.255 381.516c-9.379 9.335-24.544 9.317-33.901-.04l-22.667-22.667c-9.373-9.373-9.373-24.569 0-33.941L207.03 130.525c9.372-9.373 24.568-9.373 33.941-.001z\"><\/path><\/svg><\/div>\n\t\t\t\t\t<\/div>\n\t\t\t\t<div id=\"elementor-toc__3ba95c8a\" class=\"elementor-toc__body\">\n\t\t\t<div class=\"elementor-toc__spinner-container\">\n\t\t\t\t<svg class=\"elementor-toc__spinner eicon-animation-spin e-font-icon-svg e-eicon-loading\" aria-hidden=\"true\" viewBox=\"0 0 1000 1000\" xmlns=\"http:\/\/www.w3.org\/2000\/svg\"><path d=\"M500 975V858C696 858 858 696 858 500S696 142 500 142 142 304 142 500H25C25 237 238 25 500 25S975 237 975 500 763 975 500 975Z\"><\/path><\/svg>\t\t\t<\/div>\n\t\t<\/div>\n\t\t\t\t\t\t<\/div>\n\t\t\t\t<\/div>\n\t\t\t\t\t<\/div>\n\t\t<\/div>\n\t\t\t\t\t<\/div>\n\t\t<\/section>\n\t\t\t\t<\/div>\n\t\t\n<h2 class=\"p1\">\u00bfCu\u00e1nto tiempo tengo para informar una lesi\u00f3n en el lugar de trabajo en Kennesaw Georgia?<\/h2>\n<p class=\"p1\">Las leyes de WC en Georgia requieren que el empleado lesionado proporcione a su empleador un aviso inmediato de sus lesiones. El empleado lesionado tiene 30 d\u00edas a partir de la fecha de la lesi\u00f3n para notificar al empleador sobre sus lesiones. El plazo de 30 d\u00edas se ha incluido en la ley de GA WC para que el empleador pueda investigar el reclamo por lesiones mientras a\u00fan hay evidencia confiable disponible. Pero debe informar sus lesiones inmediatamente al empleador, independientemente del plazo de 30 d\u00edas.<\/p>\n<p class=\"p1\">Puede informar el incidente a su empleador, al representante del empleador, al capataz o al supervisor inmediato. No hay ning\u00fan requisito de proporcionar un aviso por escrito seg\u00fan las leyes de WC de Georgia. Pero debe proporcionar tantos detalles como sea posible al informar el accidente. Por ejemplo, debe proporcionar los siguientes detalles sobre el accidente:<\/p>\n<ul>\n<li>La fecha y hora del accidente.<\/li>\n<li>El lugar del accidente.<\/li>\n<li>\u00bfQu\u00e9 estabas haciendo en ese momento?<\/li>\n<li>Las partes espec\u00edficas del cuerpo que se vieron afectadas.<\/li>\n<li class=\"p1\">Cualquier testigo del accidente.Si decide proporcionar una declaraci\u00f3n escrita del incidente, debe conservar una copia del documento para sus referencias. No cumplir con el plazo de 30 d\u00edas puede resultar en que su empleador le niegue los beneficios de WC. Si su reclamo es rechazado por no cumplir con la fecha l\u00edmite, perder\u00e1 su derecho a recibir tratamiento m\u00e9dico y beneficios de ingresos. Es por eso que debe informar su accidente al empleador o su representante con prontitud cuando se lesiona en el trabajo.<\/li>\n<\/ul>\n<h2 class=\"p1\">\u00bfA qui\u00e9n tengo que informar una lesi\u00f3n en el lugar de trabajo?<\/h2>\n<p class=\"p1\">Cuando ha sufrido lesiones relacionadas con el lugar de trabajo, debe notificar inmediatamente a su empleador sobre el incidente. Tiene 30 d\u00edas desde la fecha del accidente para hacerlo. Si no lo notifica a tiempo, su empleador puede negarle los beneficios de WC que le corresponden. Lo m\u00e1s importante es notificar a la persona adecuada en su organizaci\u00f3n. Su empleador debe darle un manual del empleado o un documento separado que explique c\u00f3mo notificarme cuando se lesiona en el trabajo. De lo contrario, puede notificar el accidente directamente a su empleador, su representante o su supervisor inmediato. A pesar de que la ley de WC de Georgia no requiere que un empleado lesionado proporcione un aviso por escrito a su empleador, a veces puede ser una buena idea dar un aviso por escrito. Tiene pruebas incluso si su supervisor niega que proporcion\u00f3 una notificaci\u00f3n verbal del incidente. Su empleador puede pedirle que complete un informe de accidente. Si es as\u00ed, debe ser honesto al responder las preguntas y no exagerar sus lesiones.<\/p>\n<h2 class=\"p1\">Responsabilidades del empleador despu\u00e9s de una lesi\u00f3n en el lugar de trabajo<\/h2>\n<p class=\"p1\">El empleador debe actuar con rapidez para brindar asistencia m\u00e9dica al empleado lesionado. Estos son los pasos que debe seguir un empleador cuando un empleado se lesiona en el trabajo.<\/p>\n<ul>\n<li class=\"p1\">Busque asistencia m\u00e9dica<\/li>\n<li class=\"p1\">Siga todas las recomendaciones de la Administraci\u00f3n de Seguridad y Salud Ocupacional (OSHA)<\/li>\n<li class=\"p1\">Siga los pasos descritos en el plan de emergencia para accidentes laborales.<\/li>\n<li class=\"p1\">Mueva a otros empleados a \u00e1reas seguras<\/li>\n<li class=\"p1\">Obtenga informaci\u00f3n, evidencia y fotos del incidente.<\/li>\n<li class=\"p1\">Mantener una comunicaci\u00f3n abierta y honesta con el empleado lesionado y la compa\u00f1\u00eda de seguros.<\/li>\n<li class=\"p1\">Responsabilidad del empleado despu\u00e9s de una lesi\u00f3n en el lugar de trabajo<\/li>\n<li class=\"p1\">Si se lesiona en el trabajo en Kennesaw GA, debe seguir estos pasos:<\/li>\n<li class=\"p1\">Informe el accidente al empleador y busque ayuda m\u00e9dica.<\/li>\n<li class=\"p1\">Cumpla con la fecha l\u00edmite para informar el incidente a su empleador<\/li>\n<li class=\"p1\">Documente las lesiones, los detalles del accidente y con qui\u00e9n habla y cu\u00e1ndo<\/li>\n<li class=\"p1\">Tome fotos de los antiguos si est\u00e1 en condiciones de hacerlo.<\/li>\n<\/ul>\n<h2 class=\"p1\">Ll\u00e1menos hoy cuando informe una lesi\u00f3n laboral en Kennesaw<\/h2>\n<p class=\"p1\">La Coalici\u00f3n de Abogados de Compensaci\u00f3n para Trabajadores de Atlanta es su socio de confianza en Kennesaw para manejar su reclamo de WC y obtener los m\u00e1ximos beneficios por sus lesiones.<\/p>\n<h2 class=\"p1\">Conclusi\u00f3n<\/h2>\n<p class=\"p1\">Cuando se lesiona en el trabajo en Kennesaw GA, tiene derecho a reclamar una compensaci\u00f3n de la cobertura del seguro de WC de su empleador. Necesita contratar al mejor abogado de WC en la ciudad para manejar su reclamo de WC. Comun\u00edquese hoy mismo con la Coalici\u00f3n de Abogados de Compensaci\u00f3n para Trabajadores de Atlanta al <a href=\"tel:+14705185026\"><i class=\"fa fa-phone-alt\"><\/i>470-518-5026<\/a> para representar su caso y obtener la compensaci\u00f3n m\u00e1xima por sus lesiones.<\/p>\n","protected":false},"excerpt":{"rendered":"<p>Cuando se lesiona en el lugar de trabajo en Kennesaw Georgia, tiene derecho a reclamar los beneficios de la cobertura del seguro de compensaci\u00f3n para trabajadores de su empleador. Todos los empleadores de Georgia deben tener un seguro de compensaci\u00f3n para trabajadores si emplean a m\u00e1s de tres empleados. El hecho de que su empleador [&hellip;]<\/p>\n","protected":false},"author":38,"featured_media":0,"parent":26583,"menu_order":0,"comment_status":"closed","ping_status":"closed","template":"","meta":{"_acf_changed":false,"rank_math_title":"Compensaci\u00f3n para trabajadores de Kennesaw GA Reportando una lesi\u00f3n","rank_math_description":"","anchor_text":"","footnotes":""},"categories":[57],"tags":[62,134],"class_list":["post-26507","page","type-page","status-publish","hentry","category-kennesaw-location","tag-compensacion-de-trabajadores","tag-workers-compensation-es-2"],"acf":[],"_links":{"self":[{"href":"https:\/\/workerscompensationlawyersatlanta.com\/es\/wp-json\/wp\/v2\/pages\/26507","targetHints":{"allow":["GET"]}}],"collection":[{"href":"https:\/\/workerscompensationlawyersatlanta.com\/es\/wp-json\/wp\/v2\/pages"}],"about":[{"href":"https:\/\/workerscompensationlawyersatlanta.com\/es\/wp-json\/wp\/v2\/types\/page"}],"author":[{"embeddable":true,"href":"https:\/\/workerscompensationlawyersatlanta.com\/es\/wp-json\/wp\/v2\/users\/38"}],"replies":[{"embeddable":true,"href":"https:\/\/workerscompensationlawyersatlanta.com\/es\/wp-json\/wp\/v2\/comments?post=26507"}],"version-history":[{"count":0,"href":"https:\/\/workerscompensationlawyersatlanta.com\/es\/wp-json\/wp\/v2\/pages\/26507\/revisions"}],"up":[{"embeddable":true,"href":"https:\/\/workerscompensationlawyersatlanta.com\/es\/wp-json\/wp\/v2\/pages\/26583"}],"wp:attachment":[{"href":"https:\/\/workerscompensationlawyersatlanta.com\/es\/wp-json\/wp\/v2\/media?parent=26507"}],"wp:term":[{"taxonomy":"category","embeddable":true,"href":"https:\/\/workerscompensationlawyersatlanta.com\/es\/wp-json\/wp\/v2\/categories?post=26507"},{"taxonomy":"post_tag","embeddable":true,"href":"https:\/\/workerscompensationlawyersatlanta.com\/es\/wp-json\/wp\/v2\/tags?post=26507"}],"curies":[{"name":"wp","href":"https:\/\/api.w.org\/{rel}","templated":true}]}}