{"id":26510,"date":"2021-05-21T17:42:45","date_gmt":"2021-05-21T17:42:45","guid":{"rendered":"https:\/\/workerscompensationlawyersatlanta.com\/?page_id=26510"},"modified":"2021-05-28T16:03:42","modified_gmt":"2021-05-28T16:03:42","slug":"disputas-de-compensacion-para-trabajadores","status":"publish","type":"page","link":"https:\/\/workerscompensationlawyersatlanta.com\/es\/college-park\/disputas-de-compensacion-para-trabajadores\/","title":{"rendered":"Disputas de Compensaci\u00f3n para Trabajadores en College Park"},"content":{"rendered":"<p class=\"p1\">En Georgia, los due\u00f1os de negocios est\u00e1n obligados por ley a tener una p\u00f3liza de seguro de compensaci\u00f3n para trabajadores que proteja a los empleados de enfermedades y lesiones relacionadas con el trabajo. No importa si se trata de trabajadores a tiempo parcial o completo, siempre que el n\u00famero de empleados sea superior a tres, el empleador debe tener una p\u00f3liza de seguro para el trabajador. Por lo tanto, si se lesion\u00f3 en el trabajo, tiene derecho a buscar una compensaci\u00f3n por sus lesiones. Sin embargo, aunque es su derecho legal ser compensado, a veces la compa\u00f1\u00eda de seguros puede rechazar un reclamo de compensaci\u00f3n para trabajadores, y cuando esto suceda, necesitar\u00e1 un abogado con experiencia que pueda ayudarlo a disputar tal decisi\u00f3n.<\/p>\n<p class=\"p1\">Al comunicarse con nuestros abogados de compensaci\u00f3n para trabajadores, lo ayudaremos a proteger sus derechos y beneficios seg\u00fan lo requiere el C\u00f3digo de ley estatal O.C.G.A (34-9-81.1). Muchos trabajadores se han enfrentado al mismo desaf\u00edo de que se les niegue su reclamo de compensaci\u00f3n, y los hemos ayudado a luchar por lo que tienen derecho. Por lo tanto, no se conforme con menos de lo que se merece en t\u00e9rminos de liquidaci\u00f3n ni decida no hacer nada despu\u00e9s de que se le niegue su reclamo. Comun\u00edquese con la Coalici\u00f3n de <a href=\"https:\/\/workerscompensationlawyersatlanta.com\/es\/college-park\/abogado-de-compensacion-de-los-trabajadores\/\">Abogados de Compensaci\u00f3n para Trabajadores en College Park<\/a> y le ofreceremos una soluci\u00f3n legal.<\/p>\n\t\t<div data-elementor-type=\"section\" data-elementor-id=\"208\" class=\"elementor elementor-208\" data-elementor-post-type=\"elementor_library\">\n\t\t\t\t\t<section class=\"elementor-section elementor-top-section elementor-element elementor-element-485e576a elementor-section-boxed elementor-section-height-default elementor-section-height-default\" data-id=\"485e576a\" data-element_type=\"section\" data-e-type=\"section\">\n\t\t\t\t\t\t<div class=\"elementor-container elementor-column-gap-default\">\n\t\t\t\t\t<div class=\"elementor-column elementor-col-100 elementor-top-column elementor-element elementor-element-635c38c0 section-toc\" data-id=\"635c38c0\" data-element_type=\"column\" data-e-type=\"column\">\n\t\t\t<div class=\"elementor-widget-wrap elementor-element-populated\">\n\t\t\t\t\t\t<div class=\"elementor-element elementor-element-3ba95c8a elementor-toc--minimized-on-tablet elementor-widget elementor-widget-table-of-contents\" data-id=\"3ba95c8a\" data-element_type=\"widget\" data-e-type=\"widget\" data-settings=\"{&quot;exclude_headings_by_selector&quot;:&quot;.toc-remove&quot;,&quot;headings_by_tags&quot;:[&quot;h2&quot;,&quot;h3&quot;,&quot;h4&quot;,&quot;h5&quot;,&quot;h6&quot;],&quot;marker_view&quot;:&quot;numbers&quot;,&quot;no_headings_message&quot;:&quot;No headings were found on this page.&quot;,&quot;minimize_box&quot;:&quot;yes&quot;,&quot;minimized_on&quot;:&quot;tablet&quot;,&quot;hierarchical_view&quot;:&quot;yes&quot;,&quot;min_height&quot;:{&quot;unit&quot;:&quot;px&quot;,&quot;size&quot;:&quot;&quot;,&quot;sizes&quot;:[]},&quot;min_height_tablet&quot;:{&quot;unit&quot;:&quot;px&quot;,&quot;size&quot;:&quot;&quot;,&quot;sizes&quot;:[]},&quot;min_height_mobile&quot;:{&quot;unit&quot;:&quot;px&quot;,&quot;size&quot;:&quot;&quot;,&quot;sizes&quot;:[]}}\" data-widget_type=\"table-of-contents.default\">\n\t\t\t\t<div class=\"elementor-widget-container\">\n\t\t\t\t\t\t\t\t\t<div class=\"elementor-toc__header\">\n\t\t\t\t\t\t<h4 class=\"elementor-toc__header-title\">\n\t\t\t\tTable of Contents\t\t\t<\/h4>\n\t\t\t\t\t\t\t\t\t\t<div class=\"elementor-toc__toggle-button elementor-toc__toggle-button--expand\" role=\"button\" tabindex=\"0\" aria-controls=\"elementor-toc__3ba95c8a\" aria-expanded=\"true\" aria-label=\"Open table of contents\"><svg aria-hidden=\"true\" class=\"e-font-icon-svg e-fas-chevron-down\" viewBox=\"0 0 448 512\" xmlns=\"http:\/\/www.w3.org\/2000\/svg\"><path d=\"M207.029 381.476L12.686 187.132c-9.373-9.373-9.373-24.569 0-33.941l22.667-22.667c9.357-9.357 24.522-9.375 33.901-.04L224 284.505l154.745-154.021c9.379-9.335 24.544-9.317 33.901.04l22.667 22.667c9.373 9.373 9.373 24.569 0 33.941L240.971 381.476c-9.373 9.372-24.569 9.372-33.942 0z\"><\/path><\/svg><\/div>\n\t\t\t\t<div class=\"elementor-toc__toggle-button elementor-toc__toggle-button--collapse\" role=\"button\" tabindex=\"0\" aria-controls=\"elementor-toc__3ba95c8a\" aria-expanded=\"true\" aria-label=\"Close table of contents\"><svg aria-hidden=\"true\" class=\"e-font-icon-svg e-fas-chevron-up\" viewBox=\"0 0 448 512\" xmlns=\"http:\/\/www.w3.org\/2000\/svg\"><path d=\"M240.971 130.524l194.343 194.343c9.373 9.373 9.373 24.569 0 33.941l-22.667 22.667c-9.357 9.357-24.522 9.375-33.901.04L224 227.495 69.255 381.516c-9.379 9.335-24.544 9.317-33.901-.04l-22.667-22.667c-9.373-9.373-9.373-24.569 0-33.941L207.03 130.525c9.372-9.373 24.568-9.373 33.941-.001z\"><\/path><\/svg><\/div>\n\t\t\t\t\t<\/div>\n\t\t\t\t<div id=\"elementor-toc__3ba95c8a\" class=\"elementor-toc__body\">\n\t\t\t<div class=\"elementor-toc__spinner-container\">\n\t\t\t\t<svg class=\"elementor-toc__spinner eicon-animation-spin e-font-icon-svg e-eicon-loading\" aria-hidden=\"true\" viewBox=\"0 0 1000 1000\" xmlns=\"http:\/\/www.w3.org\/2000\/svg\"><path d=\"M500 975V858C696 858 858 696 858 500S696 142 500 142 142 304 142 500H25C25 237 238 25 500 25S975 237 975 500 763 975 500 975Z\"><\/path><\/svg>\t\t\t<\/div>\n\t\t<\/div>\n\t\t\t\t\t\t<\/div>\n\t\t\t\t<\/div>\n\t\t\t\t\t<\/div>\n\t\t<\/div>\n\t\t\t\t\t<\/div>\n\t\t<\/section>\n\t\t\t\t<\/div>\n\t\t\n<h2 class=\"p1\">\u00bfCausas de las disputas por indemnizaci\u00f3n laboral?<\/h2>\n<p class=\"p1\">Las aseguradoras y los empleadores no siempre est\u00e1n dispuestos a compensar a los empleados por sus lesiones relacionadas con el trabajo. Por eso buscan razones v\u00e1lidas que puedan utilizar para justificar sus decisiones. A continuaci\u00f3n, se presentan algunas de las causas comunes de disputas de compensaci\u00f3n para trabajadores en College Park, GA.<\/p>\n<h3 class=\"p1\">Situaci\u00f3n laboral.<\/h3>\n<p class=\"p1\">A veces, la compa\u00f1\u00eda de seguros puede rechazar su reclamo debido a su situaci\u00f3n laboral. Si lo despidieron, lo despidieron o renunci\u00f3 a su puesto de trabajo, entonces su reclamo podr\u00eda ser denegado. De acuerdo con la ley de Georgia, un empleado puede ser compensado por sus lesiones mientras est\u00e1 de servicio. Por lo tanto, si present\u00f3 su reclamo despu\u00e9s de ser despedido o despu\u00e9s de haber renunciado a su trabajo, entonces la compa\u00f1\u00eda de seguros usar\u00e1 esto como una raz\u00f3n v\u00e1lida para denegarle su reclamo. Sin embargo, si present\u00f3 su reclamo antes de ser despedido, merece ser compensado.<\/p>\n<h3 class=\"p1\">Alcance externo del empleo.<\/h3>\n<p class=\"p1\">Otra raz\u00f3n por la que la compa\u00f1\u00eda de seguros puede negarle su reclamo es si las lesiones sufridas no ocurrieron durante el alcance y el curso de su turno de trabajo. Por lo tanto, se le pedir\u00e1 que demuestre que las lesiones sufridas est\u00e1n relacionadas con el trabajo utilizando las pruebas reunidas en el lugar del accidente.<\/p>\n<h3 class=\"p1\">Fecha l\u00edmite incumplida.<\/h3>\n<p class=\"p1\">Si se lesiona mientras est\u00e1 de servicio, lo primero que debe hacer es informar la lesi\u00f3n a su empleador o supervisor, dentro de los treinta d\u00edas. Si no informa el asunto dentro de este per\u00edodo, no ser\u00e1 elegible para ninguno de los beneficios de compensaci\u00f3n para trabajadores. Si su reclamo es rechazado por la compa\u00f1\u00eda de seguros o el empleador, presente su reclamo nuevamente ante la Junta Estatal de Compensaci\u00f3n para Trabajadores dentro de 1 a\u00f1o. Todo lo que tiene que hacer es obtener un formulario WC-14 del dominio de compensaci\u00f3n de la Junta Estatal de Trabajadores y completarlo antes de enviarlo.<\/p>\n<h3 class=\"p1\">Informaci\u00f3n inadecuada.<\/h3>\n<p class=\"p1\">La informaci\u00f3n inadecuada tambi\u00e9n puede hacer que se rechace su reclamo de compensaci\u00f3n para trabajadores. Por ejemplo, si trabajaba solo durante su turno y se lesion\u00f3, debe proporcionar pruebas de sus lesiones, incluido un informe m\u00e9dico y pruebas que puedan utilizarse para determinar la responsabilidad.<\/p>\n<h2 class=\"p1\">\u00bfQu\u00e9 hacer si se deniega su reclamo de indemnizaci\u00f3n laboral en Georgia?<\/h2>\n<ul>\n<li class=\"p1\">Si se deniega su reclamaci\u00f3n de indemnizaci\u00f3n laboral en Georgia, puede apelar el fallo con la ayuda de un representante legal y anular el veredicto. Comun\u00edquese con nuestros abogados de la Coalici\u00f3n de Abogados de Compensaci\u00f3n para Trabajadores y lo ayudaremos a prepararse para una audiencia en la Junta Estatal de Compensaci\u00f3n para Trabajadores despu\u00e9s de presentar una solicitud.<\/li>\n<li class=\"p1\">Su abogado har\u00e1 m\u00e1s que simplemente presentar una solicitud para que su caso sea presentado ante la Junta Estatal de Compensaci\u00f3n para Trabajadores. Como parte de nuestro deber, nuestros abogados se preparar\u00e1n para la audiencia intercambiando la informaci\u00f3n necesaria con el juez y los representantes legales de la compa\u00f1\u00eda de seguros. Despu\u00e9s de eso, lo presentaremos durante todas las audiencias preliminares mientras negociamos para un acuerdo justo.<\/li>\n<\/ul>\n<h2 class=\"p1\">Tipos de disputas por compensaci\u00f3n laboral<\/h2>\n<ul>\n<li class=\"p1\"><strong>Disputas m\u00e9dicas<\/strong>: Las disputas m\u00e9dicas generalmente surgen cuando el estado de salud de la v\u00edctima empeora despu\u00e9s de visitar a un especialista en salud recomendado por el empleador. Dado que el empleador tiene el deber de cuidado del empleado, el proveedor de asistencia m\u00e9dica debe ser confiable y eficaz. Por lo tanto, durante las reclamaciones de indemnizaci\u00f3n laboral, se producen disputas m\u00e9dicas como resultado de que la v\u00edctima no recibe la atenci\u00f3n m\u00e9dica adecuada. Cuando esto sucede, la v\u00edctima puede presentar una demanda por lesiones personales por el da\u00f1o adicional.<\/li>\n<li class=\"p1\"><strong>Reclamar disputas:<\/strong>\u00a0Las disputas de reclamos son comunes durante el proceso de reclamo de compensaci\u00f3n para trabajadores. Esto se debe a que es posible que la compa\u00f1\u00eda de seguros y el abogado de la v\u00edctima no se pongan de acuerdo sobre un acuerdo justo. La raz\u00f3n por la que esto sucede es que ambas partes no usan la misma f\u00f3rmula para calcular el valor de cada reclamo por da\u00f1o.<\/li>\n<\/ul>\n<h2 class=\"p1\">\u00bfProceso de apelaciones y disputas de compensaci\u00f3n laboral en Georgia?<\/h2>\n<h3 class=\"p1\">Presentar una notificaci\u00f3n de reclamo.<\/h3>\n<p class=\"p1\">El proceso de disputas y apelaciones de compensaci\u00f3n para trabajadores no es f\u00e1cil y no tiene que pasar por \u00e9l solo. Nuestros abogados de Workers Compensation Lawyer Coalition lo ayudar\u00e1n a pasar por el proceso sin cometer errores que puedan retrasar su caso. Con nuestra ayuda, lo ayudaremos a iniciar el proceso de apelaci\u00f3n de compensaci\u00f3n para trabajadores presentando un aviso de su reclamo usando el formulario WC-14. Luego, el formulario se env\u00eda a la Junta Estatal de Compensaci\u00f3n para Trabajadores y espera su procesamiento. Adem\u00e1s, no olvide que el formulario debe presentarse y enviarse dentro de 1 o la junta denegar\u00e1 su solicitud de audiencia.<\/p>\n<h3 class=\"p1\">Proceso de mediaci\u00f3n.<\/h3>\n<p class=\"p1\">Un proceso de mediaci\u00f3n es una forma de negociaci\u00f3n de un acuerdo que tiene lugar antes de la audiencia principal. Esto tambi\u00e9n se considera un procedimiento informal para resolver una disputa entre dos partes. Sin embargo, si el reclamo en disputa no se discute y resuelve a trav\u00e9s de la mediaci\u00f3n, entonces es necesario prepararse para una audiencia.<\/p>\n<h3 class=\"p1\">Audiencia denegada de reclamo de indemnizaci\u00f3n por accidentes de trabajo.<\/h3>\n<p class=\"p1\">De acuerdo con la ley estatal, su audiencia debe tener lugar dentro de los sesenta d\u00edas a partir del momento en que se presenta su notificaci\u00f3n de reclamo. Durante esta audiencia formal, se interroga a los testigos y tambi\u00e9n se le pedir\u00e1 que testifique. Adem\u00e1s, su abogado utilizar\u00e1 argumentos legales y la evidencia reunida para construir un caso s\u00f3lido y buscar un acuerdo justo.<\/p>\n<h3 class=\"p1\">Apelaci\u00f3n.<\/h3>\n<p class=\"p1\">Si no est\u00e1 satisfecho con la decisi\u00f3n final tomada por el juez, puede presentar una apelaci\u00f3n o solicitar una audiencia en persona ante la Divisi\u00f3n de Apelaciones de la Junta Estatal de Compensaci\u00f3n para Trabajadores. Adem\u00e1s, esta acci\u00f3n legal debe iniciarse dentro de los veinte d\u00edas siguientes a la fecha de la decisi\u00f3n de la audiencia del juez.<\/p>\n<h2 class=\"p1\">Conclusi\u00f3n.<\/h2>\n<p class=\"p1\">Cuando se trata de lidiar con disputas de compensaci\u00f3n para trabajadores, comun\u00edquese con nuestros abogados de la Coalici\u00f3n de Abogados de Compensaci\u00f3n para Trabajadores, y protegeremos sus intereses y lucharemos por sus derechos.<\/p>\n","protected":false},"excerpt":{"rendered":"<p>En Georgia, los due\u00f1os de negocios est\u00e1n obligados por ley a tener una p\u00f3liza de seguro de compensaci\u00f3n para trabajadores que proteja a los empleados de enfermedades y lesiones relacionadas con el trabajo. No importa si se trata de trabajadores a tiempo parcial o completo, siempre que el n\u00famero de empleados sea superior a tres, [&hellip;]<\/p>\n","protected":false},"author":38,"featured_media":0,"parent":26582,"menu_order":0,"comment_status":"closed","ping_status":"closed","template":"","meta":{"_acf_changed":false,"rank_math_title":"Disputas de compensaci\u00f3n para trabajadores de College Park.","rank_math_description":"","anchor_text":"","footnotes":""},"categories":[56],"tags":[62,134],"class_list":["post-26510","page","type-page","status-publish","hentry","category-college-park-location","tag-compensacion-de-trabajadores","tag-workers-compensation-es-2"],"acf":[],"_links":{"self":[{"href":"https:\/\/workerscompensationlawyersatlanta.com\/es\/wp-json\/wp\/v2\/pages\/26510","targetHints":{"allow":["GET"]}}],"collection":[{"href":"https:\/\/workerscompensationlawyersatlanta.com\/es\/wp-json\/wp\/v2\/pages"}],"about":[{"href":"https:\/\/workerscompensationlawyersatlanta.com\/es\/wp-json\/wp\/v2\/types\/page"}],"author":[{"embeddable":true,"href":"https:\/\/workerscompensationlawyersatlanta.com\/es\/wp-json\/wp\/v2\/users\/38"}],"replies":[{"embeddable":true,"href":"https:\/\/workerscompensationlawyersatlanta.com\/es\/wp-json\/wp\/v2\/comments?post=26510"}],"version-history":[{"count":0,"href":"https:\/\/workerscompensationlawyersatlanta.com\/es\/wp-json\/wp\/v2\/pages\/26510\/revisions"}],"up":[{"embeddable":true,"href":"https:\/\/workerscompensationlawyersatlanta.com\/es\/wp-json\/wp\/v2\/pages\/26582"}],"wp:attachment":[{"href":"https:\/\/workerscompensationlawyersatlanta.com\/es\/wp-json\/wp\/v2\/media?parent=26510"}],"wp:term":[{"taxonomy":"category","embeddable":true,"href":"https:\/\/workerscompensationlawyersatlanta.com\/es\/wp-json\/wp\/v2\/categories?post=26510"},{"taxonomy":"post_tag","embeddable":true,"href":"https:\/\/workerscompensationlawyersatlanta.com\/es\/wp-json\/wp\/v2\/tags?post=26510"}],"curies":[{"name":"wp","href":"https:\/\/api.w.org\/{rel}","templated":true}]}}