{"id":26511,"date":"2021-05-21T17:49:43","date_gmt":"2021-05-21T17:49:43","guid":{"rendered":"https:\/\/workerscompensationlawyersatlanta.com\/?page_id=26511"},"modified":"2023-09-08T14:24:28","modified_gmt":"2023-09-08T18:24:28","slug":"beneficios-de-compensacion-para-trabajadores","status":"publish","type":"page","link":"https:\/\/workerscompensationlawyersatlanta.com\/es\/college-park\/beneficios-de-compensacion-para-trabajadores\/","title":{"rendered":"Beneficios de Compensaci\u00f3n para Trabajadores en College Park"},"content":{"rendered":"<p class=\"p1\">Los accidentes laborales son un riesgo inherente en cualquier entorno laboral. Si se lesiona mientras trabaja en College Park, puede terminar perdiendo la capacidad de trabajar nuevamente o sus ingresos. Al mismo tiempo, tambi\u00e9n puede acumular considerables gastos de tratamiento al recibir tratamiento para sus lesiones. Independientemente de las p\u00e9rdidas que sufra al estar involucrado en un accidente laboral en Georgia, la ley es clara en una cosa: su empleado tiene la responsabilidad de compensarlo por cualquier p\u00e9rdida o lesi\u00f3n que sufra mientras realiza las tareas que le han asignado.<\/p>\n<p class=\"p1\">Las leyes de compensaci\u00f3n para trabajadores de Georgia son complejas, lo que significa que presentar un reclamo de compensaci\u00f3n exitosa puede ser abrumador. Sin embargo, puede aumentar sus posibilidades de obtener una compensaci\u00f3n completa al permitir que un abogado calificado se haga cargo del proceso de reclamo de compensaci\u00f3n.<\/p>\n<p class=\"p1\">Nuestros abogados de compensaci\u00f3n laboral tienen una amplia experiencia en el manejo de casos de reclamos como el suyo. Al comunicarse con nosotros, le ofreceremos una evaluaci\u00f3n gratuita de su caso para ayudarlo a determinar si tiene un reclamo v\u00e1lido. Luego elaboraremos un reclamo completo y detallado que presentaremos a su empleador de inmediato.<\/p>\n<p class=\"p1\">Dado que en Georgia existen limitaciones en el tiempo que puede tomar antes de presentar un reclamo de compensaci\u00f3n para trabajadores con su empleador, le recomendamos que se comunique con nosotros inmediatamente si se lesiona en su lugar de trabajo. Esto nos permitir\u00e1 poner las cosas en marcha lo m\u00e1s r\u00e1pido posible y compensarlo lo antes posible. Para comenzar su reclamo de <a href=\"https:\/\/workerscompensationlawyersatlanta.com\/es\/college-park\/abogado-de-compensacion-de-los-trabajadores\/\">compensaci\u00f3n para trabajadores de College Park<\/a>, simplemente debe llamarnos al <a href=\"tel:+14705185026\"><i class=\"fa fa-phone-alt\"><\/i>470-518-5026<\/a>.<\/p>\n\t\t<div data-elementor-type=\"section\" data-elementor-id=\"208\" class=\"elementor elementor-208\" data-elementor-post-type=\"elementor_library\">\n\t\t\t\t\t<section class=\"elementor-section elementor-top-section elementor-element elementor-element-485e576a elementor-section-boxed elementor-section-height-default elementor-section-height-default\" data-id=\"485e576a\" data-element_type=\"section\" data-e-type=\"section\">\n\t\t\t\t\t\t<div class=\"elementor-container elementor-column-gap-default\">\n\t\t\t\t\t<div class=\"elementor-column elementor-col-100 elementor-top-column elementor-element elementor-element-635c38c0 section-toc\" data-id=\"635c38c0\" data-element_type=\"column\" data-e-type=\"column\">\n\t\t\t<div class=\"elementor-widget-wrap elementor-element-populated\">\n\t\t\t\t\t\t<div class=\"elementor-element elementor-element-3ba95c8a elementor-toc--minimized-on-tablet elementor-widget elementor-widget-table-of-contents\" data-id=\"3ba95c8a\" data-element_type=\"widget\" data-e-type=\"widget\" data-settings=\"{&quot;exclude_headings_by_selector&quot;:&quot;.toc-remove&quot;,&quot;headings_by_tags&quot;:[&quot;h2&quot;,&quot;h3&quot;,&quot;h4&quot;,&quot;h5&quot;,&quot;h6&quot;],&quot;marker_view&quot;:&quot;numbers&quot;,&quot;no_headings_message&quot;:&quot;No headings were found on this page.&quot;,&quot;minimize_box&quot;:&quot;yes&quot;,&quot;minimized_on&quot;:&quot;tablet&quot;,&quot;hierarchical_view&quot;:&quot;yes&quot;,&quot;min_height&quot;:{&quot;unit&quot;:&quot;px&quot;,&quot;size&quot;:&quot;&quot;,&quot;sizes&quot;:[]},&quot;min_height_tablet&quot;:{&quot;unit&quot;:&quot;px&quot;,&quot;size&quot;:&quot;&quot;,&quot;sizes&quot;:[]},&quot;min_height_mobile&quot;:{&quot;unit&quot;:&quot;px&quot;,&quot;size&quot;:&quot;&quot;,&quot;sizes&quot;:[]}}\" data-widget_type=\"table-of-contents.default\">\n\t\t\t\t<div class=\"elementor-widget-container\">\n\t\t\t\t\t\t\t\t\t<div class=\"elementor-toc__header\">\n\t\t\t\t\t\t<h4 class=\"elementor-toc__header-title\">\n\t\t\t\tTable of Contents\t\t\t<\/h4>\n\t\t\t\t\t\t\t\t\t\t<div class=\"elementor-toc__toggle-button elementor-toc__toggle-button--expand\" role=\"button\" tabindex=\"0\" aria-controls=\"elementor-toc__3ba95c8a\" aria-expanded=\"true\" aria-label=\"Open table of contents\"><svg aria-hidden=\"true\" class=\"e-font-icon-svg e-fas-chevron-down\" viewBox=\"0 0 448 512\" xmlns=\"http:\/\/www.w3.org\/2000\/svg\"><path d=\"M207.029 381.476L12.686 187.132c-9.373-9.373-9.373-24.569 0-33.941l22.667-22.667c9.357-9.357 24.522-9.375 33.901-.04L224 284.505l154.745-154.021c9.379-9.335 24.544-9.317 33.901.04l22.667 22.667c9.373 9.373 9.373 24.569 0 33.941L240.971 381.476c-9.373 9.372-24.569 9.372-33.942 0z\"><\/path><\/svg><\/div>\n\t\t\t\t<div class=\"elementor-toc__toggle-button elementor-toc__toggle-button--collapse\" role=\"button\" tabindex=\"0\" aria-controls=\"elementor-toc__3ba95c8a\" aria-expanded=\"true\" aria-label=\"Close table of contents\"><svg aria-hidden=\"true\" class=\"e-font-icon-svg e-fas-chevron-up\" viewBox=\"0 0 448 512\" xmlns=\"http:\/\/www.w3.org\/2000\/svg\"><path d=\"M240.971 130.524l194.343 194.343c9.373 9.373 9.373 24.569 0 33.941l-22.667 22.667c-9.357 9.357-24.522 9.375-33.901.04L224 227.495 69.255 381.516c-9.379 9.335-24.544 9.317-33.901-.04l-22.667-22.667c-9.373-9.373-9.373-24.569 0-33.941L207.03 130.525c9.372-9.373 24.568-9.373 33.941-.001z\"><\/path><\/svg><\/div>\n\t\t\t\t\t<\/div>\n\t\t\t\t<div id=\"elementor-toc__3ba95c8a\" class=\"elementor-toc__body\">\n\t\t\t<div class=\"elementor-toc__spinner-container\">\n\t\t\t\t<svg class=\"elementor-toc__spinner eicon-animation-spin e-font-icon-svg e-eicon-loading\" aria-hidden=\"true\" viewBox=\"0 0 1000 1000\" xmlns=\"http:\/\/www.w3.org\/2000\/svg\"><path d=\"M500 975V858C696 858 858 696 858 500S696 142 500 142 142 304 142 500H25C25 237 238 25 500 25S975 237 975 500 763 975 500 975Z\"><\/path><\/svg>\t\t\t<\/div>\n\t\t<\/div>\n\t\t\t\t\t\t<\/div>\n\t\t\t\t<\/div>\n\t\t\t\t\t<\/div>\n\t\t<\/div>\n\t\t\t\t\t<\/div>\n\t\t<\/section>\n\t\t\t\t<\/div>\n\t\t\n<h2 class=\"p1\">\u00bfQu\u00e9 tipos de beneficios de compensaci\u00f3n laboral puedo recibir en College Park Georgia?<\/h2>\n<p class=\"p1\">Los beneficios de compensaci\u00f3n para trabajadores en el estado de Georgia se subdividen en cuatro categor\u00edas. Si se lesion\u00f3 mientras trabajaba para su empleador, puede ser elegible para cualquiera de los siguientes beneficios:<\/p>\n<h3 class=\"p1\">Beneficios por discapacidad por discapacidad total temporal (TTD)<\/h3>\n<p class=\"p1\">Si ha sufrido lesiones que lo incapacitan para realizar sus tareas laborales durante al menos 7 d\u00edas, puede recibir los beneficios de TTD en College Park.<\/p>\n<h3 class=\"p1\">Beneficios por discapacidad parcial temporal (TPD)<\/h3>\n<p class=\"p1\">Si sufre lesiones que no son graves y regresa al trabajo mientras se recupera, aunque maneja tareas m\u00e1s simples a un salario m\u00e1s bajo, es elegible para los beneficios de TPD.<\/p>\n<h3 class=\"p1\">Beneficios por discapacidad parcial permanente (PPD)<\/h3>\n<p class=\"p1\">Si sufre lesiones debilitantes permanentes despu\u00e9s de un accidente en el lugar de trabajo, pero a\u00fan puede reanudar el trabajo a pesar de su discapacidad, puede ser elegible para los beneficios de PPD en Georgia.<\/p>\n<h3 class=\"p1\">Beneficios por discapacidad total permanente (PTD)<\/h3>\n<p class=\"p1\">Si sufre lesiones que provocan una discapacidad que le impide permanentemente trabajar de nuevo o conseguir un empleo remunerado en el futuro, puede ser elegible para los beneficios de PTD en Georgia.<\/p>\n<h2 class=\"p1\">\u00bfC\u00f3mo se calcular\u00e1n los beneficios de compensaci\u00f3n para trabajadores de College Park?<\/h2>\n<p class=\"p1\">Los beneficios de compensaci\u00f3n en Georgia se calculan de manera diferente. La compensaci\u00f3n total que se le adeuda depender\u00e1 del modelo de c\u00e1lculo utilizado para el tipo de beneficios que debe recibir, como se muestra a continuaci\u00f3n &#8230;<\/p>\n<h3 class=\"p1\">Beneficios por discapacidad total temporal (TTD)<\/h3>\n<p class=\"p1\">Si es elegible para los beneficios de TTD, su compensaci\u00f3n total ser\u00e1 dos tercios de la cantidad promedio que ganaba semanalmente antes de sufrir sus lesiones. Esto significa que si ganaba un promedio semanal de $300, recibir\u00e1 beneficios TTD semanales por un total de $200.<\/p>\n<h3 class=\"p1\">Beneficios por discapacidad parcial temporal (TPD)<\/h3>\n<p class=\"p1\">Si es elegible para los beneficios de TPD, su compensaci\u00f3n total ser\u00e1 dos tercios de la diferencia entre la cantidad semanal que ganaba antes de sus lesiones y la cantidad semanal que gana actualmente.<\/p>\n<p class=\"p1\">Esto significa que si ganaba un promedio semanal de $900 antes de su accidente, pero actualmente gana $300 por reanudar el trabajo despu\u00e9s de su accidente, entonces sus beneficios totales semanales de TPD ascender\u00e1n a $400.<\/p>\n<h3 class=\"p1\">Beneficios por discapacidad parcial permanente (PPD)<\/h3>\n<p class=\"p1\">Seg\u00fan la ley de Georgia, los beneficios de PPD se pueden calcular seg\u00fan lo programado o no.<\/p>\n<p class=\"p1\">Si sufre lesiones permanentes en una parte del cuerpo que tiene una categor\u00eda de pago espec\u00edfica seg\u00fan la ley estatal, recibir\u00e1 premios de compensaci\u00f3n programados. Algunas de las partes del cuerpo que tienen una categor\u00eda de pago programada en Georgia incluyen extremidades, orejas, visi\u00f3n, dedos, piernas y manos.<\/p>\n<p class=\"p1\">Si sufre una discapacidad permanente en \u00e1reas del cuerpo que no tienen una categor\u00eda de pago programada seg\u00fan la ley estatal, se le otorgar\u00e1n indemnizaciones no programadas. Algunas partes del cuerpo que tienen una categor\u00eda de pago no programada en Georgia incluyen el cerebro y la columna vertebral.<\/p>\n<p class=\"p1\">Ya sea que su discapacidad est\u00e9 programada o no, el monto total de su compensaci\u00f3n de PPD se calcular\u00e1 multiplicando la duraci\u00f3n de las semanas por las que puede recibir compensaci\u00f3n (esto se determinar\u00e1 despu\u00e9s de considerar la parte del cuerpo en particular que se ha visto afectada) junto con su ingreso semanal promedio y el porcentaje de p\u00e9rdida de funci\u00f3n corporal que ha sufrido en la parte del cuerpo afectada.<\/p>\n<p class=\"p1\">Por ejemplo, si ganaba un ingreso semanal promedio de $600, sufre una p\u00e9rdida del 50% de la visi\u00f3n que tiene un per\u00edodo para curarse programado de 150 semanas, entonces sus beneficios semanales totales de PPD ascender\u00e1n a $4,500.<\/p>\n<h3 class=\"p1\">Beneficios por discapacidad total permanente (PTD)<\/h3>\n<p class=\"p1\">Seg\u00fan la ley de Georgia, los beneficios de PTD generalmente se calculan despu\u00e9s de que se determina que ha recibido todo el tratamiento m\u00e9dico posible y que no puede mejorar. La cantidad total de beneficios de PTD que reciba estar\u00e1 determinada por factores como la p\u00e9rdida de la funci\u00f3n corporal que sufre, su ingreso semanal promedio y las ganancias que puede perder en el futuro como resultado de sus lesiones.<\/p>\n<h2 class=\"p1\">\u00bfCu\u00e1les son los l\u00edmites de compensaci\u00f3n para los diferentes tipos de beneficios por discapacidad en Georgia?<\/h2>\n<p class=\"p1\">Hay ciertos tipos de beneficios que se otorgan sujetos a l\u00edmites en el estado de Georgia.<\/p>\n<p class=\"p1\">Si es elegible para los beneficios de TPD, solo puede recibir una cantidad m\u00ednima semanal de $ 50 y una cantidad m\u00e1xima semanal de $ 450 por semana. Adem\u00e1s, solo puede recibir beneficios de TPD hasta por 350 semanas a partir del d\u00eda en que sufre las lesiones.<\/p>\n<p class=\"p1\">Si es elegible para los beneficios de TTD, solo puede recibir una cantidad m\u00ednima semanal de $50 y una compensaci\u00f3n semanal m\u00e1xima de $675. Adem\u00e1s, solo puede recibir beneficios TTD hasta por 400 semanas.<\/p>\n<p class=\"p1\">Si es elegible para los beneficios de PPD, la compensaci\u00f3n m\u00e1xima que puede recibir depender\u00e1 del alcance de sus discapacidades, as\u00ed como del n\u00famero de semanas asignadas para esa parte particular del cuerpo que se vea afectada.<\/p>\n<p class=\"p1\">Si es elegible para los beneficios de PTD, la compensaci\u00f3n m\u00e1xima que reciba depender\u00e1 principalmente del alcance de sus discapacidades, as\u00ed como de los ingresos que perder\u00e1 como resultado de sus discapacidades. No hay l\u00edmite en la duraci\u00f3n del tiempo que puede recibir los beneficios de PTD. De hecho, puede recibir beneficios de PTD por el resto de su vida.<\/p>\n<h2 class=\"p1\">\u00bfSe gravan los beneficios de compensaci\u00f3n laboral en College Park, Georgia?<\/h2>\n<p class=\"p1\">Todos los beneficios de compensaci\u00f3n para trabajadores que reciba en Georgia est\u00e1n libres de impuestos. Esto simplemente significa que no se le cobrar\u00e1 impuestos por ning\u00fan d\u00f3lar que reciba como compensaci\u00f3n por sus lesiones.<\/p>\n<p class=\"p1\">Comun\u00edquese con la Coalici\u00f3n de Abogados de Compensaci\u00f3n para Trabajadores de Atlanta para ser representado por un abogado experimentado<\/p>\n<p class=\"p1\">Despu\u00e9s de un incidente en el lugar de trabajo, es muy probable que no tenga la energ\u00eda para presentar un reclamo de compensaci\u00f3n para trabajadores. Despu\u00e9s de todo, la mayor parte de su enfoque estar\u00e1 dirigido a mejorar. Dado que calcular la compensaci\u00f3n que se le debe puede ser abrumador y el hecho de que hay empleadores que rechazan injustamente los reclamos presentados por sus empleados, le recomendamos que contrate a un abogado experimentado para que se encargue de su reclamo de compensaci\u00f3n para trabajadores en College Park.<\/p>\n<p class=\"p1\">Si est\u00e1 buscando obtener los beneficios por discapacidad debido a su liberaci\u00f3n lo m\u00e1s r\u00e1pido posible, comun\u00edquese con nuestro equipo de abogados hoy mismo. Le ofreceremos una evaluaci\u00f3n de caso gratuita y lo ayudaremos a determinar si tiene un caso de reclamo de compensaci\u00f3n s\u00f3lido contra su empleador. Tambi\u00e9n utilizaremos nuestra amplia experiencia para asegurarnos de que reciba una compensaci\u00f3n justa y equitativa por todas sus lesiones.<\/p>\n<p class=\"p1\">\u00bfQue estas esperando? Llame al <a href=\"tel:+14705185026\"><i class=\"fa fa-phone-alt\"><\/i>470-518-5026<\/a> o visite nuestra p\u00e1gina web www.workerscompensationlawyersatlanta.com para consultar a los mejores abogados de compensaci\u00f3n para trabajadores en Georgia.<\/p>\n","protected":false},"excerpt":{"rendered":"<p>Los accidentes laborales son un riesgo inherente en cualquier entorno laboral. Si se lesiona mientras trabaja en College Park, puede terminar perdiendo la capacidad de trabajar nuevamente o sus ingresos. Al mismo tiempo, tambi\u00e9n puede acumular considerables gastos de tratamiento al recibir tratamiento para sus lesiones. Independientemente de las p\u00e9rdidas que sufra al estar involucrado [&hellip;]<\/p>\n","protected":false},"author":38,"featured_media":0,"parent":26582,"menu_order":0,"comment_status":"closed","ping_status":"closed","template":"","meta":{"_acf_changed":false,"rank_math_title":"Una gu\u00eda detallada para presentar un reclamo de indemnizaci\u00f3n por accidentes de trabajo exitoso en College Park, Georgia","rank_math_description":"","anchor_text":"","footnotes":""},"categories":[56],"tags":[62,134],"class_list":["post-26511","page","type-page","status-publish","hentry","category-college-park-location","tag-compensacion-de-trabajadores","tag-workers-compensation-es-2"],"acf":[],"_links":{"self":[{"href":"https:\/\/workerscompensationlawyersatlanta.com\/es\/wp-json\/wp\/v2\/pages\/26511","targetHints":{"allow":["GET"]}}],"collection":[{"href":"https:\/\/workerscompensationlawyersatlanta.com\/es\/wp-json\/wp\/v2\/pages"}],"about":[{"href":"https:\/\/workerscompensationlawyersatlanta.com\/es\/wp-json\/wp\/v2\/types\/page"}],"author":[{"embeddable":true,"href":"https:\/\/workerscompensationlawyersatlanta.com\/es\/wp-json\/wp\/v2\/users\/38"}],"replies":[{"embeddable":true,"href":"https:\/\/workerscompensationlawyersatlanta.com\/es\/wp-json\/wp\/v2\/comments?post=26511"}],"version-history":[{"count":0,"href":"https:\/\/workerscompensationlawyersatlanta.com\/es\/wp-json\/wp\/v2\/pages\/26511\/revisions"}],"up":[{"embeddable":true,"href":"https:\/\/workerscompensationlawyersatlanta.com\/es\/wp-json\/wp\/v2\/pages\/26582"}],"wp:attachment":[{"href":"https:\/\/workerscompensationlawyersatlanta.com\/es\/wp-json\/wp\/v2\/media?parent=26511"}],"wp:term":[{"taxonomy":"category","embeddable":true,"href":"https:\/\/workerscompensationlawyersatlanta.com\/es\/wp-json\/wp\/v2\/categories?post=26511"},{"taxonomy":"post_tag","embeddable":true,"href":"https:\/\/workerscompensationlawyersatlanta.com\/es\/wp-json\/wp\/v2\/tags?post=26511"}],"curies":[{"name":"wp","href":"https:\/\/api.w.org\/{rel}","templated":true}]}}