{"id":26517,"date":"2021-05-21T17:53:26","date_gmt":"2021-05-21T17:53:26","guid":{"rendered":"https:\/\/workerscompensationlawyersatlanta.com\/?page_id=26517"},"modified":"2023-09-08T14:26:27","modified_gmt":"2023-09-08T18:26:27","slug":"informar-una-lesion-laboral","status":"publish","type":"page","link":"https:\/\/workerscompensationlawyersatlanta.com\/es\/college-park\/informar-una-lesion-laboral\/","title":{"rendered":"Informar Una Lesi\u00f3n Laboral en College Park"},"content":{"rendered":"<p class=\"p1\">Los accidentes son propensos a ocurrir, especialmente en el trabajo. Un brazo roto como resultado de una ca\u00edda de una escalera, un t\u00fanel carpiano como resultado de escribir demasiado, o incluso una lesi\u00f3n en la espalda si uno hace el trabajo pesado de levantar cajas. Estos son los accidentes comunes a los que es probable que se enfrenten los trabajadores en el trabajo. Un <a href=\"https:\/\/workerscompensationlawyersatlanta.com\/es\/college-park\/abogado-de-compensacion-de-los-trabajadores\/\">abogado de compensaci\u00f3n laboral aqu\u00ed en College Park<\/a> puede ayudar a las personas que se lesionan en el trabajo a obtener una compensaci\u00f3n completa por las lesiones. Un abogado de compensaci\u00f3n permite a una persona recuperar los salarios perdidos debido a una lesi\u00f3n y garantizar que se cubran sus facturas m\u00e9dicas.<\/p>\n\t\t<div data-elementor-type=\"section\" data-elementor-id=\"208\" class=\"elementor elementor-208\" data-elementor-post-type=\"elementor_library\">\n\t\t\t\t\t<section class=\"elementor-section elementor-top-section elementor-element elementor-element-485e576a elementor-section-boxed elementor-section-height-default elementor-section-height-default\" data-id=\"485e576a\" data-element_type=\"section\" data-e-type=\"section\">\n\t\t\t\t\t\t<div class=\"elementor-container elementor-column-gap-default\">\n\t\t\t\t\t<div class=\"elementor-column elementor-col-100 elementor-top-column elementor-element elementor-element-635c38c0 section-toc\" data-id=\"635c38c0\" data-element_type=\"column\" data-e-type=\"column\">\n\t\t\t<div class=\"elementor-widget-wrap elementor-element-populated\">\n\t\t\t\t\t\t<div class=\"elementor-element elementor-element-3ba95c8a elementor-toc--minimized-on-tablet elementor-widget elementor-widget-table-of-contents\" data-id=\"3ba95c8a\" data-element_type=\"widget\" data-e-type=\"widget\" data-settings=\"{&quot;exclude_headings_by_selector&quot;:&quot;.toc-remove&quot;,&quot;headings_by_tags&quot;:[&quot;h2&quot;,&quot;h3&quot;,&quot;h4&quot;,&quot;h5&quot;,&quot;h6&quot;],&quot;marker_view&quot;:&quot;numbers&quot;,&quot;no_headings_message&quot;:&quot;No headings were found on this page.&quot;,&quot;minimize_box&quot;:&quot;yes&quot;,&quot;minimized_on&quot;:&quot;tablet&quot;,&quot;hierarchical_view&quot;:&quot;yes&quot;,&quot;min_height&quot;:{&quot;unit&quot;:&quot;px&quot;,&quot;size&quot;:&quot;&quot;,&quot;sizes&quot;:[]},&quot;min_height_tablet&quot;:{&quot;unit&quot;:&quot;px&quot;,&quot;size&quot;:&quot;&quot;,&quot;sizes&quot;:[]},&quot;min_height_mobile&quot;:{&quot;unit&quot;:&quot;px&quot;,&quot;size&quot;:&quot;&quot;,&quot;sizes&quot;:[]}}\" data-widget_type=\"table-of-contents.default\">\n\t\t\t\t<div class=\"elementor-widget-container\">\n\t\t\t\t\t\t\t\t\t<div class=\"elementor-toc__header\">\n\t\t\t\t\t\t<h4 class=\"elementor-toc__header-title\">\n\t\t\t\tTable of Contents\t\t\t<\/h4>\n\t\t\t\t\t\t\t\t\t\t<div class=\"elementor-toc__toggle-button elementor-toc__toggle-button--expand\" role=\"button\" tabindex=\"0\" aria-controls=\"elementor-toc__3ba95c8a\" aria-expanded=\"true\" aria-label=\"Open table of contents\"><svg aria-hidden=\"true\" class=\"e-font-icon-svg e-fas-chevron-down\" viewBox=\"0 0 448 512\" xmlns=\"http:\/\/www.w3.org\/2000\/svg\"><path d=\"M207.029 381.476L12.686 187.132c-9.373-9.373-9.373-24.569 0-33.941l22.667-22.667c9.357-9.357 24.522-9.375 33.901-.04L224 284.505l154.745-154.021c9.379-9.335 24.544-9.317 33.901.04l22.667 22.667c9.373 9.373 9.373 24.569 0 33.941L240.971 381.476c-9.373 9.372-24.569 9.372-33.942 0z\"><\/path><\/svg><\/div>\n\t\t\t\t<div class=\"elementor-toc__toggle-button elementor-toc__toggle-button--collapse\" role=\"button\" tabindex=\"0\" aria-controls=\"elementor-toc__3ba95c8a\" aria-expanded=\"true\" aria-label=\"Close table of contents\"><svg aria-hidden=\"true\" class=\"e-font-icon-svg e-fas-chevron-up\" viewBox=\"0 0 448 512\" xmlns=\"http:\/\/www.w3.org\/2000\/svg\"><path d=\"M240.971 130.524l194.343 194.343c9.373 9.373 9.373 24.569 0 33.941l-22.667 22.667c-9.357 9.357-24.522 9.375-33.901.04L224 227.495 69.255 381.516c-9.379 9.335-24.544 9.317-33.901-.04l-22.667-22.667c-9.373-9.373-9.373-24.569 0-33.941L207.03 130.525c9.372-9.373 24.568-9.373 33.941-.001z\"><\/path><\/svg><\/div>\n\t\t\t\t\t<\/div>\n\t\t\t\t<div id=\"elementor-toc__3ba95c8a\" class=\"elementor-toc__body\">\n\t\t\t<div class=\"elementor-toc__spinner-container\">\n\t\t\t\t<svg class=\"elementor-toc__spinner eicon-animation-spin e-font-icon-svg e-eicon-loading\" aria-hidden=\"true\" viewBox=\"0 0 1000 1000\" xmlns=\"http:\/\/www.w3.org\/2000\/svg\"><path d=\"M500 975V858C696 858 858 696 858 500S696 142 500 142 142 304 142 500H25C25 237 238 25 500 25S975 237 975 500 763 975 500 975Z\"><\/path><\/svg>\t\t\t<\/div>\n\t\t<\/div>\n\t\t\t\t\t\t<\/div>\n\t\t\t\t<\/div>\n\t\t\t\t\t<\/div>\n\t\t<\/div>\n\t\t\t\t\t<\/div>\n\t\t<\/section>\n\t\t\t\t<\/div>\n\t\t\n<h2 class=\"p1\">\u00bfQu\u00e9 es la compensaci\u00f3n al trabajador?<\/h2>\n<p class=\"p1\">La compensaci\u00f3n para trabajadores se puede definir como el tipo de seguro que brinda a los empleados la compensaci\u00f3n m\u00e1xima justo despu\u00e9s de sufrir una lesi\u00f3n o incluso una enfermedad relacionada con el trabajo. Las principales funciones de este tipo de seguro son permitirle pagar facturas m\u00e9dicas, recuperar salarios perdidos debido a una lesi\u00f3n, entre otros beneficios.<\/p>\n<h2 class=\"p1\">\u00bfC\u00f3mo puede un abogado ayudarlo con la indemnizaci\u00f3n laboral?<\/h2>\n<p class=\"p1\">Tener un buen abogado de compensaci\u00f3n a su disposici\u00f3n a este nivel es crucial. Se requiere un abogado de compensaci\u00f3n para ayudar al trabajador en cuesti\u00f3n a obtener los m\u00e1ximos beneficios. Algunas de las principales funciones de los abogados de compensaci\u00f3n para trabajadores incluyen las siguientes.<\/p>\n<h3 class=\"p1\">Recopilaci\u00f3n de registros m\u00e9dicos y pruebas.<\/h3>\n<p class=\"p1\">Esto es muy importante para que un trabajador reciba una compensaci\u00f3n completa. Los registros m\u00e9dicos deben estar presentes, as\u00ed como la evidencia de la cantidad de dinero que se gasta en el tratamiento de las lesiones. Estos registros permitir\u00e1n al tribunal emitir un juicio justo con respecto a la compensaci\u00f3n.<\/p>\n<h3 class=\"p1\">Ofrecer asesoramiento legal al trabajador lesionado.<\/h3>\n<p class=\"p1\">Esta es otra funci\u00f3n clave de un abogado de compensaci\u00f3n. Es su responsabilidad ofrecer asesoramiento legal sobrio a sus clientes cuando presenten una reclamaci\u00f3n. Adem\u00e1s, el abogado debe hacer una investigaci\u00f3n legal para tener un caso s\u00f3lido contra el empleador o la aseguradora del empleador.<\/p>\n<p class=\"p1\">En la Coalici\u00f3n de Abogados de Compensaci\u00f3n para Trabajadores en Georgia, es nuestra \u00fanica responsabilidad asegurarnos de que todos nuestros clientes obtengan los beneficios que se merecen por completo. Nuestra firma se enfoca en casos de compensaci\u00f3n. Hemos dominado las estrategias necesarias en lo que respecta a esta \u00e1rea del derecho. Algunas de las lesiones que anteriormente hemos ayudado a nuestros clientes a recuperar beneficios son;<\/p>\n<p class=\"p1\">Amputaci\u00f3n, lesiones de espalda y cuello, lesiones de columna entre otras lesiones fatales.<\/p>\n<p class=\"p1\">Llame a nuestra oficina hoy al <a href=\"tel:+14705185026\"><i class=\"fa fa-phone-alt\"><\/i>470-518-5026<\/a> para obtener representaci\u00f3n legal para su caso de compensaci\u00f3n para trabajadores en College Park, Georgia.<\/p>\n<p class=\"p1\">Las siguientes preguntas y respuestas sobre lesiones en el lugar de trabajo y la presentaci\u00f3n de reclamos de compensaci\u00f3n para trabajadores lo ayudar\u00e1n a comprender mejor su caso.<\/p>\n<h2 class=\"p1\">\u00bfCu\u00e1nto tiempo tengo para denunciar una lesi\u00f3n en el lugar de trabajo en College Park, Georgia?<\/h2>\n<p class=\"p1\">Seg\u00fan la ley de Georgia, debe informar cualquier lesi\u00f3n en el lugar de trabajo dentro de los 30 d\u00edas posteriores al incidente. Este tiempo le permite al empleador realizar una investigaci\u00f3n y reunir pruebas confiables. Esperar m\u00e1s de un mes para informar del incidente puede significar que no recibir\u00e1 todos los beneficios.<\/p>\n<h2 class=\"p1\">\u00bfA qui\u00e9n tengo que informar una lesi\u00f3n en el lugar de trabajo?<\/h2>\n<p class=\"p1\">Informe de la lesi\u00f3n de inmediato al supervisor y h\u00e1gale saber que se lesion\u00f3 en el trabajo. Es preferible tener el informe del incidente por escrito. No basta con dec\u00edrselo a un compa\u00f1ero de trabajo.<\/p>\n<h2 class=\"p1\">Responsabilidades del empleador despu\u00e9s de una lesi\u00f3n en el lugar de trabajo<\/h2>\n<p class=\"p1\">Seg\u00fan la ley de Georgia, un empleador debe informar la lesi\u00f3n al proveedor de seguros sin importar cu\u00e1n leves sean las lesiones sufridas por el empleado.<\/p>\n<p class=\"p1\">Tambi\u00e9n deben reunir la evidencia necesaria con respecto a la lesi\u00f3n y enviar los detalles a la aseguradora.<\/p>\n<p class=\"p1\">El empleador debe cooperar con los investigadores de seguros mientras verifican la evidencia y concluyen si el incidente es realmente una lesi\u00f3n en el lugar de trabajo digna de compensaci\u00f3n.<\/p>\n<p class=\"p1\">Ayudar al empleado a volver al trabajo y no despedirlo ni sancionarlo por el accidente.<\/p>\n<p class=\"p1\">Hablar con la Junta de Compensaci\u00f3n para Trabajadores y asegurarse de que no retrasen los beneficios del empleado si se demuestra que el incidente es una lesi\u00f3n leg\u00edtima en el lugar de trabajo digna de compensaci\u00f3n.<\/p>\n<h2 class=\"p1\">Responsabilidad del empleado despu\u00e9s de una lesi\u00f3n en el lugar de trabajo<\/h2>\n<p class=\"p1\">En primer lugar, un empleado debe asegurarse de que no se lesione debido a acciones imprudentes. Los accidentes que ocurren porque el empleado est\u00e1 intoxicado en el trabajo o debido a la violaci\u00f3n de las pol\u00edticas laborales no son responsables de una compensaci\u00f3n.<\/p>\n<p class=\"p1\">Si la lesi\u00f3n sufrida no es culpa de los empleados, sus responsabilidades incluyen;<\/p>\n<ul class=\"ul1\">\n<li class=\"li1\">Reportar un informe al supervisor para notificarle de la lesi\u00f3n. Tambi\u00e9n es responsabilidad del empleado asegurarse de que el supervisor \/ empleador anote los detalles correctos de la lesi\u00f3n.<\/li>\n<\/ul>\n<ul class=\"ul1\">\n<li class=\"li1\">Cooperar con cualquier solicitud de la compa\u00f1\u00eda de seguros que determine que la lesi\u00f3n se produjo en el lugar de trabajo. Es posible que le soliciten que consulte a un profesional m\u00e9dico certificado que pueda brindarle experiencia sobre su lesi\u00f3n.<\/li>\n<\/ul>\n<ul class=\"ul1\">\n<li class=\"li1\">Ser responsable en el trabajo y fuera del trabajo tambi\u00e9n despu\u00e9s de sufrir la lesi\u00f3n. Si los investigadores de la aseguradora sospechan que su lesi\u00f3n es el resultado de un descuido, es posible que un equipo lo siga y registre sus acciones para demostrar que usted no es un empleado responsable.<\/li>\n<\/ul>\n<h2 class=\"p1\">Llame a la Coalici\u00f3n de Abogados de Compensaci\u00f3n para Trabajadores de Atlanta para que lo ayuden con su caso y asegurarse de que el proceso de reclamos no sea largo ni infructuoso. Podemos ayudarte con<\/h2>\n<p class=\"p1\">Preparaci\u00f3n del caso: puede ser dif\u00edcil preparar su caso si a\u00fan se est\u00e1 recuperando de las lesiones que sufri\u00f3 durante el accidente en el lugar de trabajo. Nuestros abogados lo ayudar\u00e1n a presentar el reclamo y tratar con la compa\u00f1\u00eda de seguros. Te asesoraremos durante todo el proceso para asegurarnos de que tu papeleo est\u00e9 en regla.<\/p>\n<p class=\"p1\">Negociaci\u00f3n de liquidaci\u00f3n: llegar a un acuerdo con la compa\u00f1\u00eda de seguros puede ser dif\u00edcil porque su prioridad es su compa\u00f1\u00eda y no usted. Representamos sus derechos y luchamos para obtener los beneficios a los que tiene derecho. Tenemos estrategias para asegurar que nuestros clientes no sean enga\u00f1ados por los abogados de la compa\u00f1\u00eda de seguros.<\/p>\n<p class=\"p1\">Tener un abogado que est\u00e9 de su lado siempre ayuda cuando se trata de un caso de compensaci\u00f3n para trabajadores. Nos aseguramos de que se supere este momento dif\u00edcil y obtenga una compensaci\u00f3n completa por su lesi\u00f3n en el lugar de trabajo.<\/p>\n<p class=\"p1\">Llame hoy para una evaluaci\u00f3n gratuita de su caso y trabaje con nuestro equipo dedicado.<\/p>\n","protected":false},"excerpt":{"rendered":"<p>Los accidentes son propensos a ocurrir, especialmente en el trabajo. Un brazo roto como resultado de una ca\u00edda de una escalera, un t\u00fanel carpiano como resultado de escribir demasiado, o incluso una lesi\u00f3n en la espalda si uno hace el trabajo pesado de levantar cajas. Estos son los accidentes comunes a los que es probable [&hellip;]<\/p>\n","protected":false},"author":38,"featured_media":0,"parent":26582,"menu_order":0,"comment_status":"closed","ping_status":"closed","template":"","meta":{"_acf_changed":false,"rank_math_title":"C\u00f3mo informar una lesi\u00f3n en el trabajo - Abogados de compensaci\u00f3n para trabajadores de College Park","rank_math_description":"","anchor_text":"","footnotes":""},"categories":[56],"tags":[62,134],"class_list":["post-26517","page","type-page","status-publish","hentry","category-college-park-location","tag-compensacion-de-trabajadores","tag-workers-compensation-es-2"],"acf":[],"_links":{"self":[{"href":"https:\/\/workerscompensationlawyersatlanta.com\/es\/wp-json\/wp\/v2\/pages\/26517","targetHints":{"allow":["GET"]}}],"collection":[{"href":"https:\/\/workerscompensationlawyersatlanta.com\/es\/wp-json\/wp\/v2\/pages"}],"about":[{"href":"https:\/\/workerscompensationlawyersatlanta.com\/es\/wp-json\/wp\/v2\/types\/page"}],"author":[{"embeddable":true,"href":"https:\/\/workerscompensationlawyersatlanta.com\/es\/wp-json\/wp\/v2\/users\/38"}],"replies":[{"embeddable":true,"href":"https:\/\/workerscompensationlawyersatlanta.com\/es\/wp-json\/wp\/v2\/comments?post=26517"}],"version-history":[{"count":0,"href":"https:\/\/workerscompensationlawyersatlanta.com\/es\/wp-json\/wp\/v2\/pages\/26517\/revisions"}],"up":[{"embeddable":true,"href":"https:\/\/workerscompensationlawyersatlanta.com\/es\/wp-json\/wp\/v2\/pages\/26582"}],"wp:attachment":[{"href":"https:\/\/workerscompensationlawyersatlanta.com\/es\/wp-json\/wp\/v2\/media?parent=26517"}],"wp:term":[{"taxonomy":"category","embeddable":true,"href":"https:\/\/workerscompensationlawyersatlanta.com\/es\/wp-json\/wp\/v2\/categories?post=26517"},{"taxonomy":"post_tag","embeddable":true,"href":"https:\/\/workerscompensationlawyersatlanta.com\/es\/wp-json\/wp\/v2\/tags?post=26517"}],"curies":[{"name":"wp","href":"https:\/\/api.w.org\/{rel}","templated":true}]}}