{"id":26530,"date":"2021-05-24T14:02:52","date_gmt":"2021-05-24T14:02:52","guid":{"rendered":"https:\/\/workerscompensationlawyersatlanta.com\/?page_id=26530"},"modified":"2021-05-28T15:54:23","modified_gmt":"2021-05-28T15:54:23","slug":"maxima-mejora-medica","status":"publish","type":"page","link":"https:\/\/workerscompensationlawyersatlanta.com\/es\/college-park\/maxima-mejora-medica\/","title":{"rendered":"Compensaci\u00f3n de Trabajadores M\u00e1xima Mejora M\u00e9dica en College Park"},"content":{"rendered":"<p class=\"p1\">Las personas sufren lesiones relacionadas con el trabajo en College Park GA con regularidad. Si usted o alguien de su familia ha sufrido lesiones o enfermedades relacionadas con el trabajo, tiene derecho a recibir beneficios del seguro de compensaci\u00f3n para trabajadores. Los casos de compensaci\u00f3n laboral son complejos y requieren mucho tiempo. La compa\u00f1\u00eda de seguros intentar\u00e1 denegar o reducir los beneficios de su reclamo si no trabaja con un <a href=\"https:\/\/workerscompensationlawyersatlanta.com\/es\/college-park\/abogado-de-compensacion-de-los-trabajadores\/\">abogado con experiencia en compensaci\u00f3n al trabajador en College Park Georgia<\/a>.<\/p>\n<p class=\"p1\">Encontrar al mejor abogado de lesiones personales en College Park GA no es f\u00e1cil, ya que hay cientos de estos profesionales trabajando en College Park. Debe hacer su tarea correctamente y seleccionar al candidato adecuado para manejar su reclamo. La Coalici\u00f3n de Abogados de Compensaci\u00f3n para Trabajadores de Atlanta es su socio de confianza cuando se trata de manejar su reclamo de WC y obtener los m\u00e1ximos beneficios en su nombre. Su empleador y el proveedor de seguros contratar\u00e1n a los mejores abogados de compensaci\u00f3n para trabajadores de la ciudad para presentar su versi\u00f3n. Si no trabaja con los mejores abogados de la ciudad, est\u00e1 dejando mucho dinero sobre la mesa.<\/p>\n<p class=\"p1\">La Coalici\u00f3n de Abogados de Compensaci\u00f3n para Trabajadores de Atlanta tiene muchos a\u00f1os de experiencia representando a cientos de trabajadores lesionados en College Park GA. Hemos ganado millones en nombre de nuestros clientes. Nuestro equipo de abogados con experiencia en WC sabe c\u00f3mo negociar con las compa\u00f1\u00edas de seguros y obtener los m\u00e1ximos beneficios por sus lesiones. Si la compa\u00f1\u00eda de seguros intenta negar o reducir sus beneficios, nuestro equipo est\u00e1 preparado para llevar su caso a juicio. Tenemos una amplia experiencia en juicios para ayudar a nuestros clientes a obtener la m\u00e1xima compensaci\u00f3n por sus lesiones. Es por eso por lo que debe confiar en la Coalici\u00f3n de Abogados de Compensaci\u00f3n para Trabajadores de Atlanta cuando necesite un abogado de WC de confianza para manejar su reclamo de compensaci\u00f3n para trabajadores en College Park GA. Ll\u00e1menos hoy al <a href=\"tel:+14705185026\"><i class=\"fa fa-phone-alt\"><\/i>470-518-5026<\/a> para manejar su reclamo de compensaci\u00f3n para trabajadores y obtener los m\u00e1ximos beneficios en el proceso.<\/p>\n\t\t<div data-elementor-type=\"section\" data-elementor-id=\"208\" class=\"elementor elementor-208\" data-elementor-post-type=\"elementor_library\">\n\t\t\t\t\t<section class=\"elementor-section elementor-top-section elementor-element elementor-element-485e576a elementor-section-boxed elementor-section-height-default elementor-section-height-default\" data-id=\"485e576a\" data-element_type=\"section\" data-e-type=\"section\">\n\t\t\t\t\t\t<div class=\"elementor-container elementor-column-gap-default\">\n\t\t\t\t\t<div class=\"elementor-column elementor-col-100 elementor-top-column elementor-element elementor-element-635c38c0 section-toc\" data-id=\"635c38c0\" data-element_type=\"column\" data-e-type=\"column\">\n\t\t\t<div class=\"elementor-widget-wrap elementor-element-populated\">\n\t\t\t\t\t\t<div class=\"elementor-element elementor-element-3ba95c8a elementor-toc--minimized-on-tablet elementor-widget elementor-widget-table-of-contents\" data-id=\"3ba95c8a\" data-element_type=\"widget\" data-e-type=\"widget\" data-settings=\"{&quot;exclude_headings_by_selector&quot;:&quot;.toc-remove&quot;,&quot;headings_by_tags&quot;:[&quot;h2&quot;,&quot;h3&quot;,&quot;h4&quot;,&quot;h5&quot;,&quot;h6&quot;],&quot;marker_view&quot;:&quot;numbers&quot;,&quot;no_headings_message&quot;:&quot;No se ha encontrado ning\\u00fan encabezado en esta p\\u00e1gina.&quot;,&quot;minimize_box&quot;:&quot;yes&quot;,&quot;minimized_on&quot;:&quot;tablet&quot;,&quot;hierarchical_view&quot;:&quot;yes&quot;,&quot;min_height&quot;:{&quot;unit&quot;:&quot;px&quot;,&quot;size&quot;:&quot;&quot;,&quot;sizes&quot;:[]},&quot;min_height_tablet&quot;:{&quot;unit&quot;:&quot;px&quot;,&quot;size&quot;:&quot;&quot;,&quot;sizes&quot;:[]},&quot;min_height_mobile&quot;:{&quot;unit&quot;:&quot;px&quot;,&quot;size&quot;:&quot;&quot;,&quot;sizes&quot;:[]}}\" data-widget_type=\"table-of-contents.default\">\n\t\t\t\t<div class=\"elementor-widget-container\">\n\t\t\t\t\t\t\t\t\t<div class=\"elementor-toc__header\">\n\t\t\t\t\t\t<h4 class=\"elementor-toc__header-title\">\n\t\t\t\tTable of Contents\t\t\t<\/h4>\n\t\t\t\t\t\t\t\t\t\t<div class=\"elementor-toc__toggle-button elementor-toc__toggle-button--expand\" role=\"button\" tabindex=\"0\" aria-controls=\"elementor-toc__3ba95c8a\" aria-expanded=\"true\" aria-label=\"Abrir la tabla de contenidos\"><svg aria-hidden=\"true\" class=\"e-font-icon-svg e-fas-chevron-down\" viewBox=\"0 0 448 512\" xmlns=\"http:\/\/www.w3.org\/2000\/svg\"><path d=\"M207.029 381.476L12.686 187.132c-9.373-9.373-9.373-24.569 0-33.941l22.667-22.667c9.357-9.357 24.522-9.375 33.901-.04L224 284.505l154.745-154.021c9.379-9.335 24.544-9.317 33.901.04l22.667 22.667c9.373 9.373 9.373 24.569 0 33.941L240.971 381.476c-9.373 9.372-24.569 9.372-33.942 0z\"><\/path><\/svg><\/div>\n\t\t\t\t<div class=\"elementor-toc__toggle-button elementor-toc__toggle-button--collapse\" role=\"button\" tabindex=\"0\" aria-controls=\"elementor-toc__3ba95c8a\" aria-expanded=\"true\" aria-label=\"Cerrar la tabla de contenidos\"><svg aria-hidden=\"true\" class=\"e-font-icon-svg e-fas-chevron-up\" viewBox=\"0 0 448 512\" xmlns=\"http:\/\/www.w3.org\/2000\/svg\"><path d=\"M240.971 130.524l194.343 194.343c9.373 9.373 9.373 24.569 0 33.941l-22.667 22.667c-9.357 9.357-24.522 9.375-33.901.04L224 227.495 69.255 381.516c-9.379 9.335-24.544 9.317-33.901-.04l-22.667-22.667c-9.373-9.373-9.373-24.569 0-33.941L207.03 130.525c9.372-9.373 24.568-9.373 33.941-.001z\"><\/path><\/svg><\/div>\n\t\t\t\t\t<\/div>\n\t\t\t\t<div id=\"elementor-toc__3ba95c8a\" class=\"elementor-toc__body\">\n\t\t\t<div class=\"elementor-toc__spinner-container\">\n\t\t\t\t<svg class=\"elementor-toc__spinner eicon-animation-spin e-font-icon-svg e-eicon-loading\" aria-hidden=\"true\" viewBox=\"0 0 1000 1000\" xmlns=\"http:\/\/www.w3.org\/2000\/svg\"><path d=\"M500 975V858C696 858 858 696 858 500S696 142 500 142 142 304 142 500H25C25 237 238 25 500 25S975 237 975 500 763 975 500 975Z\"><\/path><\/svg>\t\t\t<\/div>\n\t\t<\/div>\n\t\t\t\t\t\t<\/div>\n\t\t\t\t<\/div>\n\t\t\t\t\t<\/div>\n\t\t<\/div>\n\t\t\t\t\t<\/div>\n\t\t<\/section>\n\t\t\t\t<\/div>\n\t\t\n<h2 class=\"p3\">\u00bfQu\u00e9 es realmente MMI o m\u00e1xima mejora m\u00e9dica?<\/h2>\n<p class=\"p1\">MMI es cuando las lesiones de un trabajador lesionado han mejorado tanto como sea posible desde el punto de vista m\u00e9dico. Pero el empleado a\u00fan puede experimentar alg\u00fan tipo de dolor y discapacidad por el resto de su vida. Su m\u00e9dico determinar\u00e1 que ha alcanzado la MMI y es posible que contin\u00fae experimentando alg\u00fan tipo de discapacidad por el resto de su vida. Puede continuar recibiendo tratamientos incluso despu\u00e9s de alcanzar la MMI. El tratamiento ayudar\u00e1 a mantener la funcionalidad y tratar\u00e1 el manejo del dolor. Cuando haya alcanzado la MMI, su proveedor de atenci\u00f3n m\u00e9dica le asignar\u00e1 una calificaci\u00f3n de discapacidad parcial permanente para representar la funcionalidad reducida de su cuerpo. Esta calificaci\u00f3n desempe\u00f1ar\u00e1 un papel importante en el c\u00e1lculo de sus beneficios por discapacidad y puede variar seg\u00fan la parte del cuerpo que result\u00f3 lesionada como resultado del accidente en el lugar de trabajo.<\/p>\n<h2 class=\"p3\"><b>\u00bfQui\u00e9n determina cu\u00e1ndo el empleado ha logrado la m\u00e1xima mejora m\u00e9dica en College Park?<\/b><\/h2>\n<p class=\"p1\">El empleador, la compa\u00f1\u00eda de seguros, el fisioterapeuta o cualquier otra persona no pueden determinar cu\u00e1ndo un empleado lesionado ha alcanzado la MMI. Solo un m\u00e9dico calificado puede determinar cu\u00e1ndo logra la MMI. El m\u00e9dico tratante autorizado es el \u00fanico profesional que puede determinar que ha llegado a la MMI. El empleado lesionado no recibir\u00e1 ning\u00fan beneficio por discapacidad hasta que su m\u00e9dico tratante certifique que ha alcanzado la MMI, incluso si el empleado lesionado cree que ha mejorado y est\u00e1 listo para comenzar. Una vez que llegue a la MMI, se le asignar\u00e1 una calificaci\u00f3n de discapacidad parcial permanente. La ley de WC de Georgia ha establecido una f\u00f3rmula para convertir la calificaci\u00f3n en una cantidad en d\u00f3lares para calcular los beneficios por discapacidad que recibir\u00e1 el empleado lesionado. Seg\u00fan la ley de WC de Georgia, a cada parte del cuerpo se le asignan varias semanas de beneficios por discapacidad.<\/p>\n<p class=\"p1\">Incluso despu\u00e9s de que el empleado alcance la MMI, seguir\u00e1 recibiendo beneficios por discapacidad temporal seg\u00fan las leyes de WC de Georgia. Cuando haya llegado a su MMI, es hora de resolver su caso. Este es el tiempo que necesita para trabajar con un abogado con experiencia en compensaci\u00f3n para trabajadores en la Coalici\u00f3n de Abogados de Compensaci\u00f3n para Trabajadores de Atlanta para obtener los m\u00e1ximos beneficios por discapacidad para sus lesiones.<\/p>\n<h2 class=\"p3\"><b>\u00bfContin\u00faa el tratamiento m\u00e9dico despu\u00e9s de un diagn\u00f3stico de MMI?<\/b><\/h2>\n<p class=\"p1\">Si. Los tratamientos m\u00e9dicos continuar\u00e1n incluso despu\u00e9s de que haya alcanzado la MMI. Es posible que tenga alg\u00fan tipo de discapacidad y dolor por el resto de su vida como resultado del accidente en el lugar de trabajo y las lesiones posteriores. Incluso despu\u00e9s de que su m\u00e9dico tratante haya determinado que ha alcanzado la MMI, puede obtener una segunda opini\u00f3n de otro m\u00e9dico si cree que no ha alcanzado la m\u00e1xima recuperaci\u00f3n posible de sus lesiones. Si este \u00faltimo decide que existen otros tratamientos para mejorar su condici\u00f3n, el seguro de WC pagar\u00e1 los tratamientos adicionales.<\/p>\n<h2 class=\"p3\">\u00bfQu\u00e9 sucede si no puede regresar a trabajar y desempe\u00f1arse al mismo nivel despu\u00e9s de su diagn\u00f3stico de MMI?<\/h2>\n<p class=\"p1\">Si su empleador no tiene un puesto adecuado en su organizaci\u00f3n para ofrecerle, el seguro de compensaci\u00f3n para trabajadores pagar\u00e1 la rehabilitaci\u00f3n vocacional. Puede conocer a un consejero vocacional y obtener una lista de entrevistas de trabajo que se adapte a su condici\u00f3n f\u00edsica actual. Debe asistir a estas entrevistas o perder\u00e1 los beneficios de WC que est\u00e1 recibiendo actualmente.<\/p>\n<h2 class=\"p3\"><b>\u00a1Ll\u00e1menos hoy para conocer su m\u00e1xima mejora m\u00e9dica Alpharetta!<\/b><\/h2>\n<p class=\"p1\">Llegar a la MMI tiene una mayor importancia en su futuro empleo y condiciones de salud. Un buen abogado de WC en College Park puede ayudarlo a comprender la importancia de llegar a la MMI y ayudarlo a negociar con la compa\u00f1\u00eda de seguros para obtener los m\u00e1ximos beneficios por discapacidad por sus lesiones. Nuestros abogados de WC han manejado casos similares en el pasado y saben lo que est\u00e1n haciendo. Los abogados expertos de la Coalici\u00f3n de Abogados de Compensaci\u00f3n Laboral de Atlanta tienen experiencia en el tratamiento de todo tipo de demandas por lesiones personales, incluidas las reclamaciones de compensaci\u00f3n laboral. Ll\u00e1menos hoy para comprender los efectos de MMI.<\/p>\n<h2 class=\"p3\"><b>Conclusi\u00f3n<\/b><\/h2>\n<p class=\"p1\">Si ha resultado lesionado en el trabajo, puede reclamar una indemnizaci\u00f3n al seguro de WC. Debe contratar al mejor abogado de WC en College Park GA para manejar su reclamo y obtener los m\u00e1ximos beneficios en el proceso. La Coalici\u00f3n de Abogados de Compensaci\u00f3n Laboral de Atlanta es un bufete de abogados confiable de WC en College Park. Ll\u00e1menos hoy al <a href=\"tel:+14705185026\"><i class=\"fa fa-phone-alt\"><\/i>470-518-5026<\/a> para manejar su reclamo de compensaci\u00f3n para trabajadores y obtener los m\u00e1ximos beneficios en el proceso.<\/p>\n","protected":false},"excerpt":{"rendered":"<p>Las personas sufren lesiones relacionadas con el trabajo en College Park GA con regularidad. Si usted o alguien de su familia ha sufrido lesiones o enfermedades relacionadas con el trabajo, tiene derecho a recibir beneficios del seguro de compensaci\u00f3n para trabajadores. Los casos de compensaci\u00f3n laboral son complejos y requieren mucho tiempo. La compa\u00f1\u00eda de [&hellip;]<\/p>\n","protected":false},"author":38,"featured_media":0,"parent":26582,"menu_order":0,"comment_status":"closed","ping_status":"closed","template":"","meta":{"_acf_changed":false,"rank_math_title":"Compensaci\u00f3n al trabajador de College Park MMI (m\u00e1xima mejora m\u00e9dica)","rank_math_description":"","anchor_text":"","footnotes":""},"categories":[56],"tags":[62,134],"class_list":["post-26530","page","type-page","status-publish","hentry","category-college-park-location","tag-compensacion-de-trabajadores","tag-workers-compensation-es-2"],"acf":[],"_links":{"self":[{"href":"https:\/\/workerscompensationlawyersatlanta.com\/es\/wp-json\/wp\/v2\/pages\/26530","targetHints":{"allow":["GET"]}}],"collection":[{"href":"https:\/\/workerscompensationlawyersatlanta.com\/es\/wp-json\/wp\/v2\/pages"}],"about":[{"href":"https:\/\/workerscompensationlawyersatlanta.com\/es\/wp-json\/wp\/v2\/types\/page"}],"author":[{"embeddable":true,"href":"https:\/\/workerscompensationlawyersatlanta.com\/es\/wp-json\/wp\/v2\/users\/38"}],"replies":[{"embeddable":true,"href":"https:\/\/workerscompensationlawyersatlanta.com\/es\/wp-json\/wp\/v2\/comments?post=26530"}],"version-history":[{"count":0,"href":"https:\/\/workerscompensationlawyersatlanta.com\/es\/wp-json\/wp\/v2\/pages\/26530\/revisions"}],"up":[{"embeddable":true,"href":"https:\/\/workerscompensationlawyersatlanta.com\/es\/wp-json\/wp\/v2\/pages\/26582"}],"wp:attachment":[{"href":"https:\/\/workerscompensationlawyersatlanta.com\/es\/wp-json\/wp\/v2\/media?parent=26530"}],"wp:term":[{"taxonomy":"category","embeddable":true,"href":"https:\/\/workerscompensationlawyersatlanta.com\/es\/wp-json\/wp\/v2\/categories?post=26530"},{"taxonomy":"post_tag","embeddable":true,"href":"https:\/\/workerscompensationlawyersatlanta.com\/es\/wp-json\/wp\/v2\/tags?post=26530"}],"curies":[{"name":"wp","href":"https:\/\/api.w.org\/{rel}","templated":true}]}}