{"id":26581,"date":"2021-05-25T18:56:36","date_gmt":"2021-05-25T18:56:36","guid":{"rendered":"https:\/\/workerscompensationlawyersatlanta.com\/?page_id=26581"},"modified":"2022-02-07T15:31:12","modified_gmt":"2022-02-07T15:31:12","slug":"alpharetta","status":"publish","type":"page","link":"https:\/\/workerscompensationlawyersatlanta.com\/es\/alpharetta\/","title":{"rendered":"Alpharetta"},"content":{"rendered":"<p>Si ha resultado lesionado en su lugar de trabajo en Alpharetta, la ley de Georgia establece que es elegible para los beneficios de compensaci\u00f3n para trabajadores siempre que se cumplan ciertas condiciones. Si ha solicitado beneficios y le han negado, o a\u00fan no lo ha presentado, presentar su reclamo con la ayuda de un abogado de compensaci\u00f3n para trabajadores aumentar\u00e1 en gran medida sus posibilidades de obtener la compensaci\u00f3n que se merece. Comun\u00edquese hoy mismo con la Coalici\u00f3n de Abogados de Compensaci\u00f3n para Trabajadores para programar su consulta sin riesgos con uno de nuestros abogados con experiencia en compensaci\u00f3n para trabajadores.<\/p>\n<p>Nuestros abogados est\u00e1n disponibles las 24 horas del d\u00eda, los 7 d\u00edas de la semana para hablar con usted. Nuestro equipo tiene a\u00f1os de experiencia ayudando a personas como usted a obtener la compensaci\u00f3n que merecen y a la que tienen derecho por sus lesiones en el lugar de trabajo. Lo mejor de todo es que no nos paga nada a menos que ganemos su caso. Llame a nuestra oficina hoy y perm\u00edtanos ayudarlo a obtener la m\u00e1xima compensaci\u00f3n para su reclamo de compensaci\u00f3n para trabajadores.<\/p>\n","protected":false},"excerpt":{"rendered":"<p>Si ha resultado lesionado en su lugar de trabajo en Alpharetta, la ley de Georgia establece que es elegible para los beneficios de compensaci\u00f3n para trabajadores siempre que se cumplan ciertas condiciones. Si ha solicitado beneficios y le han negado, o a\u00fan no lo ha presentado, presentar su reclamo con la ayuda de un abogado [&hellip;]<\/p>\n","protected":false},"author":45,"featured_media":26586,"parent":0,"menu_order":0,"comment_status":"closed","ping_status":"closed","template":"","meta":{"_acf_changed":false,"rank_math_title":"","rank_math_description":"","anchor_text":"","footnotes":""},"categories":[54],"tags":[],"class_list":["post-26581","page","type-page","status-publish","has-post-thumbnail","hentry","category-alpharetta-location"],"acf":[],"_links":{"self":[{"href":"https:\/\/workerscompensationlawyersatlanta.com\/es\/wp-json\/wp\/v2\/pages\/26581","targetHints":{"allow":["GET"]}}],"collection":[{"href":"https:\/\/workerscompensationlawyersatlanta.com\/es\/wp-json\/wp\/v2\/pages"}],"about":[{"href":"https:\/\/workerscompensationlawyersatlanta.com\/es\/wp-json\/wp\/v2\/types\/page"}],"author":[{"embeddable":true,"href":"https:\/\/workerscompensationlawyersatlanta.com\/es\/wp-json\/wp\/v2\/users\/45"}],"replies":[{"embeddable":true,"href":"https:\/\/workerscompensationlawyersatlanta.com\/es\/wp-json\/wp\/v2\/comments?post=26581"}],"version-history":[{"count":0,"href":"https:\/\/workerscompensationlawyersatlanta.com\/es\/wp-json\/wp\/v2\/pages\/26581\/revisions"}],"wp:featuredmedia":[{"embeddable":true,"href":"https:\/\/workerscompensationlawyersatlanta.com\/es\/wp-json\/wp\/v2\/media\/26586"}],"wp:attachment":[{"href":"https:\/\/workerscompensationlawyersatlanta.com\/es\/wp-json\/wp\/v2\/media?parent=26581"}],"wp:term":[{"taxonomy":"category","embeddable":true,"href":"https:\/\/workerscompensationlawyersatlanta.com\/es\/wp-json\/wp\/v2\/categories?post=26581"},{"taxonomy":"post_tag","embeddable":true,"href":"https:\/\/workerscompensationlawyersatlanta.com\/es\/wp-json\/wp\/v2\/tags?post=26581"}],"curies":[{"name":"wp","href":"https:\/\/api.w.org\/{rel}","templated":true}]}}