{"id":26700,"date":"2021-05-28T13:55:07","date_gmt":"2021-05-28T13:55:07","guid":{"rendered":"https:\/\/workerscompensationlawyersatlanta.com\/?page_id=26700"},"modified":"2021-05-28T13:56:05","modified_gmt":"2021-05-28T13:56:05","slug":"abogado-de-compensacion-de-los-trabajadores","status":"publish","type":"page","link":"https:\/\/workerscompensationlawyersatlanta.com\/es\/alpharetta\/abogado-de-compensacion-de-los-trabajadores\/","title":{"rendered":"El Abogado de Compensaci\u00f3n de los Trabajadores de Alpharetta"},"content":{"rendered":"<p>Las personas sufren lesiones en el trabajo en Georgia todo el tiempo y algunas se enferman debido a sus deberes. La mayor\u00eda de los empleados est\u00e1n cubiertos por el seguro de compensaci\u00f3n laboral de su empleador. Sin embargo, como se habr\u00e1 dado cuenta, puede ser dif\u00edcil obtener lo que le corresponde. Es por eso que muchos trabajadores lesionados recurren a los abogados de compensaci\u00f3n para trabajadores de Alpharetta en la Coalici\u00f3n de Abogados de Compensaci\u00f3n para Trabajadores.<\/p>\n<p>Muchas lesiones ocurren en la industria de la construcci\u00f3n. Es com\u00fan que los trabajadores en las obras de construcci\u00f3n sufran lesiones causadas por la ca\u00edda de escombros, mal funcionamiento de los equipos o descargas el\u00e9ctricas. Sin embargo, los trabajadores de oficina, los empleados de restaurantes y el personal m\u00e9dico tambi\u00e9n pueden sufrir lesiones. En realidad, cualquier persona puede resbalar en un piso mojado en su lugar de trabajo y lastimarse. Tambi\u00e9n es posible desarrollar una enfermedad o afecci\u00f3n debido a su entorno de trabajo o deberes. En cualquier caso, es probable que pueda obtener una compensaci\u00f3n por sus gastos m\u00e9dicos y salarios perdidos.<\/p>\n<p>Casi todos los trabajadores de Alpharetta tienen cobertura de compensaci\u00f3n para trabajadores desde el primer d\u00eda que se presentan a trabajar. La compensaci\u00f3n para trabajadores cubre a todos, desde los empleados principiantes hasta los altos ejecutivos. Sin embargo, muchos trabajadores encuentran dificultades para obtener el pago de sus reclamaciones. Eso se debe a que las compa\u00f1\u00edas de seguros intentan pagar lo menos posible. Puede encontrar que disputan la causa o el alcance de su lesi\u00f3n. Tambi\u00e9n pueden enviarlo a un m\u00e9dico que no har\u00e1 un diagn\u00f3stico preciso. Si desea asegurarse de obtener una compensaci\u00f3n justa, lo mejor es contratar a un abogado. Muchos trabajadores son intimidados por las compa\u00f1\u00edas de seguros cuando no est\u00e1n representados. No debe permitir que esto le suceda, \u00a1llame hoy a la Coalici\u00f3n de Abogados de Compensaci\u00f3n Laboral!<\/p>\n\t\t<div data-elementor-type=\"section\" data-elementor-id=\"208\" class=\"elementor elementor-208\" data-elementor-post-type=\"elementor_library\">\n\t\t\t\t\t<section class=\"elementor-section elementor-top-section elementor-element elementor-element-485e576a elementor-section-boxed elementor-section-height-default elementor-section-height-default\" data-id=\"485e576a\" data-element_type=\"section\" data-e-type=\"section\">\n\t\t\t\t\t\t<div class=\"elementor-container elementor-column-gap-default\">\n\t\t\t\t\t<div class=\"elementor-column elementor-col-100 elementor-top-column elementor-element elementor-element-635c38c0 section-toc\" data-id=\"635c38c0\" data-element_type=\"column\" data-e-type=\"column\">\n\t\t\t<div class=\"elementor-widget-wrap elementor-element-populated\">\n\t\t\t\t\t\t<div class=\"elementor-element elementor-element-3ba95c8a elementor-toc--minimized-on-tablet elementor-widget elementor-widget-table-of-contents\" data-id=\"3ba95c8a\" data-element_type=\"widget\" data-e-type=\"widget\" data-settings=\"{&quot;exclude_headings_by_selector&quot;:&quot;.toc-remove&quot;,&quot;headings_by_tags&quot;:[&quot;h2&quot;,&quot;h3&quot;,&quot;h4&quot;,&quot;h5&quot;,&quot;h6&quot;],&quot;marker_view&quot;:&quot;numbers&quot;,&quot;no_headings_message&quot;:&quot;No headings were found on this page.&quot;,&quot;minimize_box&quot;:&quot;yes&quot;,&quot;minimized_on&quot;:&quot;tablet&quot;,&quot;hierarchical_view&quot;:&quot;yes&quot;,&quot;min_height&quot;:{&quot;unit&quot;:&quot;px&quot;,&quot;size&quot;:&quot;&quot;,&quot;sizes&quot;:[]},&quot;min_height_tablet&quot;:{&quot;unit&quot;:&quot;px&quot;,&quot;size&quot;:&quot;&quot;,&quot;sizes&quot;:[]},&quot;min_height_mobile&quot;:{&quot;unit&quot;:&quot;px&quot;,&quot;size&quot;:&quot;&quot;,&quot;sizes&quot;:[]}}\" data-widget_type=\"table-of-contents.default\">\n\t\t\t\t<div class=\"elementor-widget-container\">\n\t\t\t\t\t\t\t\t\t<div class=\"elementor-toc__header\">\n\t\t\t\t\t\t<h4 class=\"elementor-toc__header-title\">\n\t\t\t\tTable of Contents\t\t\t<\/h4>\n\t\t\t\t\t\t\t\t\t\t<div class=\"elementor-toc__toggle-button elementor-toc__toggle-button--expand\" role=\"button\" tabindex=\"0\" aria-controls=\"elementor-toc__3ba95c8a\" aria-expanded=\"true\" aria-label=\"Open table of contents\"><svg aria-hidden=\"true\" class=\"e-font-icon-svg e-fas-chevron-down\" viewBox=\"0 0 448 512\" xmlns=\"http:\/\/www.w3.org\/2000\/svg\"><path d=\"M207.029 381.476L12.686 187.132c-9.373-9.373-9.373-24.569 0-33.941l22.667-22.667c9.357-9.357 24.522-9.375 33.901-.04L224 284.505l154.745-154.021c9.379-9.335 24.544-9.317 33.901.04l22.667 22.667c9.373 9.373 9.373 24.569 0 33.941L240.971 381.476c-9.373 9.372-24.569 9.372-33.942 0z\"><\/path><\/svg><\/div>\n\t\t\t\t<div class=\"elementor-toc__toggle-button elementor-toc__toggle-button--collapse\" role=\"button\" tabindex=\"0\" aria-controls=\"elementor-toc__3ba95c8a\" aria-expanded=\"true\" aria-label=\"Close table of contents\"><svg aria-hidden=\"true\" class=\"e-font-icon-svg e-fas-chevron-up\" viewBox=\"0 0 448 512\" xmlns=\"http:\/\/www.w3.org\/2000\/svg\"><path d=\"M240.971 130.524l194.343 194.343c9.373 9.373 9.373 24.569 0 33.941l-22.667 22.667c-9.357 9.357-24.522 9.375-33.901.04L224 227.495 69.255 381.516c-9.379 9.335-24.544 9.317-33.901-.04l-22.667-22.667c-9.373-9.373-9.373-24.569 0-33.941L207.03 130.525c9.372-9.373 24.568-9.373 33.941-.001z\"><\/path><\/svg><\/div>\n\t\t\t\t\t<\/div>\n\t\t\t\t<div id=\"elementor-toc__3ba95c8a\" class=\"elementor-toc__body\">\n\t\t\t<div class=\"elementor-toc__spinner-container\">\n\t\t\t\t<svg class=\"elementor-toc__spinner eicon-animation-spin e-font-icon-svg e-eicon-loading\" aria-hidden=\"true\" viewBox=\"0 0 1000 1000\" xmlns=\"http:\/\/www.w3.org\/2000\/svg\"><path d=\"M500 975V858C696 858 858 696 858 500S696 142 500 142 142 304 142 500H25C25 237 238 25 500 25S975 237 975 500 763 975 500 975Z\"><\/path><\/svg>\t\t\t<\/div>\n\t\t<\/div>\n\t\t\t\t\t\t<\/div>\n\t\t\t\t<\/div>\n\t\t\t\t\t<\/div>\n\t\t<\/div>\n\t\t\t\t\t<\/div>\n\t\t<\/section>\n\t\t\t\t<\/div>\n\t\t\n<h2>C\u00f3mo funciona la compensaci\u00f3n laboral<\/h2>\n<p>El estado de Georgia estableci\u00f3 el programa de compensaci\u00f3n para trabajadores para facilitar que los trabajadores lesionados obtengan una compensaci\u00f3n. Sin \u00e9l, los trabajadores tendr\u00edan que presentar una demanda para recuperar sus p\u00e9rdidas. El programa brinda apoyo financiero y atenci\u00f3n m\u00e9dica para las lesiones recibidas en el trabajo.<\/p>\n<p>Todos los empleadores con tres o m\u00e1s trabajadores temporales, a tiempo completo o parcial deben tener un seguro de compensaci\u00f3n para trabajadores. El estado considera que los propietarios \u00fanicos y los socios son empleadores, por lo que no necesitan estar cubiertos. La compensaci\u00f3n de trabajadores tampoco es necesaria para los trabajadores agr\u00edcolas, los trabajadores del gobierno o los empleados de las compa\u00f1\u00edas ferroviarias. Sin embargo, pueden estar cubiertos por otros programas. La cobertura de compensaci\u00f3n para trabajadores tampoco puede extenderse a contratistas independientes.<\/p>\n<p>Tiene derecho a solicitar una indemnizaci\u00f3n independientemente de la causa de su lesi\u00f3n o enfermedad. Todos los gastos est\u00e1n cubiertos por la p\u00f3liza de seguro. Normalmente, puede recibir una compensaci\u00f3n por:<\/p>\n<ul>\n<li>Medicamentos<\/li>\n<li>Visitas al m\u00e9dico, ex\u00e1menes, cirug\u00eda y visitas a la sala de emergencias.<\/li>\n<li>Fisioterapia<\/li>\n<li>Formaci\u00f3n profesional si la necesita para volver a un puesto diferente.<\/li>\n<li>El costo de viajar hacia y desde los proveedores de atenci\u00f3n m\u00e9dica.<\/li>\n<li>Salarios perdidos<\/li>\n<\/ul>\n<p>Si desarrolla una afecci\u00f3n permanente debido a su trabajo, es probable que obtenga mayores beneficios. Tambi\u00e9n puede reclamar beneficios si un pariente cercano muri\u00f3 debido a una lesi\u00f3n en el lugar de trabajo. El dinero no eliminar\u00e1 el dolor de una lesi\u00f3n grave o la p\u00e9rdida de un ser querido. Sin embargo, puede eliminar la carga financiera que generalmente resulta. No tendr\u00e1 que preocuparse por c\u00f3mo pagar\u00e1 las facturas mientras se recupera.<\/p>\n<h2>Tipos de lesiones que maneja un abogado de compensaci\u00f3n laboral<\/h2>\n<p>Nuestros abogados representan a clientes que han experimentado una amplia gama de lesiones y enfermedades ocupacionales. Las lesiones a menudo se deben a entornos de trabajo inseguros, equipos defectuosos, capacitaci\u00f3n deficiente o accidentes anormales. Sin embargo, no necesita culpar a su empleador o demostrar que fue negligente para obtener una compensaci\u00f3n.<\/p>\n<p>Algunos de los trabajos m\u00e1s peligrosos son los de fabricaci\u00f3n, instalaci\u00f3n el\u00e9ctrica y pesca comercial que implican trabajo manual. Sin embargo, incluso un mecan\u00f3grafo puede sufrir tensi\u00f3n por movimientos repetitivos. Tambi\u00e9n puede obtener una compensaci\u00f3n para trabajadores por la enfermedad del legionario y el mesotelioma causado por la exposici\u00f3n a toxinas en el trabajo. Si ten\u00eda una afecci\u00f3n preexistente y empeor\u00f3 debido a su trabajo, es posible que califique para los beneficios.<\/p>\n<p>Algunas de las lesiones laborales m\u00e1s comunes son:<\/p>\n<ul>\n<li>Lesiones musculares, fracturas de huesos, hernias de disco y desgarros de ligamentos causados \u200b\u200bpor levantar o empujar<\/li>\n<li>Lesiones en la cabeza como conmociones o lesiones cerebrales traum\u00e1ticas causadas por objetos que caen o ca\u00eddas<\/li>\n<li>Quemaduras<\/li>\n<li>Lesiones por movimientos repetitivos<\/li>\n<li>P\u00e9rdida o da\u00f1o auditivo<\/li>\n<li>Electrocuci\u00f3n<\/li>\n<\/ul>\n<p>La compensaci\u00f3n de trabajadores no suele cubrir las lesiones que ocurren mientras viaja hacia y desde el trabajo. Afortunadamente, se incluyen algunas lesiones que ocurren cuando trabaja fuera del sitio. Estas lesiones pueden ocurrir:<\/p>\n<ul>\n<li>Mientras viaja por negocios<\/li>\n<li>Mientras conduce un autom\u00f3vil de la empresa<\/li>\n<li>Mientras hace mandados como parte de su trabajo<\/li>\n<li>Mientras asiste a una reuni\u00f3n fuera del sitio<\/li>\n<li>Mientras trabaja desde una ubicaci\u00f3n remota<\/li>\n<\/ul>\n<p>Si se lesiona en el estacionamiento de su empleador, es posible que pueda reclamar beneficios. Sin embargo, puede resultar dif\u00edcil obtener una compensaci\u00f3n en algunas de estas circunstancias. Tener representaci\u00f3n legal puede marcar la diferencia.<\/p>\n<p>Es importante se\u00f1alar que la compensaci\u00f3n de trabajadores est\u00e1 destinada principalmente a cubrir lesiones f\u00edsicas. Si sufri\u00f3 una condici\u00f3n psicol\u00f3gica adem\u00e1s de una lesi\u00f3n f\u00edsica, recibir\u00e1 cobertura para ambos. Sin embargo, si no sufri\u00f3 lesiones f\u00edsicas, la compensaci\u00f3n para trabajadores no cubrir\u00e1 su tratamiento psicol\u00f3gico. Esto significa que no puede reclamar la compensaci\u00f3n de trabajadores si sufri\u00f3 un trauma mental debido a acoso verbal o un ambiente de trabajo hostil.<\/p>\n<h2>\u00bfPor qu\u00e9 deber\u00eda contratar a un abogado de compensaci\u00f3n para trabajadores?<\/h2>\n<p>Muchos trabajadores lesionados se preguntan si es realmente necesario contratar a un abogado de compensaci\u00f3n para trabajadores de Alpharetta. Asumen que, dado que se supone que la compensaci\u00f3n de trabajadores les ayuda, simplemente pueden confiar en el sistema. Sin embargo, es importante recordar que a las compa\u00f1\u00edas de seguros no les gusta emitir pagos. Las aseguradoras pueden negar reclamos de compensaci\u00f3n de trabajadores de la misma manera que niegan reclamos bajo otras p\u00f3lizas. Pueden hacer que sea muy dif\u00edcil y lento obtener la compensaci\u00f3n que se merece. Si bien puede realizar el proceso solo, es mejor contar con el apoyo de un bufete de abogados de renombre.<\/p>\n<p>Los abogados de compensaci\u00f3n de trabajadores de Alpharetta, GA, tienen experiencia en el manejo de casos similares. Incluso pueden haber manejado un caso que involucraba a la misma compa\u00f1\u00eda de seguros antes. Este tipo de experiencia no debe subestimarse. Puede marcar la diferencia entre recibir una compensaci\u00f3n completa y obtener solo una peque\u00f1a parte de lo que se merece. En la Coalici\u00f3n de Abogados de Compensaci\u00f3n para Trabajadores, hemos visto varios casos de lesiones en el trabajo. Ya sea que haya estado expuesto a toxinas o se haya ca\u00eddo y se haya roto una extremidad, sabemos c\u00f3mo ayudarlo.<\/p>\n<p>Cuando la compa\u00f1\u00eda de seguros intente impugnar su reclamo, lucharemos por usted. Haremos todo lo posible para asegurarnos de que no se enfrente a una enorme carga financiera. Recuperarse de una lesi\u00f3n ya es bastante dif\u00edcil sin tener que preocuparse por c\u00f3mo pagar\u00e1 las facturas. Puede estar seguro de que la compa\u00f1\u00eda de seguros contar\u00e1 con un equipo de abogados capacitados de su lado. No querr\u00e1s enfrentarte a ellos solo. Tenemos las s\u00f3lidas habilidades de negociaci\u00f3n que necesita para asegurar el mejor resultado posible.<\/p>\n<p>Algunas lesiones tienen un tiempo de recuperaci\u00f3n corto y solo necesita buscar una compensaci\u00f3n por la visita al m\u00e9dico y algunos medicamentos. Sin embargo, si su lesi\u00f3n fue grave, es posible que deba pasar semanas o meses fuera del trabajo. Si desea volver a una vida normal, necesitar\u00e1 ayuda para obtener los beneficios.<\/p>\n<p>Las compa\u00f1\u00edas de seguros pueden complicar las cosas al:<\/p>\n<ul>\n<li>Uso de tecnicismos menores o informaci\u00f3n faltante para negar su reclamo.<\/li>\n<li>Decirle que regrese al trabajo antes de que se haya recuperado por completo<\/li>\n<li>Afirmar que su lesi\u00f3n no est\u00e1 cubierta por su pol\u00edtica.<\/li>\n<\/ul>\n<p>Los abogados de compensaci\u00f3n para trabajadores de Alpharetta saben c\u00f3mo proteger sus derechos. Conocemos todos los trucos que intentan las compa\u00f1\u00edas de seguros y sabemos c\u00f3mo responder. Podemos guiarlo a trav\u00e9s de todo el proceso de reclamos.<\/p>\n<h2>Comun\u00edquese hoy mismo con un abogado de compensaci\u00f3n para trabajadores de la Coalici\u00f3n de abogados de compensaci\u00f3n para trabajadores<\/h2>\n<p>Si se lesion\u00f3 en el trabajo o desarroll\u00f3 una enfermedad profesional, necesita asesoramiento legal. No debe demorarse en llamar a nuestro bufete de abogados y programar una consulta inicial gratuita. Tener un abogado de su lado es la mejor manera de obtener los beneficios de compensaci\u00f3n laboral que necesita. Las lesiones en el lugar de trabajo pueden cambiar el curso de su vida. Algunas personas terminan con una discapacidad permanente, mientras que otras se enfrentan a un tratamiento m\u00e9dico de por vida.<\/p>\n<p>En estas circunstancias, tratar con compa\u00f1\u00edas de seguros y abogados parecer\u00e1 abrumador. Si entrega su caso a nuestros abogados de compensaci\u00f3n para trabajadores en Alpharetta, nos encargaremos de todo. P\u00f3ngase en contacto con la Coalici\u00f3n de Abogados de Compensaci\u00f3n para Trabajadores desde el principio y nos aseguraremos de que complete el formulario de reclamaci\u00f3n correctamente. Si su reclamo fue denegado, presentaremos una apelaci\u00f3n en su nombre. Tambi\u00e9n lo representaremos en la corte si es necesario. Simplemente queremos que obtenga sus beneficios lo antes posible y vuelva a encarrilar su vida. Si perdi\u00f3 a un ser querido, queremos ayudar a aliviar las dificultades financieras que pueda estar enfrentando su hogar.<\/p>\n<p>No necesita preocuparse por c\u00f3mo nos pagar\u00e1. Trabajamos de manera contingente para que no nos pague hasta que obtengamos los beneficios que busca. No permita que la falta de fondos le impida obtener el asesoramiento que necesita. Ll\u00e1menos hoy y comencemos a trabajar en su nombre. Cuanto antes empecemos, mejor ser\u00e1 para ti.<\/p>\n","protected":false},"excerpt":{"rendered":"<p>Las personas sufren lesiones en el trabajo en Georgia todo el tiempo y algunas se enferman debido a sus deberes. La mayor\u00eda de los empleados est\u00e1n cubiertos por el seguro de compensaci\u00f3n laboral de su empleador. Sin embargo, como se habr\u00e1 dado cuenta, puede ser dif\u00edcil obtener lo que le corresponde. Es por eso que [&hellip;]<\/p>\n","protected":false},"author":45,"featured_media":32755,"parent":26581,"menu_order":0,"comment_status":"closed","ping_status":"closed","template":"","meta":{"_acf_changed":false,"rank_math_title":"","rank_math_description":"","anchor_text":"","footnotes":""},"categories":[54],"tags":[62,134],"class_list":["post-26700","page","type-page","status-publish","has-post-thumbnail","hentry","category-alpharetta-location","tag-compensacion-de-trabajadores","tag-workers-compensation-es-2"],"acf":[],"_links":{"self":[{"href":"https:\/\/workerscompensationlawyersatlanta.com\/es\/wp-json\/wp\/v2\/pages\/26700","targetHints":{"allow":["GET"]}}],"collection":[{"href":"https:\/\/workerscompensationlawyersatlanta.com\/es\/wp-json\/wp\/v2\/pages"}],"about":[{"href":"https:\/\/workerscompensationlawyersatlanta.com\/es\/wp-json\/wp\/v2\/types\/page"}],"author":[{"embeddable":true,"href":"https:\/\/workerscompensationlawyersatlanta.com\/es\/wp-json\/wp\/v2\/users\/45"}],"replies":[{"embeddable":true,"href":"https:\/\/workerscompensationlawyersatlanta.com\/es\/wp-json\/wp\/v2\/comments?post=26700"}],"version-history":[{"count":0,"href":"https:\/\/workerscompensationlawyersatlanta.com\/es\/wp-json\/wp\/v2\/pages\/26700\/revisions"}],"up":[{"embeddable":true,"href":"https:\/\/workerscompensationlawyersatlanta.com\/es\/wp-json\/wp\/v2\/pages\/26581"}],"wp:featuredmedia":[{"embeddable":true,"href":"https:\/\/workerscompensationlawyersatlanta.com\/es\/wp-json\/wp\/v2\/media\/32755"}],"wp:attachment":[{"href":"https:\/\/workerscompensationlawyersatlanta.com\/es\/wp-json\/wp\/v2\/media?parent=26700"}],"wp:term":[{"taxonomy":"category","embeddable":true,"href":"https:\/\/workerscompensationlawyersatlanta.com\/es\/wp-json\/wp\/v2\/categories?post=26700"},{"taxonomy":"post_tag","embeddable":true,"href":"https:\/\/workerscompensationlawyersatlanta.com\/es\/wp-json\/wp\/v2\/tags?post=26700"}],"curies":[{"name":"wp","href":"https:\/\/api.w.org\/{rel}","templated":true}]}}